{"id":78,"date":"2022-02-23T09:43:05","date_gmt":"2022-02-23T09:43:05","guid":{"rendered":"http:\/\/source.wpopal.com\/liftsupply\/?page_id=78"},"modified":"2023-06-02T11:32:15","modified_gmt":"2023-06-02T11:32:15","slug":"faqs","status":"publish","type":"page","link":"https:\/\/worldwide.vapes-bars.com\/sk\/faqs\/","title":{"rendered":"FAQs"},"content":{"rendered":"\t\t<div data-elementor-type=\"wp-page\" data-elementor-id=\"78\" class=\"elementor elementor-78\">\n\t\t\t\t\t\t<div class=\"elementor-section elementor-top-section elementor-element elementor-element-bc6a057 elementor-section-stretched elementor-section-boxed elementor-section-height-default elementor-section-height-default\" data-id=\"bc6a057\" data-element_type=\"section\" data-e-type=\"section\" data-settings=\"{&quot;stretch_section&quot;:&quot;section-stretched&quot;,&quot;background_background&quot;:&quot;classic&quot;}\">\n\t\t\t\t\t\t<div class=\"elementor-container elementor-column-gap-no\">\n\t\t\t\t\t<div class=\"elementor-column elementor-col-100 elementor-top-column elementor-element elementor-element-9dbde98\" data-id=\"9dbde98\" data-element_type=\"column\" data-e-type=\"column\" data-settings=\"{&quot;background_background&quot;:&quot;classic&quot;}\">\n\t\t\t<div class=\"elementor-widget-wrap elementor-element-populated\">\n\t\t\t\t\t\t<div class=\"elementor-element elementor-element-8eeba51 elementor-widget elementor-widget-heading\" data-id=\"8eeba51\" data-element_type=\"widget\" data-e-type=\"widget\" data-widget_type=\"heading.default\">\n\t\t\t\t<div class=\"elementor-widget-container\">\n\t\t\t\t\t<h2 class=\"elementor-heading-title elementor-size-default\">TU N\u00c1JDETE ODPOVEDE NA V\u0160ETKY VA\u0160E OT\u00c1ZKY<\/h2>\t\t\t\t<\/div>\n\t\t\t\t<\/div>\n\t\t\t\t<div class=\"elementor-element elementor-element-632a9ec elementor-widget elementor-widget-accordion\" data-id=\"632a9ec\" data-element_type=\"widget\" data-e-type=\"widget\" data-widget_type=\"accordion.default\">\n\t\t\t\t<div class=\"elementor-widget-container\">\n\t\t\t\t\t\t\t<div class=\"elementor-accordion\">\n\t\t\t\t\t\t\t<div class=\"elementor-accordion-item\">\n\t\t\t\t\t<div id=\"elementor-tab-title-1031\" class=\"elementor-tab-title\" data-tab=\"1\" role=\"button\" aria-controls=\"elementor-tab-content-1031\" aria-expanded=\"false\">\n\t\t\t\t\t\t\t\t\t\t\t\t\t<span class=\"elementor-accordion-icon elementor-accordion-icon-right\" aria-hidden=\"true\">\n\t\t\t\t\t\t\t\t\t\t\t\t\t\t\t<span class=\"elementor-accordion-icon-closed\"><i class=\"fas fa-chevron-down\"><\/i><\/span>\n\t\t\t\t\t\t\t\t<span class=\"elementor-accordion-icon-opened\"><i class=\"fas fa-chevron-up\"><\/i><\/span>\n\t\t\t\t\t\t\t\t\t\t\t\t\t\t<\/span>\n\t\t\t\t\t\t\t\t\t\t\t\t<a class=\"elementor-accordion-title\" tabindex=\"0\">Z AK\u00ddCH MATERI\u00c1LOV SA VYR\u00c1BAJ\u00da JEDNORAZOV\u00c9 VAPE?<\/a>\n\t\t\t\t\t<\/div>\n\t\t\t\t\t<div id=\"elementor-tab-content-1031\" class=\"elementor-tab-content elementor-clearfix\" data-tab=\"1\" role=\"region\" aria-labelledby=\"elementor-tab-title-1031\"><p>Jednorazov\u00e9 vape zvy\u010dajne maj\u00fa kovov\u00fd alebo plastov\u00fd obal, ktor\u00fd obsahuje lithium-i\u00f3nov\u00e9 bat\u00e9rie, cievky, n\u00e1dr\u017eku a LED svetlo umiestnen\u00e9 na spodku.<\/p><\/div>\n\t\t\t\t<\/div>\n\t\t\t\t\t\t\t<div class=\"elementor-accordion-item\">\n\t\t\t\t\t<div id=\"elementor-tab-title-1032\" class=\"elementor-tab-title\" data-tab=\"2\" role=\"button\" aria-controls=\"elementor-tab-content-1032\" aria-expanded=\"false\">\n\t\t\t\t\t\t\t\t\t\t\t\t\t<span class=\"elementor-accordion-icon elementor-accordion-icon-right\" aria-hidden=\"true\">\n\t\t\t\t\t\t\t\t\t\t\t\t\t\t\t<span class=\"elementor-accordion-icon-closed\"><i class=\"fas fa-chevron-down\"><\/i><\/span>\n\t\t\t\t\t\t\t\t<span class=\"elementor-accordion-icon-opened\"><i class=\"fas fa-chevron-up\"><\/i><\/span>\n\t\t\t\t\t\t\t\t\t\t\t\t\t\t<\/span>\n\t\t\t\t\t\t\t\t\t\t\t\t<a class=\"elementor-accordion-title\" tabindex=\"0\">OBSAHUJ\u00da JEDNORAZOV\u00c9 VAPE NIKOT\u00cdN?<\/a>\n\t\t\t\t\t<\/div>\n\t\t\t\t\t<div id=\"elementor-tab-content-1032\" class=\"elementor-tab-content elementor-clearfix\" data-tab=\"2\" role=\"region\" aria-labelledby=\"elementor-tab-title-1032\"><p>Jednorazov\u00e9 vape s\u00fa predplnen\u00e9 e-liquidom, ktor\u00fd obsahuje r\u00f4zne mno\u017estv\u00e1 nikot\u00ednu. Existuj\u00fa v\u0161ak aj mo\u017enosti bez nikot\u00ednu.<\/p><\/div>\n\t\t\t\t<\/div>\n\t\t\t\t\t\t\t<div class=\"elementor-accordion-item\">\n\t\t\t\t\t<div id=\"elementor-tab-title-1033\" class=\"elementor-tab-title\" data-tab=\"3\" role=\"button\" aria-controls=\"elementor-tab-content-1033\" aria-expanded=\"false\">\n\t\t\t\t\t\t\t\t\t\t\t\t\t<span class=\"elementor-accordion-icon elementor-accordion-icon-right\" aria-hidden=\"true\">\n\t\t\t\t\t\t\t\t\t\t\t\t\t\t\t<span class=\"elementor-accordion-icon-closed\"><i class=\"fas fa-chevron-down\"><\/i><\/span>\n\t\t\t\t\t\t\t\t<span class=\"elementor-accordion-icon-opened\"><i class=\"fas fa-chevron-up\"><\/i><\/span>\n\t\t\t\t\t\t\t\t\t\t\t\t\t\t<\/span>\n\t\t\t\t\t\t\t\t\t\t\t\t<a class=\"elementor-accordion-title\" tabindex=\"0\">AKO VIE\u0160, \u017dE JE JEDNORAZOV\u00c9 VAPE PR\u00c1ZDNE?<\/a>\n\t\t\t\t\t<\/div>\n\t\t\t\t\t<div id=\"elementor-tab-content-1033\" class=\"elementor-tab-content elementor-clearfix\" data-tab=\"3\" role=\"region\" aria-labelledby=\"elementor-tab-title-1033\">Ke\u010f  tvoje jednorazov\u00e9 vape prestane vytv\u00e1ra\u0165 dym a LED svetlo za\u010dne nepravidelne blika\u0165, znamen\u00e1 to, \u017ee tvoje vape je pr\u00e1zdne. Toto sa m\u00f4\u017ee sta\u0165, preto\u017ee sa minul e-liquid alebo vybila bat\u00e9ria.<\/div>\n\t\t\t\t<\/div>\n\t\t\t\t\t\t\t<div class=\"elementor-accordion-item\">\n\t\t\t\t\t<div id=\"elementor-tab-title-1034\" class=\"elementor-tab-title\" data-tab=\"4\" role=\"button\" aria-controls=\"elementor-tab-content-1034\" aria-expanded=\"false\">\n\t\t\t\t\t\t\t\t\t\t\t\t\t<span class=\"elementor-accordion-icon elementor-accordion-icon-right\" aria-hidden=\"true\">\n\t\t\t\t\t\t\t\t\t\t\t\t\t\t\t<span class=\"elementor-accordion-icon-closed\"><i class=\"fas fa-chevron-down\"><\/i><\/span>\n\t\t\t\t\t\t\t\t<span class=\"elementor-accordion-icon-opened\"><i class=\"fas fa-chevron-up\"><\/i><\/span>\n\t\t\t\t\t\t\t\t\t\t\t\t\t\t<\/span>\n\t\t\t\t\t\t\t\t\t\t\t\t<a class=\"elementor-accordion-title\" tabindex=\"0\">Z \u010cOHO SA SKLAD\u00c1 VAPE E-LIQUID?<\/a>\n\t\t\t\t\t<\/div>\n\t\t\t\t\t<div id=\"elementor-tab-content-1034\" class=\"elementor-tab-content elementor-clearfix\" data-tab=\"4\" role=\"region\" aria-labelledby=\"elementor-tab-title-1034\"><p>Vape e-liquidy sa skladaj\u00fa z \u0161tyroch z\u00e1kladn\u00fdch zlo\u017eiek, ktor\u00e9 s\u00fa potravin\u00e1rskeho a farmaceutick\u00e9ho stup\u0148a a bezpe\u010dn\u00e9 na konzum\u00e1ciu. Patria sem PG, VG, nikot\u00edn a umel\u00e9 alebo pr\u00edrodn\u00e9 pr\u00edsady na dochutenie.<\/p><\/div>\n\t\t\t\t<\/div>\n\t\t\t\t\t\t\t<div class=\"elementor-accordion-item\">\n\t\t\t\t\t<div id=\"elementor-tab-title-1035\" class=\"elementor-tab-title\" data-tab=\"5\" role=\"button\" aria-controls=\"elementor-tab-content-1035\" aria-expanded=\"false\">\n\t\t\t\t\t\t\t\t\t\t\t\t\t<span class=\"elementor-accordion-icon elementor-accordion-icon-right\" aria-hidden=\"true\">\n\t\t\t\t\t\t\t\t\t\t\t\t\t\t\t<span class=\"elementor-accordion-icon-closed\"><i class=\"fas fa-chevron-down\"><\/i><\/span>\n\t\t\t\t\t\t\t\t<span class=\"elementor-accordion-icon-opened\"><i class=\"fas fa-chevron-up\"><\/i><\/span>\n\t\t\t\t\t\t\t\t\t\t\t\t\t\t<\/span>\n\t\t\t\t\t\t\t\t\t\t\t\t<a class=\"elementor-accordion-title\" tabindex=\"0\">AKO SI VYBRA\u0164 VAPOVACIE PRODUKTY, KTOR\u00c9 S\u00da PRE M\u0147A SPR\u00c1VNE?<\/a>\n\t\t\t\t\t<\/div>\n\t\t\t\t\t<div id=\"elementor-tab-content-1035\" class=\"elementor-tab-content elementor-clearfix\" data-tab=\"5\" role=\"region\" aria-labelledby=\"elementor-tab-title-1035\">M\u00f4\u017eete si vybra\u0165 vapovacie produkty na z\u00e1klade v\u00e1\u0161ho predch\u00e1dzaj\u00faceho pr\u00edjmu nikot\u00ednu a preferencie chuti.<\/div>\n\t\t\t\t<\/div>\n\t\t\t\t\t\t\t<div class=\"elementor-accordion-item\">\n\t\t\t\t\t<div id=\"elementor-tab-title-1036\" class=\"elementor-tab-title\" data-tab=\"6\" role=\"button\" aria-controls=\"elementor-tab-content-1036\" aria-expanded=\"false\">\n\t\t\t\t\t\t\t\t\t\t\t\t\t<span class=\"elementor-accordion-icon elementor-accordion-icon-right\" aria-hidden=\"true\">\n\t\t\t\t\t\t\t\t\t\t\t\t\t\t\t<span class=\"elementor-accordion-icon-closed\"><i class=\"fas fa-chevron-down\"><\/i><\/span>\n\t\t\t\t\t\t\t\t<span class=\"elementor-accordion-icon-opened\"><i class=\"fas fa-chevron-up\"><\/i><\/span>\n\t\t\t\t\t\t\t\t\t\t\t\t\t\t<\/span>\n\t\t\t\t\t\t\t\t\t\t\t\t<a class=\"elementor-accordion-title\" tabindex=\"0\">KDE M\u00d4\u017dEM ZAK\u00daPI\u0164 PRODUKTY VAPES BARS\u00ae?<\/a>\n\t\t\t\t\t<\/div>\n\t\t\t\t\t<div id=\"elementor-tab-content-1036\" class=\"elementor-tab-content elementor-clearfix\" data-tab=\"6\" role=\"region\" aria-labelledby=\"elementor-tab-title-1036\">Naj\u0161ir\u0161iu ponuku na\u0161ich produktov, vr\u00e1tane v\u0161etk\u00fdch s\u00edl a chut\u00ed n\u00e1jdete v\u017edy na www.vapes-bars.com. Produkty m\u00f4\u017eete zak\u00fapi\u0165 aj u na\u0161ich overen\u00fdch predajcov.<\/div>\n\t\t\t\t<\/div>\n\t\t\t\t\t\t\t<div class=\"elementor-accordion-item\">\n\t\t\t\t\t<div id=\"elementor-tab-title-1037\" class=\"elementor-tab-title\" data-tab=\"7\" role=\"button\" aria-controls=\"elementor-tab-content-1037\" aria-expanded=\"false\">\n\t\t\t\t\t\t\t\t\t\t\t\t\t<span class=\"elementor-accordion-icon elementor-accordion-icon-right\" aria-hidden=\"true\">\n\t\t\t\t\t\t\t\t\t\t\t\t\t\t\t<span class=\"elementor-accordion-icon-closed\"><i class=\"fas fa-chevron-down\"><\/i><\/span>\n\t\t\t\t\t\t\t\t<span class=\"elementor-accordion-icon-opened\"><i class=\"fas fa-chevron-up\"><\/i><\/span>\n\t\t\t\t\t\t\t\t\t\t\t\t\t\t<\/span>\n\t\t\t\t\t\t\t\t\t\t\t\t<a class=\"elementor-accordion-title\" tabindex=\"0\">KDE M\u00d4\u017dEM POU\u017d\u00cdVA\u0164 MOJE VAPES BARS\u00ae VAPE ZARIADENIE ?<\/a>\n\t\t\t\t\t<\/div>\n\t\t\t\t\t<div id=\"elementor-tab-content-1037\" class=\"elementor-tab-content elementor-clearfix\" data-tab=\"7\" role=\"region\" aria-labelledby=\"elementor-tab-title-1037\">V s\u00fa\u010dasnosti neexistuj\u00fa univerz\u00e1lne z\u00e1kony, ktor\u00e9 by zakazovali pou\u017e\u00edvanie na\u0161ich produktov. Preto ich m\u00f4\u017eete pou\u017e\u00edva\u0165 v\u0161ade. Pravidl\u00e1 v \u0161pecifickej lokalite v\u0161ak m\u00f4\u017eu zakazova\u0165 ich pou\u017e\u00edvanie v niektor\u00fdch verejn\u00fdch priestoroch, ako s\u00fa re\u0161taur\u00e1cie, bary alebo kinos\u00e1ly. To je v kompetencii majite\u013ea a m\u00f4\u017ee sa l\u00ed\u0161i\u0165 pod\u013ea regi\u00f3nu.<\/div>\n\t\t\t\t<\/div>\n\t\t\t\t\t\t\t<div class=\"elementor-accordion-item\">\n\t\t\t\t\t<div id=\"elementor-tab-title-1038\" class=\"elementor-tab-title\" data-tab=\"8\" role=\"button\" aria-controls=\"elementor-tab-content-1038\" aria-expanded=\"false\">\n\t\t\t\t\t\t\t\t\t\t\t\t\t<span class=\"elementor-accordion-icon elementor-accordion-icon-right\" aria-hidden=\"true\">\n\t\t\t\t\t\t\t\t\t\t\t\t\t\t\t<span class=\"elementor-accordion-icon-closed\"><i class=\"fas fa-chevron-down\"><\/i><\/span>\n\t\t\t\t\t\t\t\t<span class=\"elementor-accordion-icon-opened\"><i class=\"fas fa-chevron-up\"><\/i><\/span>\n\t\t\t\t\t\t\t\t\t\t\t\t\t\t<\/span>\n\t\t\t\t\t\t\t\t\t\t\t\t<a class=\"elementor-accordion-title\" tabindex=\"0\">AKO STAR\u00dd\/\u00c1 MUS\u00cdM BY\u0164, ABY SOM MOHL\/A K\u00daPI\u0164 OD VAPES BARS\u00ae?<\/a>\n\t\t\t\t\t<\/div>\n\t\t\t\t\t<div id=\"elementor-tab-content-1038\" class=\"elementor-tab-content elementor-clearfix\" data-tab=\"8\" role=\"region\" aria-labelledby=\"elementor-tab-title-1038\"><p>Pod\u013ea na\u0161ich Pou\u017e\u00edvate\u013esk\u00fdch podmienok je Vapes Bars\u00ae pr\u00edsne proti marketingu a predaju na\u0161ich produktov neplnolet\u00fdm osob\u00e1m a uplat\u0148ujeme pr\u00edsnu politiku pre osoby star\u0161ie ako 18 rokov. Obmedzenie veku sa tie\u017e l\u00ed\u0161i pod\u013ea region\u00e1lneho z\u00e1kona o veku pre faj\u010denie.<\/p><\/div>\n\t\t\t\t<\/div>\n\t\t\t\t\t\t\t<div class=\"elementor-accordion-item\">\n\t\t\t\t\t<div id=\"elementor-tab-title-1039\" class=\"elementor-tab-title\" data-tab=\"9\" role=\"button\" aria-controls=\"elementor-tab-content-1039\" aria-expanded=\"false\">\n\t\t\t\t\t\t\t\t\t\t\t\t\t<span class=\"elementor-accordion-icon elementor-accordion-icon-right\" aria-hidden=\"true\">\n\t\t\t\t\t\t\t\t\t\t\t\t\t\t\t<span class=\"elementor-accordion-icon-closed\"><i class=\"fas fa-chevron-down\"><\/i><\/span>\n\t\t\t\t\t\t\t\t<span class=\"elementor-accordion-icon-opened\"><i class=\"fas fa-chevron-up\"><\/i><\/span>\n\t\t\t\t\t\t\t\t\t\t\t\t\t\t<\/span>\n\t\t\t\t\t\t\t\t\t\t\t\t<a class=\"elementor-accordion-title\" tabindex=\"0\">M\u00d4\u017dEM POU\u017d\u00cdVA\u0164 VAPINGOV\u00c9 PRODUKTY PO\u010cAS TEHOTENSTVA ALEBO DOJ\u010cENIA?<\/a>\n\t\t\t\t\t<\/div>\n\t\t\t\t\t<div id=\"elementor-tab-content-1039\" class=\"elementor-tab-content elementor-clearfix\" data-tab=\"9\" role=\"region\" aria-labelledby=\"elementor-tab-title-1039\"><p>Vapingov\u00e9 produkty by sa nemali pou\u017e\u00edva\u0165 po\u010das tehotenstva alebo doj\u010denia, preto\u017ee elektronick\u00e9 cigarety s\u00fa bat\u00e9riou poh\u00e1\u0148an\u00e9 cigarety, ktor\u00e9 premie\u0148aj\u00fa chemik\u00e1lie (vr\u00e1tane nikot\u00ednu) na paru, ktor\u00e1 sa potom vdychuje. Nikot\u00edn je n\u00e1vykov\u00fd a m\u00f4\u017ee po\u0161kodi\u0165 mozog a p\u013e\u00faca v\u00fdvojov\u00e9ho plodu. Vape m\u00f4\u017ee tie\u017e obsahova\u0165 \u010fal\u0161ie l\u00e1tky, ktor\u00e9 s\u00fa \u0161kodliv\u00e9 pre v\u00fdvojov\u00e9 plody, ako napr\u00edklad \u0165a\u017ek\u00e9 kovy, pr\u00edsady na dochutenie a l\u00e1tky sp\u00f4sobuj\u00face rakovinu.<\/p><\/div>\n\t\t\t\t<\/div>\n\t\t\t\t\t\t\t<div class=\"elementor-accordion-item\">\n\t\t\t\t\t<div id=\"elementor-tab-title-10310\" class=\"elementor-tab-title\" data-tab=\"10\" role=\"button\" aria-controls=\"elementor-tab-content-10310\" aria-expanded=\"false\">\n\t\t\t\t\t\t\t\t\t\t\t\t\t<span class=\"elementor-accordion-icon elementor-accordion-icon-right\" aria-hidden=\"true\">\n\t\t\t\t\t\t\t\t\t\t\t\t\t\t\t<span class=\"elementor-accordion-icon-closed\"><i class=\"fas fa-chevron-down\"><\/i><\/span>\n\t\t\t\t\t\t\t\t<span class=\"elementor-accordion-icon-opened\"><i class=\"fas fa-chevron-up\"><\/i><\/span>\n\t\t\t\t\t\t\t\t\t\t\t\t\t\t<\/span>\n\t\t\t\t\t\t\t\t\t\t\t\t<a class=\"elementor-accordion-title\" tabindex=\"0\">AKO SA M\u00d4\u017dEM SPOJI\u0164 S ODDELEN\u00cdM Z\u00c1KAZN\u00cdCKEJ STAROSTLIVOSTI, AK POTREBUJEM POMOC?<\/a>\n\t\t\t\t\t<\/div>\n\t\t\t\t\t<div id=\"elementor-tab-content-10310\" class=\"elementor-tab-content elementor-clearfix\" data-tab=\"10\" role=\"region\" aria-labelledby=\"elementor-tab-title-10310\">M\u00f4\u017eete n\u00e1s kontaktova\u0165 telefonicky na \u010d\u00edsle <a style=\"color: #fff;\" href=\"tel:+44 207 692 8713\">+44 207 692 8713<\/a>. N\u00e1\u0161 t\u00edm je tie\u017e k dispoz\u00edcii prostredn\u00edctvom e-mailu na adrese <a style=\"color: #fff;\" href=\"mailto:operations@vapes-bars.com\">operations@vapes-bars.com<\/a>.<\/div>\n\t\t\t\t<\/div>\n\t\t\t\t\t\t\t\t<\/div>\n\t\t\t\t\t\t<\/div>\n\t\t\t\t<\/div>\n\t\t\t\t\t<\/div>\n\t\t<\/div>\n\t\t\t\t\t<\/div>\n\t\t<\/div>\n\t\t\t\t<\/div>\n\t\t","protected":false},"excerpt":{"rendered":"<p>TU N\u00c1JDETE ODPOVEDE NA V\u0160ETKY VA\u0160E OT\u00c1ZKY Z AK\u00ddCH MATERI\u00c1LOV SA VYR\u00c1BAJ\u00da JEDNORAZOV\u00c9 VAPE? Jednorazov\u00e9 vape zvy\u010dajne maj\u00fa kovov\u00fd alebo plastov\u00fd obal, ktor\u00fd obsahuje lithium-i\u00f3nov\u00e9 bat\u00e9rie, cievky, n\u00e1dr\u017eku a LED svetlo umiestnen\u00e9 na spodku. OBSAHUJ\u00da JEDNORAZOV\u00c9 VAPE NIKOT\u00cdN? Jednorazov\u00e9 vape s\u00fa predplnen\u00e9 e-liquidom, ktor\u00fd obsahuje r\u00f4zne mno\u017estv\u00e1 nikot\u00ednu. Existuj\u00fa v\u0161ak aj mo\u017enosti bez nikot\u00ednu. AKO [&hellip;]<\/p>\n","protected":false},"author":1,"featured_media":0,"parent":0,"menu_order":0,"comment_status":"closed","ping_status":"closed","template":"template-homepage.php","meta":{"_acf_changed":false,"nf_dc_page":"","inline_featured_image":false,"footnotes":""},"class_list":["post-78","page","type-page","status-publish","hentry"],"acf":[],"yoast_head":"<!-- This site is optimized with the Yoast SEO plugin v27.3 - https:\/\/yoast.com\/product\/yoast-seo-wordpress\/ -->\n<title>FAQs - Vapes Bars | Slovakia<\/title>\n<meta name=\"robots\" content=\"index, follow, max-snippet:-1, max-image-preview:large, max-video-preview:-1\" \/>\n<link rel=\"canonical\" href=\"https:\/\/worldwide.vapes-bars.com\/sk\/faqs\/\" \/>\n<meta property=\"og:locale\" content=\"en_US\" \/>\n<meta property=\"og:type\" content=\"article\" \/>\n<meta property=\"og:title\" content=\"FAQs - Vapes Bars | Slovakia\" \/>\n<meta property=\"og:description\" content=\"TU N\u00c1JDETE ODPOVEDE NA V\u0160ETKY VA\u0160E OT\u00c1ZKY Z AK\u00ddCH MATERI\u00c1LOV SA VYR\u00c1BAJ\u00da JEDNORAZOV\u00c9 VAPE? Jednorazov\u00e9 vape zvy\u010dajne maj\u00fa kovov\u00fd alebo plastov\u00fd obal, ktor\u00fd obsahuje lithium-i\u00f3nov\u00e9 bat\u00e9rie, cievky, n\u00e1dr\u017eku a LED svetlo umiestnen\u00e9 na spodku. OBSAHUJ\u00da JEDNORAZOV\u00c9 VAPE NIKOT\u00cdN? Jednorazov\u00e9 vape s\u00fa predplnen\u00e9 e-liquidom, ktor\u00fd obsahuje r\u00f4zne mno\u017estv\u00e1 nikot\u00ednu. Existuj\u00fa v\u0161ak aj mo\u017enosti bez nikot\u00ednu. AKO [&hellip;]\" \/>\n<meta property=\"og:url\" content=\"https:\/\/worldwide.vapes-bars.com\/sk\/faqs\/\" \/>\n<meta property=\"og:site_name\" content=\"Vapes Bars | Slovakia\" \/>\n<meta property=\"article:publisher\" content=\"https:\/\/www.facebook.com\/VapesBars\" \/>\n<meta property=\"article:modified_time\" content=\"2023-06-02T11:32:15+00:00\" \/>\n<meta name=\"twitter:card\" content=\"summary_large_image\" \/>\n<meta name=\"twitter:label1\" content=\"Est. reading time\" \/>\n\t<meta name=\"twitter:data1\" content=\"2 minutes\" \/>\n<script type=\"application\/ld+json\" class=\"yoast-schema-graph\">{\"@context\":\"https:\\\/\\\/schema.org\",\"@graph\":[{\"@type\":\"WebPage\",\"@id\":\"https:\\\/\\\/worldwide.vapes-bars.com\\\/sk\\\/faqs\\\/\",\"url\":\"https:\\\/\\\/worldwide.vapes-bars.com\\\/sk\\\/faqs\\\/\",\"name\":\"FAQs - Vapes Bars | Slovakia\",\"isPartOf\":{\"@id\":\"https:\\\/\\\/worldwide.vapes-bars.com\\\/sk\\\/#website\"},\"datePublished\":\"2022-02-23T09:43:05+00:00\",\"dateModified\":\"2023-06-02T11:32:15+00:00\",\"breadcrumb\":{\"@id\":\"https:\\\/\\\/worldwide.vapes-bars.com\\\/sk\\\/faqs\\\/#breadcrumb\"},\"inLanguage\":\"en-US\",\"potentialAction\":[{\"@type\":\"ReadAction\",\"target\":[\"https:\\\/\\\/worldwide.vapes-bars.com\\\/sk\\\/faqs\\\/\"]}]},{\"@type\":\"BreadcrumbList\",\"@id\":\"https:\\\/\\\/worldwide.vapes-bars.com\\\/sk\\\/faqs\\\/#breadcrumb\",\"itemListElement\":[{\"@type\":\"ListItem\",\"position\":1,\"name\":\"Home\",\"item\":\"https:\\\/\\\/worldwide.vapes-bars.com\\\/sk\\\/\"},{\"@type\":\"ListItem\",\"position\":2,\"name\":\"FAQs\"}]},{\"@type\":\"WebSite\",\"@id\":\"https:\\\/\\\/worldwide.vapes-bars.com\\\/sk\\\/#website\",\"url\":\"https:\\\/\\\/worldwide.vapes-bars.com\\\/sk\\\/\",\"name\":\"Vapes Bars | Slovakia\",\"description\":\"Vapes Bars Worldwide\",\"publisher\":{\"@id\":\"https:\\\/\\\/worldwide.vapes-bars.com\\\/sk\\\/#organization\"},\"potentialAction\":[{\"@type\":\"SearchAction\",\"target\":{\"@type\":\"EntryPoint\",\"urlTemplate\":\"https:\\\/\\\/worldwide.vapes-bars.com\\\/sk\\\/?s={search_term_string}\"},\"query-input\":{\"@type\":\"PropertyValueSpecification\",\"valueRequired\":true,\"valueName\":\"search_term_string\"}}],\"inLanguage\":\"en-US\"},{\"@type\":\"Organization\",\"@id\":\"https:\\\/\\\/worldwide.vapes-bars.com\\\/sk\\\/#organization\",\"name\":\"Vapes Bars | Slovakia\",\"url\":\"https:\\\/\\\/worldwide.vapes-bars.com\\\/sk\\\/\",\"logo\":{\"@type\":\"ImageObject\",\"inLanguage\":\"en-US\",\"@id\":\"https:\\\/\\\/worldwide.vapes-bars.com\\\/sk\\\/#\\\/schema\\\/logo\\\/image\\\/\",\"url\":\"https:\\\/\\\/i0.wp.com\\\/aza.kpn.mybluehost.me\\\/wp-content\\\/uploads\\\/2023\\\/01\\\/VAPES_BARS_LOGO-02.png?fit=12501%2C12501&ssl=1\",\"contentUrl\":\"https:\\\/\\\/i0.wp.com\\\/aza.kpn.mybluehost.me\\\/wp-content\\\/uploads\\\/2023\\\/01\\\/VAPES_BARS_LOGO-02.png?fit=12501%2C12501&ssl=1\",\"width\":12501,\"height\":12501,\"caption\":\"Vapes Bars | Slovakia\"},\"image\":{\"@id\":\"https:\\\/\\\/worldwide.vapes-bars.com\\\/sk\\\/#\\\/schema\\\/logo\\\/image\\\/\"},\"sameAs\":[\"https:\\\/\\\/www.facebook.com\\\/VapesBars\",\"https:\\\/\\\/www.instagram.com\\\/vapesbars\\\/\",\"https:\\\/\\\/www.youtube.com\\\/channel\\\/UCl3mP7oVZyDi5BEbmLu_C3Q\"]}]}<\/script>\n<!-- \/ Yoast SEO plugin. -->","yoast_head_json":{"title":"FAQs - Vapes Bars | Slovakia","robots":{"index":"index","follow":"follow","max-snippet":"max-snippet:-1","max-image-preview":"max-image-preview:large","max-video-preview":"max-video-preview:-1"},"canonical":"https:\/\/worldwide.vapes-bars.com\/sk\/faqs\/","og_locale":"en_US","og_type":"article","og_title":"FAQs - Vapes Bars | Slovakia","og_description":"TU N\u00c1JDETE ODPOVEDE NA V\u0160ETKY VA\u0160E OT\u00c1ZKY Z AK\u00ddCH MATERI\u00c1LOV SA VYR\u00c1BAJ\u00da JEDNORAZOV\u00c9 VAPE? Jednorazov\u00e9 vape zvy\u010dajne maj\u00fa kovov\u00fd alebo plastov\u00fd obal, ktor\u00fd obsahuje lithium-i\u00f3nov\u00e9 bat\u00e9rie, cievky, n\u00e1dr\u017eku a LED svetlo umiestnen\u00e9 na spodku. OBSAHUJ\u00da JEDNORAZOV\u00c9 VAPE NIKOT\u00cdN? Jednorazov\u00e9 vape s\u00fa predplnen\u00e9 e-liquidom, ktor\u00fd obsahuje r\u00f4zne mno\u017estv\u00e1 nikot\u00ednu. Existuj\u00fa v\u0161ak aj mo\u017enosti bez nikot\u00ednu. AKO [&hellip;]","og_url":"https:\/\/worldwide.vapes-bars.com\/sk\/faqs\/","og_site_name":"Vapes Bars | Slovakia","article_publisher":"https:\/\/www.facebook.com\/VapesBars","article_modified_time":"2023-06-02T11:32:15+00:00","twitter_card":"summary_large_image","twitter_misc":{"Est. reading time":"2 minutes"},"schema":{"@context":"https:\/\/schema.org","@graph":[{"@type":"WebPage","@id":"https:\/\/worldwide.vapes-bars.com\/sk\/faqs\/","url":"https:\/\/worldwide.vapes-bars.com\/sk\/faqs\/","name":"FAQs - Vapes Bars | Slovakia","isPartOf":{"@id":"https:\/\/worldwide.vapes-bars.com\/sk\/#website"},"datePublished":"2022-02-23T09:43:05+00:00","dateModified":"2023-06-02T11:32:15+00:00","breadcrumb":{"@id":"https:\/\/worldwide.vapes-bars.com\/sk\/faqs\/#breadcrumb"},"inLanguage":"en-US","potentialAction":[{"@type":"ReadAction","target":["https:\/\/worldwide.vapes-bars.com\/sk\/faqs\/"]}]},{"@type":"BreadcrumbList","@id":"https:\/\/worldwide.vapes-bars.com\/sk\/faqs\/#breadcrumb","itemListElement":[{"@type":"ListItem","position":1,"name":"Home","item":"https:\/\/worldwide.vapes-bars.com\/sk\/"},{"@type":"ListItem","position":2,"name":"FAQs"}]},{"@type":"WebSite","@id":"https:\/\/worldwide.vapes-bars.com\/sk\/#website","url":"https:\/\/worldwide.vapes-bars.com\/sk\/","name":"Vapes Bars | Slovakia","description":"Vapes Bars Worldwide","publisher":{"@id":"https:\/\/worldwide.vapes-bars.com\/sk\/#organization"},"potentialAction":[{"@type":"SearchAction","target":{"@type":"EntryPoint","urlTemplate":"https:\/\/worldwide.vapes-bars.com\/sk\/?s={search_term_string}"},"query-input":{"@type":"PropertyValueSpecification","valueRequired":true,"valueName":"search_term_string"}}],"inLanguage":"en-US"},{"@type":"Organization","@id":"https:\/\/worldwide.vapes-bars.com\/sk\/#organization","name":"Vapes Bars | Slovakia","url":"https:\/\/worldwide.vapes-bars.com\/sk\/","logo":{"@type":"ImageObject","inLanguage":"en-US","@id":"https:\/\/worldwide.vapes-bars.com\/sk\/#\/schema\/logo\/image\/","url":"https:\/\/i0.wp.com\/aza.kpn.mybluehost.me\/wp-content\/uploads\/2023\/01\/VAPES_BARS_LOGO-02.png?fit=12501%2C12501&ssl=1","contentUrl":"https:\/\/i0.wp.com\/aza.kpn.mybluehost.me\/wp-content\/uploads\/2023\/01\/VAPES_BARS_LOGO-02.png?fit=12501%2C12501&ssl=1","width":12501,"height":12501,"caption":"Vapes Bars | Slovakia"},"image":{"@id":"https:\/\/worldwide.vapes-bars.com\/sk\/#\/schema\/logo\/image\/"},"sameAs":["https:\/\/www.facebook.com\/VapesBars","https:\/\/www.instagram.com\/vapesbars\/","https:\/\/www.youtube.com\/channel\/UCl3mP7oVZyDi5BEbmLu_C3Q"]}]}},"_links":{"self":[{"href":"https:\/\/worldwide.vapes-bars.com\/sk\/wp-json\/wp\/v2\/pages\/78","targetHints":{"allow":["GET"]}}],"collection":[{"href":"https:\/\/worldwide.vapes-bars.com\/sk\/wp-json\/wp\/v2\/pages"}],"about":[{"href":"https:\/\/worldwide.vapes-bars.com\/sk\/wp-json\/wp\/v2\/types\/page"}],"author":[{"embeddable":true,"href":"https:\/\/worldwide.vapes-bars.com\/sk\/wp-json\/wp\/v2\/users\/1"}],"replies":[{"embeddable":true,"href":"https:\/\/worldwide.vapes-bars.com\/sk\/wp-json\/wp\/v2\/comments?post=78"}],"version-history":[{"count":40,"href":"https:\/\/worldwide.vapes-bars.com\/sk\/wp-json\/wp\/v2\/pages\/78\/revisions"}],"predecessor-version":[{"id":12406,"href":"https:\/\/worldwide.vapes-bars.com\/sk\/wp-json\/wp\/v2\/pages\/78\/revisions\/12406"}],"wp:attachment":[{"href":"https:\/\/worldwide.vapes-bars.com\/sk\/wp-json\/wp\/v2\/media?parent=78"}],"curies":[{"name":"wp","href":"https:\/\/api.w.org\/{rel}","templated":true}]}}