{"id":10705,"date":"2023-04-27T10:06:40","date_gmt":"2023-04-27T10:06:40","guid":{"rendered":"https:\/\/aza.kpn.mybluehost.me\/?page_id=10705"},"modified":"2023-06-02T06:44:20","modified_gmt":"2023-06-02T06:44:20","slug":"the-story-of-us-with-a-twist","status":"publish","type":"page","link":"https:\/\/worldwide.vapes-bars.com\/sk\/the-story-of-us-with-a-twist\/","title":{"rendered":"N\u00e1\u0161 Pr\u00edbeh, S Prekvapen\u00edm"},"content":{"rendered":"\t\t<div data-elementor-type=\"wp-page\" data-elementor-id=\"10705\" class=\"elementor elementor-10705\">\n\t\t\t\t\t\t<section class=\"elementor-section elementor-top-section elementor-element elementor-element-362ee35 elementor-section-full_width elementor-section-stretched elementor-section-height-default elementor-section-height-default\" data-id=\"362ee35\" data-element_type=\"section\" data-e-type=\"section\" data-settings=\"{&quot;stretch_section&quot;:&quot;section-stretched&quot;,&quot;background_background&quot;:&quot;classic&quot;}\">\n\t\t\t\t\t\t<div class=\"elementor-container elementor-column-gap-no\">\n\t\t\t\t\t<div class=\"elementor-column elementor-col-100 elementor-top-column elementor-element elementor-element-ffef3ae\" data-id=\"ffef3ae\" data-element_type=\"column\" data-e-type=\"column\">\n\t\t\t<div class=\"elementor-widget-wrap elementor-element-populated\">\n\t\t\t\t\t\t<section class=\"elementor-section elementor-inner-section elementor-element elementor-element-7005c83 elementor-section-boxed elementor-section-height-default elementor-section-height-default\" data-id=\"7005c83\" data-element_type=\"section\" data-e-type=\"section\">\n\t\t\t\t\t\t<div class=\"elementor-container elementor-column-gap-default\">\n\t\t\t\t\t<div class=\"elementor-column elementor-col-100 elementor-inner-column elementor-element elementor-element-f97fb8a\" data-id=\"f97fb8a\" data-element_type=\"column\" data-e-type=\"column\">\n\t\t\t<div class=\"elementor-widget-wrap elementor-element-populated\">\n\t\t\t\t\t\t<div class=\"elementor-element elementor-element-f17bc4d elementor-widget elementor-widget-heading\" data-id=\"f17bc4d\" data-element_type=\"widget\" data-e-type=\"widget\" data-widget_type=\"heading.default\">\n\t\t\t\t<div class=\"elementor-widget-container\">\n\t\t\t\t\t<h2 class=\"elementor-heading-title elementor-size-default\">N\u00e1\u0161 Pr\u00edbeh, <\/br>S Prekvapen\u00edm<\/h2>\t\t\t\t<\/div>\n\t\t\t\t<\/div>\n\t\t\t\t\t<\/div>\n\t\t<\/div>\n\t\t\t\t\t<\/div>\n\t\t<\/section>\n\t\t\t\t\t<\/div>\n\t\t<\/div>\n\t\t\t\t\t<\/div>\n\t\t<\/section>\n\t\t\t\t<section class=\"elementor-section elementor-top-section elementor-element elementor-element-1736ddb elementor-section-full_width elementor-section-content-middle elementor-section-stretched elementor-section-height-default elementor-section-height-default\" data-id=\"1736ddb\" data-element_type=\"section\" data-e-type=\"section\" data-settings=\"{&quot;stretch_section&quot;:&quot;section-stretched&quot;,&quot;background_background&quot;:&quot;classic&quot;}\">\n\t\t\t\t\t\t<div class=\"elementor-container elementor-column-gap-no\">\n\t\t\t\t\t<div class=\"elementor-column elementor-col-50 elementor-top-column elementor-element elementor-element-2977d92\" data-id=\"2977d92\" data-element_type=\"column\" data-e-type=\"column\">\n\t\t\t<div class=\"elementor-widget-wrap\">\n\t\t\t\t\t\t\t<\/div>\n\t\t<\/div>\n\t\t\t\t<div class=\"elementor-column elementor-col-50 elementor-top-column elementor-element elementor-element-a8f9efa\" data-id=\"a8f9efa\" data-element_type=\"column\" data-e-type=\"column\">\n\t\t\t<div class=\"elementor-widget-wrap elementor-element-populated\">\n\t\t\t\t\t\t<div class=\"elementor-element elementor-element-f054b6b elementor-widget elementor-widget-heading\" data-id=\"f054b6b\" data-element_type=\"widget\" data-e-type=\"widget\" data-widget_type=\"heading.default\">\n\t\t\t\t<div class=\"elementor-widget-container\">\n\t\t\t\t\t<h2 class=\"elementor-heading-title elementor-size-default\">ODVAHA. KREAT\u00cdVNOS\u0164. NEOBMEDZENOS\u0164<\/h2>\t\t\t\t<\/div>\n\t\t\t\t<\/div>\n\t\t\t\t<div class=\"elementor-element elementor-element-f0b9653 elementor-widget elementor-widget-text-editor\" data-id=\"f0b9653\" data-element_type=\"widget\" data-e-type=\"widget\" data-widget_type=\"text-editor.default\">\n\t\t\t\t<div class=\"elementor-widget-container\">\n\t\t\t\t\t\t\t\t\t<p>N\u00e1\u0161 pr\u00edbeh je skuto\u010dne pr\u00edbehom skupiny v\u00e1\u0161niv\u00fdch jednotlivcov, ktor\u00ed sa spojili so spolo\u010dnou l\u00e1skou k vapingu a s v\u00edziou vytvori\u0165 nie\u010do naozaj \u0161peci\u00e1lne. Vlo\u017eili sme do toho na\u0161e srdcia a du\u0161e, aby sme vyvinuli nov\u00e9 a vzru\u0161uj\u00face chute, neust\u00e1le presahuj\u00fac limity toho, \u010do bolo mo\u017en\u00e9 vo svete vapingu.<\/p><p>Ako sme r\u00e1stli, zostali sme oddan\u00ed na\u0161im z\u00e1kladn\u00fdm hodnot\u00e1m kvality, inov\u00e1ci\u00ed a spokojnosti z\u00e1kazn\u00edkov. Chceli sme vytvori\u0165 nielen produkty, ale aj komunitu rovnako zm\u00fd\u0161\u013eaj\u00facich vaperov, ktor\u00ed s nami zdie\u013eaj\u00fa v\u00e1\u0161e\u0148 pre objavovanie a experimentovanie. A presne to sme urobili.<\/p><p>Dnes sme l\u00eddrom na svetovom trhu vapovacieho priemyslu a m\u00e1me siln\u00fa pr\u00edtomnos\u0165 vo viac ako 50 krajin\u00e1ch. Ale nikdy nezab\u00fadame na na\u0161e korene &#8211; n\u00e1\u0161 pr\u00edbeh je skuto\u010dne pr\u00edbehom skupiny priate\u013eov, ktor\u00ed svoju l\u00e1sku k vapingu pretvorili do nie\u010doho naozaj v\u00fdnimo\u010dn\u00e9ho.<\/p><p>Dnes sa Vapes Bars\u00ae stal celosvetovou senz\u00e1ciou. Ale n\u00e1\u0161 pr\u00edbeh e\u0161te z\u010faleka neskon\u010dil &#8211; neust\u00e1le sa sna\u017e\u00edme prich\u00e1dza\u0165 s nov\u00fdmi a vzru\u0161uj\u00facimi produktmi, ktor\u00e9 bud\u00fa \u010falej in\u0161pirova\u0165 vaperov po celom svete.<\/p>\t\t\t\t\t\t\t\t<\/div>\n\t\t\t\t<\/div>\n\t\t\t\t<div class=\"elementor-element elementor-element-217c9f6 elementor-widget elementor-widget-heading\" data-id=\"217c9f6\" data-element_type=\"widget\" data-e-type=\"widget\" data-widget_type=\"heading.default\">\n\t\t\t\t<div class=\"elementor-widget-container\">\n\t\t\t\t\t<h3 class=\"elementor-heading-title elementor-size-default\">Vapujme si cestu k vzru\u0161uj\u00facej\u0161ej a chutnej\u0161ej bud\u00facnosti!<\/h3>\t\t\t\t<\/div>\n\t\t\t\t<\/div>\n\t\t\t\t\t<\/div>\n\t\t<\/div>\n\t\t\t\t\t<\/div>\n\t\t<\/section>\n\t\t\t\t<\/div>\n\t\t","protected":false},"excerpt":{"rendered":"<p>N\u00e1\u0161 Pr\u00edbeh, S Prekvapen\u00edm ODVAHA. KREAT\u00cdVNOS\u0164. NEOBMEDZENOS\u0164 N\u00e1\u0161 pr\u00edbeh je skuto\u010dne pr\u00edbehom skupiny v\u00e1\u0161niv\u00fdch jednotlivcov, ktor\u00ed sa spojili so spolo\u010dnou l\u00e1skou k vapingu a s v\u00edziou vytvori\u0165 nie\u010do naozaj \u0161peci\u00e1lne. Vlo\u017eili sme do toho na\u0161e srdcia a du\u0161e, aby sme vyvinuli nov\u00e9 a vzru\u0161uj\u00face chute, neust\u00e1le presahuj\u00fac limity toho, \u010do bolo mo\u017en\u00e9 vo svete vapingu. [&hellip;]<\/p>\n","protected":false},"author":2,"featured_media":0,"parent":0,"menu_order":0,"comment_status":"closed","ping_status":"closed","template":"template-homepage.php","meta":{"_acf_changed":false,"nf_dc_page":"","inline_featured_image":false,"footnotes":""},"class_list":["post-10705","page","type-page","status-publish","hentry"],"acf":[],"yoast_head":"<!-- This site is optimized with the Yoast SEO plugin v27.3 - https:\/\/yoast.com\/product\/yoast-seo-wordpress\/ -->\n<title>N\u00e1\u0161 Pr\u00edbeh, S Prekvapen\u00edm - Vapes Bars | Slovakia<\/title>\n<meta name=\"robots\" content=\"index, follow, max-snippet:-1, max-image-preview:large, max-video-preview:-1\" \/>\n<link rel=\"canonical\" href=\"https:\/\/worldwide.vapes-bars.com\/sk\/the-story-of-us-with-a-twist\/\" \/>\n<meta property=\"og:locale\" content=\"en_US\" \/>\n<meta property=\"og:type\" content=\"article\" \/>\n<meta property=\"og:title\" content=\"N\u00e1\u0161 Pr\u00edbeh, S Prekvapen\u00edm - Vapes Bars | Slovakia\" \/>\n<meta property=\"og:description\" content=\"N\u00e1\u0161 Pr\u00edbeh, S Prekvapen\u00edm ODVAHA. KREAT\u00cdVNOS\u0164. NEOBMEDZENOS\u0164 N\u00e1\u0161 pr\u00edbeh je skuto\u010dne pr\u00edbehom skupiny v\u00e1\u0161niv\u00fdch jednotlivcov, ktor\u00ed sa spojili so spolo\u010dnou l\u00e1skou k vapingu a s v\u00edziou vytvori\u0165 nie\u010do naozaj \u0161peci\u00e1lne. Vlo\u017eili sme do toho na\u0161e srdcia a du\u0161e, aby sme vyvinuli nov\u00e9 a vzru\u0161uj\u00face chute, neust\u00e1le presahuj\u00fac limity toho, \u010do bolo mo\u017en\u00e9 vo svete vapingu. [&hellip;]\" \/>\n<meta property=\"og:url\" content=\"https:\/\/worldwide.vapes-bars.com\/sk\/the-story-of-us-with-a-twist\/\" \/>\n<meta property=\"og:site_name\" content=\"Vapes Bars | Slovakia\" \/>\n<meta property=\"article:publisher\" content=\"https:\/\/www.facebook.com\/VapesBars\" \/>\n<meta property=\"article:modified_time\" content=\"2023-06-02T06:44:20+00:00\" \/>\n<meta property=\"og:image\" content=\"https:\/\/aza.kpn.mybluehost.me\/sk\/wp-content\/uploads\/2023\/04\/9-EDITED-scaled.jpg\" \/>\n<meta name=\"twitter:card\" content=\"summary_large_image\" \/>\n<meta name=\"twitter:label1\" content=\"Est. reading time\" \/>\n\t<meta name=\"twitter:data1\" content=\"2 minutes\" \/>\n<script type=\"application\/ld+json\" class=\"yoast-schema-graph\">{\"@context\":\"https:\\\/\\\/schema.org\",\"@graph\":[{\"@type\":\"WebPage\",\"@id\":\"https:\\\/\\\/worldwide.vapes-bars.com\\\/sk\\\/the-story-of-us-with-a-twist\\\/\",\"url\":\"https:\\\/\\\/worldwide.vapes-bars.com\\\/sk\\\/the-story-of-us-with-a-twist\\\/\",\"name\":\"N\u00e1\u0161 Pr\u00edbeh, S Prekvapen\u00edm - Vapes Bars | Slovakia\",\"isPartOf\":{\"@id\":\"https:\\\/\\\/worldwide.vapes-bars.com\\\/sk\\\/#website\"},\"primaryImageOfPage\":{\"@id\":\"https:\\\/\\\/worldwide.vapes-bars.com\\\/sk\\\/the-story-of-us-with-a-twist\\\/#primaryimage\"},\"image\":{\"@id\":\"https:\\\/\\\/worldwide.vapes-bars.com\\\/sk\\\/the-story-of-us-with-a-twist\\\/#primaryimage\"},\"thumbnailUrl\":\"https:\\\/\\\/aza.kpn.mybluehost.me\\\/sk\\\/wp-content\\\/uploads\\\/2023\\\/04\\\/9-EDITED-scaled.jpg\",\"datePublished\":\"2023-04-27T10:06:40+00:00\",\"dateModified\":\"2023-06-02T06:44:20+00:00\",\"breadcrumb\":{\"@id\":\"https:\\\/\\\/worldwide.vapes-bars.com\\\/sk\\\/the-story-of-us-with-a-twist\\\/#breadcrumb\"},\"inLanguage\":\"en-US\",\"potentialAction\":[{\"@type\":\"ReadAction\",\"target\":[\"https:\\\/\\\/worldwide.vapes-bars.com\\\/sk\\\/the-story-of-us-with-a-twist\\\/\"]}]},{\"@type\":\"ImageObject\",\"inLanguage\":\"en-US\",\"@id\":\"https:\\\/\\\/worldwide.vapes-bars.com\\\/sk\\\/the-story-of-us-with-a-twist\\\/#primaryimage\",\"url\":\"https:\\\/\\\/aza.kpn.mybluehost.me\\\/sk\\\/wp-content\\\/uploads\\\/2023\\\/04\\\/9-EDITED-scaled.jpg\",\"contentUrl\":\"https:\\\/\\\/aza.kpn.mybluehost.me\\\/sk\\\/wp-content\\\/uploads\\\/2023\\\/04\\\/9-EDITED-scaled.jpg\"},{\"@type\":\"BreadcrumbList\",\"@id\":\"https:\\\/\\\/worldwide.vapes-bars.com\\\/sk\\\/the-story-of-us-with-a-twist\\\/#breadcrumb\",\"itemListElement\":[{\"@type\":\"ListItem\",\"position\":1,\"name\":\"Home\",\"item\":\"https:\\\/\\\/worldwide.vapes-bars.com\\\/sk\\\/\"},{\"@type\":\"ListItem\",\"position\":2,\"name\":\"N\u00e1\u0161 Pr\u00edbeh, S Prekvapen\u00edm\"}]},{\"@type\":\"WebSite\",\"@id\":\"https:\\\/\\\/worldwide.vapes-bars.com\\\/sk\\\/#website\",\"url\":\"https:\\\/\\\/worldwide.vapes-bars.com\\\/sk\\\/\",\"name\":\"Vapes Bars | Slovakia\",\"description\":\"Vapes Bars Worldwide\",\"publisher\":{\"@id\":\"https:\\\/\\\/worldwide.vapes-bars.com\\\/sk\\\/#organization\"},\"potentialAction\":[{\"@type\":\"SearchAction\",\"target\":{\"@type\":\"EntryPoint\",\"urlTemplate\":\"https:\\\/\\\/worldwide.vapes-bars.com\\\/sk\\\/?s={search_term_string}\"},\"query-input\":{\"@type\":\"PropertyValueSpecification\",\"valueRequired\":true,\"valueName\":\"search_term_string\"}}],\"inLanguage\":\"en-US\"},{\"@type\":\"Organization\",\"@id\":\"https:\\\/\\\/worldwide.vapes-bars.com\\\/sk\\\/#organization\",\"name\":\"Vapes Bars | Slovakia\",\"url\":\"https:\\\/\\\/worldwide.vapes-bars.com\\\/sk\\\/\",\"logo\":{\"@type\":\"ImageObject\",\"inLanguage\":\"en-US\",\"@id\":\"https:\\\/\\\/worldwide.vapes-bars.com\\\/sk\\\/#\\\/schema\\\/logo\\\/image\\\/\",\"url\":\"https:\\\/\\\/i0.wp.com\\\/aza.kpn.mybluehost.me\\\/wp-content\\\/uploads\\\/2023\\\/01\\\/VAPES_BARS_LOGO-02.png?fit=12501%2C12501&ssl=1\",\"contentUrl\":\"https:\\\/\\\/i0.wp.com\\\/aza.kpn.mybluehost.me\\\/wp-content\\\/uploads\\\/2023\\\/01\\\/VAPES_BARS_LOGO-02.png?fit=12501%2C12501&ssl=1\",\"width\":12501,\"height\":12501,\"caption\":\"Vapes Bars | Slovakia\"},\"image\":{\"@id\":\"https:\\\/\\\/worldwide.vapes-bars.com\\\/sk\\\/#\\\/schema\\\/logo\\\/image\\\/\"},\"sameAs\":[\"https:\\\/\\\/www.facebook.com\\\/VapesBars\",\"https:\\\/\\\/www.instagram.com\\\/vapesbars\\\/\",\"https:\\\/\\\/www.youtube.com\\\/channel\\\/UCl3mP7oVZyDi5BEbmLu_C3Q\"]}]}<\/script>\n<!-- \/ Yoast SEO plugin. -->","yoast_head_json":{"title":"N\u00e1\u0161 Pr\u00edbeh, S Prekvapen\u00edm - Vapes Bars | Slovakia","robots":{"index":"index","follow":"follow","max-snippet":"max-snippet:-1","max-image-preview":"max-image-preview:large","max-video-preview":"max-video-preview:-1"},"canonical":"https:\/\/worldwide.vapes-bars.com\/sk\/the-story-of-us-with-a-twist\/","og_locale":"en_US","og_type":"article","og_title":"N\u00e1\u0161 Pr\u00edbeh, S Prekvapen\u00edm - Vapes Bars | Slovakia","og_description":"N\u00e1\u0161 Pr\u00edbeh, S Prekvapen\u00edm ODVAHA. KREAT\u00cdVNOS\u0164. NEOBMEDZENOS\u0164 N\u00e1\u0161 pr\u00edbeh je skuto\u010dne pr\u00edbehom skupiny v\u00e1\u0161niv\u00fdch jednotlivcov, ktor\u00ed sa spojili so spolo\u010dnou l\u00e1skou k vapingu a s v\u00edziou vytvori\u0165 nie\u010do naozaj \u0161peci\u00e1lne. Vlo\u017eili sme do toho na\u0161e srdcia a du\u0161e, aby sme vyvinuli nov\u00e9 a vzru\u0161uj\u00face chute, neust\u00e1le presahuj\u00fac limity toho, \u010do bolo mo\u017en\u00e9 vo svete vapingu. [&hellip;]","og_url":"https:\/\/worldwide.vapes-bars.com\/sk\/the-story-of-us-with-a-twist\/","og_site_name":"Vapes Bars | Slovakia","article_publisher":"https:\/\/www.facebook.com\/VapesBars","article_modified_time":"2023-06-02T06:44:20+00:00","og_image":[{"url":"https:\/\/aza.kpn.mybluehost.me\/sk\/wp-content\/uploads\/2023\/04\/9-EDITED-scaled.jpg","type":"","width":"","height":""}],"twitter_card":"summary_large_image","twitter_misc":{"Est. reading time":"2 minutes"},"schema":{"@context":"https:\/\/schema.org","@graph":[{"@type":"WebPage","@id":"https:\/\/worldwide.vapes-bars.com\/sk\/the-story-of-us-with-a-twist\/","url":"https:\/\/worldwide.vapes-bars.com\/sk\/the-story-of-us-with-a-twist\/","name":"N\u00e1\u0161 Pr\u00edbeh, S Prekvapen\u00edm - Vapes Bars | Slovakia","isPartOf":{"@id":"https:\/\/worldwide.vapes-bars.com\/sk\/#website"},"primaryImageOfPage":{"@id":"https:\/\/worldwide.vapes-bars.com\/sk\/the-story-of-us-with-a-twist\/#primaryimage"},"image":{"@id":"https:\/\/worldwide.vapes-bars.com\/sk\/the-story-of-us-with-a-twist\/#primaryimage"},"thumbnailUrl":"https:\/\/aza.kpn.mybluehost.me\/sk\/wp-content\/uploads\/2023\/04\/9-EDITED-scaled.jpg","datePublished":"2023-04-27T10:06:40+00:00","dateModified":"2023-06-02T06:44:20+00:00","breadcrumb":{"@id":"https:\/\/worldwide.vapes-bars.com\/sk\/the-story-of-us-with-a-twist\/#breadcrumb"},"inLanguage":"en-US","potentialAction":[{"@type":"ReadAction","target":["https:\/\/worldwide.vapes-bars.com\/sk\/the-story-of-us-with-a-twist\/"]}]},{"@type":"ImageObject","inLanguage":"en-US","@id":"https:\/\/worldwide.vapes-bars.com\/sk\/the-story-of-us-with-a-twist\/#primaryimage","url":"https:\/\/aza.kpn.mybluehost.me\/sk\/wp-content\/uploads\/2023\/04\/9-EDITED-scaled.jpg","contentUrl":"https:\/\/aza.kpn.mybluehost.me\/sk\/wp-content\/uploads\/2023\/04\/9-EDITED-scaled.jpg"},{"@type":"BreadcrumbList","@id":"https:\/\/worldwide.vapes-bars.com\/sk\/the-story-of-us-with-a-twist\/#breadcrumb","itemListElement":[{"@type":"ListItem","position":1,"name":"Home","item":"https:\/\/worldwide.vapes-bars.com\/sk\/"},{"@type":"ListItem","position":2,"name":"N\u00e1\u0161 Pr\u00edbeh, S Prekvapen\u00edm"}]},{"@type":"WebSite","@id":"https:\/\/worldwide.vapes-bars.com\/sk\/#website","url":"https:\/\/worldwide.vapes-bars.com\/sk\/","name":"Vapes Bars | Slovakia","description":"Vapes Bars Worldwide","publisher":{"@id":"https:\/\/worldwide.vapes-bars.com\/sk\/#organization"},"potentialAction":[{"@type":"SearchAction","target":{"@type":"EntryPoint","urlTemplate":"https:\/\/worldwide.vapes-bars.com\/sk\/?s={search_term_string}"},"query-input":{"@type":"PropertyValueSpecification","valueRequired":true,"valueName":"search_term_string"}}],"inLanguage":"en-US"},{"@type":"Organization","@id":"https:\/\/worldwide.vapes-bars.com\/sk\/#organization","name":"Vapes Bars | Slovakia","url":"https:\/\/worldwide.vapes-bars.com\/sk\/","logo":{"@type":"ImageObject","inLanguage":"en-US","@id":"https:\/\/worldwide.vapes-bars.com\/sk\/#\/schema\/logo\/image\/","url":"https:\/\/i0.wp.com\/aza.kpn.mybluehost.me\/wp-content\/uploads\/2023\/01\/VAPES_BARS_LOGO-02.png?fit=12501%2C12501&ssl=1","contentUrl":"https:\/\/i0.wp.com\/aza.kpn.mybluehost.me\/wp-content\/uploads\/2023\/01\/VAPES_BARS_LOGO-02.png?fit=12501%2C12501&ssl=1","width":12501,"height":12501,"caption":"Vapes Bars | Slovakia"},"image":{"@id":"https:\/\/worldwide.vapes-bars.com\/sk\/#\/schema\/logo\/image\/"},"sameAs":["https:\/\/www.facebook.com\/VapesBars","https:\/\/www.instagram.com\/vapesbars\/","https:\/\/www.youtube.com\/channel\/UCl3mP7oVZyDi5BEbmLu_C3Q"]}]}},"_links":{"self":[{"href":"https:\/\/worldwide.vapes-bars.com\/sk\/wp-json\/wp\/v2\/pages\/10705","targetHints":{"allow":["GET"]}}],"collection":[{"href":"https:\/\/worldwide.vapes-bars.com\/sk\/wp-json\/wp\/v2\/pages"}],"about":[{"href":"https:\/\/worldwide.vapes-bars.com\/sk\/wp-json\/wp\/v2\/types\/page"}],"author":[{"embeddable":true,"href":"https:\/\/worldwide.vapes-bars.com\/sk\/wp-json\/wp\/v2\/users\/2"}],"replies":[{"embeddable":true,"href":"https:\/\/worldwide.vapes-bars.com\/sk\/wp-json\/wp\/v2\/comments?post=10705"}],"version-history":[{"count":40,"href":"https:\/\/worldwide.vapes-bars.com\/sk\/wp-json\/wp\/v2\/pages\/10705\/revisions"}],"predecessor-version":[{"id":12367,"href":"https:\/\/worldwide.vapes-bars.com\/sk\/wp-json\/wp\/v2\/pages\/10705\/revisions\/12367"}],"wp:attachment":[{"href":"https:\/\/worldwide.vapes-bars.com\/sk\/wp-json\/wp\/v2\/media?parent=10705"}],"curies":[{"name":"wp","href":"https:\/\/api.w.org\/{rel}","templated":true}]}}