{"id":10748,"date":"2023-04-27T11:55:29","date_gmt":"2023-04-27T11:55:29","guid":{"rendered":"https:\/\/aza.kpn.mybluehost.me\/?page_id=10748"},"modified":"2024-01-19T06:35:12","modified_gmt":"2024-01-19T06:35:12","slug":"hear-it-from-the-vapers-themselves","status":"publish","type":"page","link":"https:\/\/worldwide.vapes-bars.com\/si\/hear-it-from-the-vapers-themselves\/","title":{"rendered":"Poslu\u0161ajte, Kaj Sami Vaperji Pravijo"},"content":{"rendered":"\t\t<div data-elementor-type=\"wp-page\" data-elementor-id=\"10748\" class=\"elementor elementor-10748\">\n\t\t\t\t\t\t<section class=\"elementor-section elementor-top-section elementor-element elementor-element-f5c658a elementor-section-full_width elementor-section-stretched elementor-section-height-default elementor-section-height-default\" data-id=\"f5c658a\" data-element_type=\"section\" data-e-type=\"section\" data-settings=\"{&quot;stretch_section&quot;:&quot;section-stretched&quot;,&quot;background_background&quot;:&quot;classic&quot;}\">\n\t\t\t\t\t\t<div class=\"elementor-container elementor-column-gap-no\">\n\t\t\t\t\t<div class=\"elementor-column elementor-col-100 elementor-top-column elementor-element elementor-element-303c8bd\" data-id=\"303c8bd\" data-element_type=\"column\" data-e-type=\"column\">\n\t\t\t<div class=\"elementor-widget-wrap elementor-element-populated\">\n\t\t\t\t\t\t<section class=\"elementor-section elementor-inner-section elementor-element elementor-element-490ac79 elementor-section-boxed elementor-section-height-default elementor-section-height-default\" data-id=\"490ac79\" data-element_type=\"section\" data-e-type=\"section\">\n\t\t\t\t\t\t<div class=\"elementor-container elementor-column-gap-default\">\n\t\t\t\t\t<div class=\"elementor-column elementor-col-100 elementor-inner-column elementor-element elementor-element-06038ce\" data-id=\"06038ce\" data-element_type=\"column\" data-e-type=\"column\">\n\t\t\t<div class=\"elementor-widget-wrap elementor-element-populated\">\n\t\t\t\t\t\t<div class=\"elementor-element elementor-element-27cfaf9 elementor-widget elementor-widget-heading\" data-id=\"27cfaf9\" data-element_type=\"widget\" data-e-type=\"widget\" data-widget_type=\"heading.default\">\n\t\t\t\t<div class=\"elementor-widget-container\">\n\t\t\t\t\t<h1 class=\"elementor-heading-title elementor-size-default\">Poslu\u0161ajte, Kaj Sami Vaperji Pravijo<\/h1>\t\t\t\t<\/div>\n\t\t\t\t<\/div>\n\t\t\t\t\t<\/div>\n\t\t<\/div>\n\t\t\t\t\t<\/div>\n\t\t<\/section>\n\t\t\t\t<section class=\"elementor-section elementor-inner-section elementor-element elementor-element-f071da8 elementor-section-full_width elementor-section-content-middle elementor-section-height-default elementor-section-height-default\" data-id=\"f071da8\" data-element_type=\"section\" data-e-type=\"section\">\n\t\t\t\t\t\t<div class=\"elementor-container elementor-column-gap-no\">\n\t\t\t\t\t<div class=\"elementor-column elementor-col-50 elementor-inner-column elementor-element elementor-element-759df60\" data-id=\"759df60\" data-element_type=\"column\" data-e-type=\"column\">\n\t\t\t<div class=\"elementor-widget-wrap elementor-element-populated\">\n\t\t\t\t\t\t<div class=\"elementor-element elementor-element-501d987 elementor-widget elementor-widget-heading\" data-id=\"501d987\" data-element_type=\"widget\" data-e-type=\"widget\" data-widget_type=\"heading.default\">\n\t\t\t\t<div class=\"elementor-widget-container\">\n\t\t\t\t\t<h2 class=\"elementor-heading-title elementor-size-default\">OD E-TEKO\u010cIN DO PODOV, IMAMO VSE INFORMACIJE O NAJNOVEJ\u0160IH IN NAJBOLJ\u0160IH IZDELKIH.<\/h2>\t\t\t\t<\/div>\n\t\t\t\t<\/div>\n\t\t\t\t<div class=\"elementor-element elementor-element-f49dda4 elementor-widget elementor-widget-text-editor\" data-id=\"f49dda4\" data-element_type=\"widget\" data-e-type=\"widget\" data-widget_type=\"text-editor.default\">\n\t\t\t\t<div class=\"elementor-widget-container\">\n\t\t\t\t\t\t\t\t\t<p>Vemo, da je izbira pravega vape izdelka lahko zmedena, zato smo ustvarili stran s pregledi, ki je tako zanimiva kot informativna.<\/p><p>Na\u0161i pregledovalci so ravno tako kot vi &#8211; \u017eivijo in dihajo vaping in brez zadr\u017ekov izra\u017eajo svoje mnenje. Povedali vam bodo natan\u010dno, kaj si mislijo o izdelku, od okusa do produkcije pare in vsega vmes.<\/p><p>Poleg tega je to popolno mesto za odkrivanje novih in najbolj\u0161ih izdelkov, ki jih morda \u0161e niste preizkusili. Imamo ocene iz vseh koti\u010dkov vape sveta, od sadnih okusov do visokotehnolo\u0161kih modov.<\/p><p>Torej, ali ste izku\u0161en vaper ali \u0161ele za\u010denjate, usedite se, sprostite in dovolite, da vas ti pregledovalci usmerijo k popolnemu vape izdelku za vas.<\/p>\t\t\t\t\t\t\t\t<\/div>\n\t\t\t\t<\/div>\n\t\t\t\t\t<\/div>\n\t\t<\/div>\n\t\t\t\t<div class=\"elementor-column elementor-col-50 elementor-inner-column elementor-element elementor-element-3524599\" data-id=\"3524599\" data-element_type=\"column\" data-e-type=\"column\">\n\t\t\t<div class=\"elementor-widget-wrap elementor-element-populated\">\n\t\t\t\t\t\t<div class=\"elementor-element elementor-element-3fbacf2 elementor-widget elementor-widget-image\" data-id=\"3fbacf2\" data-element_type=\"widget\" data-e-type=\"widget\" data-widget_type=\"image.default\">\n\t\t\t\t<div class=\"elementor-widget-container\">\n\t\t\t\t\t\t\t\t\t\t\t\t\t\t\t\t<a href=\"https:\/\/youtu.be\/Nh8LmleXilg?si=3qDkUd8phJG8ZUaM\" target=\"_blank\">\n\t\t\t\t\t\t\t<img fetchpriority=\"high\" decoding=\"async\" width=\"640\" height=\"480\" src=\"https:\/\/worldwide.vapes-bars.com\/si\/wp-content\/uploads\/2024\/01\/Review-01.jpg\" class=\"attachment-large size-large wp-image-12528\" alt=\"\" srcset=\"https:\/\/worldwide.vapes-bars.com\/si\/wp-content\/uploads\/2024\/01\/Review-01.jpg 640w, https:\/\/worldwide.vapes-bars.com\/si\/wp-content\/uploads\/2024\/01\/Review-01-300x225.jpg 300w, https:\/\/worldwide.vapes-bars.com\/si\/wp-content\/uploads\/2024\/01\/Review-01-630x473.jpg 630w, https:\/\/worldwide.vapes-bars.com\/si\/wp-content\/uploads\/2024\/01\/Review-01-450x338.jpg 450w\" sizes=\"(max-width: 640px) 100vw, 640px\" \/>\t\t\t\t\t\t\t\t<\/a>\n\t\t\t\t\t\t\t\t\t\t\t\t\t\t\t<\/div>\n\t\t\t\t<\/div>\n\t\t\t\t\t<\/div>\n\t\t<\/div>\n\t\t\t\t\t<\/div>\n\t\t<\/section>\n\t\t\t\t<section class=\"elementor-section elementor-inner-section elementor-element elementor-element-adb0b90 elementor-section-full_width elementor-section-height-default elementor-section-height-default\" data-id=\"adb0b90\" data-element_type=\"section\" data-e-type=\"section\">\n\t\t\t\t\t\t<div class=\"elementor-container elementor-column-gap-custom\">\n\t\t\t\t\t<div class=\"elementor-column elementor-col-33 elementor-inner-column elementor-element elementor-element-7e82c25\" data-id=\"7e82c25\" data-element_type=\"column\" data-e-type=\"column\">\n\t\t\t<div class=\"elementor-widget-wrap elementor-element-populated\">\n\t\t\t\t\t\t<div class=\"elementor-element elementor-element-5a900bd elementor-widget elementor-widget-image\" data-id=\"5a900bd\" data-element_type=\"widget\" data-e-type=\"widget\" data-widget_type=\"image.default\">\n\t\t\t\t<div class=\"elementor-widget-container\">\n\t\t\t\t\t\t\t\t\t\t\t\t\t\t\t\t<a href=\"https:\/\/youtu.be\/Nh8LmleXilg?si=3qDkUd8phJG8ZUaM\">\n\t\t\t\t\t\t\t<img decoding=\"async\" width=\"640\" height=\"480\" data-src=\"https:\/\/worldwide.vapes-bars.com\/si\/wp-content\/uploads\/2024\/01\/Review-02.jpg\" class=\"attachment-large size-large wp-image-12529 lazyload\" alt=\"\" data-srcset=\"https:\/\/worldwide.vapes-bars.com\/si\/wp-content\/uploads\/2024\/01\/Review-02.jpg 640w, https:\/\/worldwide.vapes-bars.com\/si\/wp-content\/uploads\/2024\/01\/Review-02-300x225.jpg 300w, https:\/\/worldwide.vapes-bars.com\/si\/wp-content\/uploads\/2024\/01\/Review-02-630x473.jpg 630w, https:\/\/worldwide.vapes-bars.com\/si\/wp-content\/uploads\/2024\/01\/Review-02-450x338.jpg 450w\" data-sizes=\"(max-width: 640px) 100vw, 640px\" src=\"data:image\/svg+xml;base64,PHN2ZyB3aWR0aD0iMSIgaGVpZ2h0PSIxIiB4bWxucz0iaHR0cDovL3d3dy53My5vcmcvMjAwMC9zdmciPjwvc3ZnPg==\" style=\"--smush-placeholder-width: 640px; --smush-placeholder-aspect-ratio: 640\/480;\" \/>\t\t\t\t\t\t\t\t<\/a>\n\t\t\t\t\t\t\t\t\t\t\t\t\t\t\t<\/div>\n\t\t\t\t<\/div>\n\t\t\t\t\t<\/div>\n\t\t<\/div>\n\t\t\t\t<div class=\"elementor-column elementor-col-33 elementor-inner-column elementor-element elementor-element-6fbe060\" data-id=\"6fbe060\" data-element_type=\"column\" data-e-type=\"column\">\n\t\t\t<div class=\"elementor-widget-wrap elementor-element-populated\">\n\t\t\t\t\t\t<div class=\"elementor-element elementor-element-6d1c530 elementor-widget elementor-widget-image\" data-id=\"6d1c530\" data-element_type=\"widget\" data-e-type=\"widget\" data-widget_type=\"image.default\">\n\t\t\t\t<div class=\"elementor-widget-container\">\n\t\t\t\t\t\t\t\t\t\t\t\t\t\t\t\t<a href=\"https:\/\/youtu.be\/rQy7RIrpvrQ?si=7tWBdj0i1K9ixWMT\" target=\"_blank\">\n\t\t\t\t\t\t\t<img decoding=\"async\" width=\"640\" height=\"480\" data-src=\"https:\/\/worldwide.vapes-bars.com\/si\/wp-content\/uploads\/2024\/01\/Review-03.jpg\" class=\"attachment-large size-large wp-image-12530 lazyload\" alt=\"\" data-srcset=\"https:\/\/worldwide.vapes-bars.com\/si\/wp-content\/uploads\/2024\/01\/Review-03.jpg 640w, https:\/\/worldwide.vapes-bars.com\/si\/wp-content\/uploads\/2024\/01\/Review-03-300x225.jpg 300w, https:\/\/worldwide.vapes-bars.com\/si\/wp-content\/uploads\/2024\/01\/Review-03-630x473.jpg 630w, https:\/\/worldwide.vapes-bars.com\/si\/wp-content\/uploads\/2024\/01\/Review-03-450x338.jpg 450w\" data-sizes=\"(max-width: 640px) 100vw, 640px\" src=\"data:image\/svg+xml;base64,PHN2ZyB3aWR0aD0iMSIgaGVpZ2h0PSIxIiB4bWxucz0iaHR0cDovL3d3dy53My5vcmcvMjAwMC9zdmciPjwvc3ZnPg==\" style=\"--smush-placeholder-width: 640px; --smush-placeholder-aspect-ratio: 640\/480;\" \/>\t\t\t\t\t\t\t\t<\/a>\n\t\t\t\t\t\t\t\t\t\t\t\t\t\t\t<\/div>\n\t\t\t\t<\/div>\n\t\t\t\t\t<\/div>\n\t\t<\/div>\n\t\t\t\t<div class=\"elementor-column elementor-col-33 elementor-inner-column elementor-element elementor-element-80d8c57\" data-id=\"80d8c57\" data-element_type=\"column\" data-e-type=\"column\">\n\t\t\t<div class=\"elementor-widget-wrap elementor-element-populated\">\n\t\t\t\t\t\t<div class=\"elementor-element elementor-element-7e83a09 elementor-widget elementor-widget-image\" data-id=\"7e83a09\" data-element_type=\"widget\" data-e-type=\"widget\" data-widget_type=\"image.default\">\n\t\t\t\t<div class=\"elementor-widget-container\">\n\t\t\t\t\t\t\t\t\t\t\t\t\t\t\t\t<a href=\"https:\/\/youtu.be\/3F4RA0Bwqt8?si=MMYllVy4QgypGCiH\" target=\"_blank\">\n\t\t\t\t\t\t\t<img decoding=\"async\" width=\"640\" height=\"480\" data-src=\"https:\/\/worldwide.vapes-bars.com\/si\/wp-content\/uploads\/2024\/01\/Review-04.jpg\" class=\"attachment-large size-large wp-image-12531 lazyload\" alt=\"\" data-srcset=\"https:\/\/worldwide.vapes-bars.com\/si\/wp-content\/uploads\/2024\/01\/Review-04.jpg 640w, https:\/\/worldwide.vapes-bars.com\/si\/wp-content\/uploads\/2024\/01\/Review-04-300x225.jpg 300w, https:\/\/worldwide.vapes-bars.com\/si\/wp-content\/uploads\/2024\/01\/Review-04-630x473.jpg 630w, https:\/\/worldwide.vapes-bars.com\/si\/wp-content\/uploads\/2024\/01\/Review-04-450x338.jpg 450w\" data-sizes=\"(max-width: 640px) 100vw, 640px\" src=\"data:image\/svg+xml;base64,PHN2ZyB3aWR0aD0iMSIgaGVpZ2h0PSIxIiB4bWxucz0iaHR0cDovL3d3dy53My5vcmcvMjAwMC9zdmciPjwvc3ZnPg==\" style=\"--smush-placeholder-width: 640px; --smush-placeholder-aspect-ratio: 640\/480;\" \/>\t\t\t\t\t\t\t\t<\/a>\n\t\t\t\t\t\t\t\t\t\t\t\t\t\t\t<\/div>\n\t\t\t\t<\/div>\n\t\t\t\t\t<\/div>\n\t\t<\/div>\n\t\t\t\t\t<\/div>\n\t\t<\/section>\n\t\t\t\t\t<\/div>\n\t\t<\/div>\n\t\t\t\t\t<\/div>\n\t\t<\/section>\n\t\t\t\t<\/div>\n\t\t","protected":false},"excerpt":{"rendered":"<p>Poslu\u0161ajte, Kaj Sami Vaperji Pravijo OD E-TEKO\u010cIN DO PODOV, IMAMO VSE INFORMACIJE O NAJNOVEJ\u0160IH IN NAJBOLJ\u0160IH IZDELKIH. Vemo, da je izbira pravega vape izdelka lahko zmedena, zato smo ustvarili stran s pregledi, ki je tako zanimiva kot informativna. Na\u0161i pregledovalci so ravno tako kot vi &#8211; \u017eivijo in dihajo vaping in brez zadr\u017ekov izra\u017eajo svoje [&hellip;]<\/p>\n","protected":false},"author":2,"featured_media":0,"parent":0,"menu_order":0,"comment_status":"closed","ping_status":"closed","template":"template-homepage.php","meta":{"_acf_changed":false,"nf_dc_page":"","inline_featured_image":false,"footnotes":""},"class_list":["post-10748","page","type-page","status-publish","hentry"],"acf":[],"yoast_head":"<!-- This site is optimized with the Yoast SEO plugin v27.4 - https:\/\/yoast.com\/product\/yoast-seo-wordpress\/ -->\n<title>Poslu\u0161ajte, Kaj Sami Vaperji Pravijo - Vapes Bars | Slovenia<\/title>\n<meta name=\"robots\" content=\"index, follow, max-snippet:-1, max-image-preview:large, max-video-preview:-1\" \/>\n<link rel=\"canonical\" href=\"https:\/\/worldwide.vapes-bars.com\/si\/hear-it-from-the-vapers-themselves\/\" \/>\n<meta property=\"og:locale\" content=\"en_US\" \/>\n<meta property=\"og:type\" content=\"article\" \/>\n<meta property=\"og:title\" content=\"Poslu\u0161ajte, Kaj Sami Vaperji Pravijo - Vapes Bars | Slovenia\" \/>\n<meta property=\"og:description\" content=\"Poslu\u0161ajte, Kaj Sami Vaperji Pravijo OD E-TEKO\u010cIN DO PODOV, IMAMO VSE INFORMACIJE O NAJNOVEJ\u0160IH IN NAJBOLJ\u0160IH IZDELKIH. Vemo, da je izbira pravega vape izdelka lahko zmedena, zato smo ustvarili stran s pregledi, ki je tako zanimiva kot informativna. Na\u0161i pregledovalci so ravno tako kot vi &#8211; \u017eivijo in dihajo vaping in brez zadr\u017ekov izra\u017eajo svoje [&hellip;]\" \/>\n<meta property=\"og:url\" content=\"https:\/\/worldwide.vapes-bars.com\/si\/hear-it-from-the-vapers-themselves\/\" \/>\n<meta property=\"og:site_name\" content=\"Vapes Bars | Slovenia\" \/>\n<meta property=\"article:publisher\" content=\"https:\/\/www.facebook.com\/VapesBars\" \/>\n<meta property=\"article:modified_time\" content=\"2024-01-19T06:35:12+00:00\" \/>\n<meta property=\"og:image\" content=\"https:\/\/worldwide.vapes-bars.com\/si\/wp-content\/uploads\/2024\/01\/Review-01.jpg\" \/>\n<meta name=\"twitter:card\" content=\"summary_large_image\" \/>\n<meta name=\"twitter:label1\" content=\"Est. reading time\" \/>\n\t<meta name=\"twitter:data1\" content=\"2 minutes\" \/>\n<script type=\"application\/ld+json\" class=\"yoast-schema-graph\">{\"@context\":\"https:\\\/\\\/schema.org\",\"@graph\":[{\"@type\":\"WebPage\",\"@id\":\"https:\\\/\\\/worldwide.vapes-bars.com\\\/si\\\/hear-it-from-the-vapers-themselves\\\/\",\"url\":\"https:\\\/\\\/worldwide.vapes-bars.com\\\/si\\\/hear-it-from-the-vapers-themselves\\\/\",\"name\":\"Poslu\u0161ajte, Kaj Sami Vaperji Pravijo - Vapes Bars | Slovenia\",\"isPartOf\":{\"@id\":\"https:\\\/\\\/worldwide.vapes-bars.com\\\/si\\\/#website\"},\"primaryImageOfPage\":{\"@id\":\"https:\\\/\\\/worldwide.vapes-bars.com\\\/si\\\/hear-it-from-the-vapers-themselves\\\/#primaryimage\"},\"image\":{\"@id\":\"https:\\\/\\\/worldwide.vapes-bars.com\\\/si\\\/hear-it-from-the-vapers-themselves\\\/#primaryimage\"},\"thumbnailUrl\":\"https:\\\/\\\/worldwide.vapes-bars.com\\\/si\\\/wp-content\\\/uploads\\\/2024\\\/01\\\/Review-01.jpg\",\"datePublished\":\"2023-04-27T11:55:29+00:00\",\"dateModified\":\"2024-01-19T06:35:12+00:00\",\"breadcrumb\":{\"@id\":\"https:\\\/\\\/worldwide.vapes-bars.com\\\/si\\\/hear-it-from-the-vapers-themselves\\\/#breadcrumb\"},\"inLanguage\":\"en-US\",\"potentialAction\":[{\"@type\":\"ReadAction\",\"target\":[\"https:\\\/\\\/worldwide.vapes-bars.com\\\/si\\\/hear-it-from-the-vapers-themselves\\\/\"]}]},{\"@type\":\"ImageObject\",\"inLanguage\":\"en-US\",\"@id\":\"https:\\\/\\\/worldwide.vapes-bars.com\\\/si\\\/hear-it-from-the-vapers-themselves\\\/#primaryimage\",\"url\":\"https:\\\/\\\/worldwide.vapes-bars.com\\\/si\\\/wp-content\\\/uploads\\\/2024\\\/01\\\/Review-01.jpg\",\"contentUrl\":\"https:\\\/\\\/worldwide.vapes-bars.com\\\/si\\\/wp-content\\\/uploads\\\/2024\\\/01\\\/Review-01.jpg\",\"width\":640,\"height\":480},{\"@type\":\"BreadcrumbList\",\"@id\":\"https:\\\/\\\/worldwide.vapes-bars.com\\\/si\\\/hear-it-from-the-vapers-themselves\\\/#breadcrumb\",\"itemListElement\":[{\"@type\":\"ListItem\",\"position\":1,\"name\":\"Home\",\"item\":\"https:\\\/\\\/worldwide.vapes-bars.com\\\/si\\\/\"},{\"@type\":\"ListItem\",\"position\":2,\"name\":\"Poslu\u0161ajte, Kaj Sami Vaperji Pravijo\"}]},{\"@type\":\"WebSite\",\"@id\":\"https:\\\/\\\/worldwide.vapes-bars.com\\\/si\\\/#website\",\"url\":\"https:\\\/\\\/worldwide.vapes-bars.com\\\/si\\\/\",\"name\":\"Vapes Bars | Slovenia\",\"description\":\"Vapes Bars Worldwide\",\"publisher\":{\"@id\":\"https:\\\/\\\/worldwide.vapes-bars.com\\\/si\\\/#organization\"},\"potentialAction\":[{\"@type\":\"SearchAction\",\"target\":{\"@type\":\"EntryPoint\",\"urlTemplate\":\"https:\\\/\\\/worldwide.vapes-bars.com\\\/si\\\/?s={search_term_string}\"},\"query-input\":{\"@type\":\"PropertyValueSpecification\",\"valueRequired\":true,\"valueName\":\"search_term_string\"}}],\"inLanguage\":\"en-US\"},{\"@type\":\"Organization\",\"@id\":\"https:\\\/\\\/worldwide.vapes-bars.com\\\/si\\\/#organization\",\"name\":\"Vapes Bars | Slovenia\",\"url\":\"https:\\\/\\\/worldwide.vapes-bars.com\\\/si\\\/\",\"logo\":{\"@type\":\"ImageObject\",\"inLanguage\":\"en-US\",\"@id\":\"https:\\\/\\\/worldwide.vapes-bars.com\\\/si\\\/#\\\/schema\\\/logo\\\/image\\\/\",\"url\":\"https:\\\/\\\/i0.wp.com\\\/aza.kpn.mybluehost.me\\\/wp-content\\\/uploads\\\/2023\\\/01\\\/VAPES_BARS_LOGO-02.png?fit=12501%2C12501&ssl=1\",\"contentUrl\":\"https:\\\/\\\/i0.wp.com\\\/aza.kpn.mybluehost.me\\\/wp-content\\\/uploads\\\/2023\\\/01\\\/VAPES_BARS_LOGO-02.png?fit=12501%2C12501&ssl=1\",\"width\":12501,\"height\":12501,\"caption\":\"Vapes Bars | Slovenia\"},\"image\":{\"@id\":\"https:\\\/\\\/worldwide.vapes-bars.com\\\/si\\\/#\\\/schema\\\/logo\\\/image\\\/\"},\"sameAs\":[\"https:\\\/\\\/www.facebook.com\\\/VapesBars\",\"https:\\\/\\\/www.instagram.com\\\/vapesbars\\\/\",\"https:\\\/\\\/www.youtube.com\\\/channel\\\/UCl3mP7oVZyDi5BEbmLu_C3Q\"]}]}<\/script>\n<!-- \/ Yoast SEO plugin. -->","yoast_head_json":{"title":"Poslu\u0161ajte, Kaj Sami Vaperji Pravijo - Vapes Bars | Slovenia","robots":{"index":"index","follow":"follow","max-snippet":"max-snippet:-1","max-image-preview":"max-image-preview:large","max-video-preview":"max-video-preview:-1"},"canonical":"https:\/\/worldwide.vapes-bars.com\/si\/hear-it-from-the-vapers-themselves\/","og_locale":"en_US","og_type":"article","og_title":"Poslu\u0161ajte, Kaj Sami Vaperji Pravijo - Vapes Bars | Slovenia","og_description":"Poslu\u0161ajte, Kaj Sami Vaperji Pravijo OD E-TEKO\u010cIN DO PODOV, IMAMO VSE INFORMACIJE O NAJNOVEJ\u0160IH IN NAJBOLJ\u0160IH IZDELKIH. Vemo, da je izbira pravega vape izdelka lahko zmedena, zato smo ustvarili stran s pregledi, ki je tako zanimiva kot informativna. Na\u0161i pregledovalci so ravno tako kot vi &#8211; \u017eivijo in dihajo vaping in brez zadr\u017ekov izra\u017eajo svoje [&hellip;]","og_url":"https:\/\/worldwide.vapes-bars.com\/si\/hear-it-from-the-vapers-themselves\/","og_site_name":"Vapes Bars | Slovenia","article_publisher":"https:\/\/www.facebook.com\/VapesBars","article_modified_time":"2024-01-19T06:35:12+00:00","og_image":[{"url":"https:\/\/worldwide.vapes-bars.com\/si\/wp-content\/uploads\/2024\/01\/Review-01.jpg","type":"","width":"","height":""}],"twitter_card":"summary_large_image","twitter_misc":{"Est. reading time":"2 minutes"},"schema":{"@context":"https:\/\/schema.org","@graph":[{"@type":"WebPage","@id":"https:\/\/worldwide.vapes-bars.com\/si\/hear-it-from-the-vapers-themselves\/","url":"https:\/\/worldwide.vapes-bars.com\/si\/hear-it-from-the-vapers-themselves\/","name":"Poslu\u0161ajte, Kaj Sami Vaperji Pravijo - Vapes Bars | Slovenia","isPartOf":{"@id":"https:\/\/worldwide.vapes-bars.com\/si\/#website"},"primaryImageOfPage":{"@id":"https:\/\/worldwide.vapes-bars.com\/si\/hear-it-from-the-vapers-themselves\/#primaryimage"},"image":{"@id":"https:\/\/worldwide.vapes-bars.com\/si\/hear-it-from-the-vapers-themselves\/#primaryimage"},"thumbnailUrl":"https:\/\/worldwide.vapes-bars.com\/si\/wp-content\/uploads\/2024\/01\/Review-01.jpg","datePublished":"2023-04-27T11:55:29+00:00","dateModified":"2024-01-19T06:35:12+00:00","breadcrumb":{"@id":"https:\/\/worldwide.vapes-bars.com\/si\/hear-it-from-the-vapers-themselves\/#breadcrumb"},"inLanguage":"en-US","potentialAction":[{"@type":"ReadAction","target":["https:\/\/worldwide.vapes-bars.com\/si\/hear-it-from-the-vapers-themselves\/"]}]},{"@type":"ImageObject","inLanguage":"en-US","@id":"https:\/\/worldwide.vapes-bars.com\/si\/hear-it-from-the-vapers-themselves\/#primaryimage","url":"https:\/\/worldwide.vapes-bars.com\/si\/wp-content\/uploads\/2024\/01\/Review-01.jpg","contentUrl":"https:\/\/worldwide.vapes-bars.com\/si\/wp-content\/uploads\/2024\/01\/Review-01.jpg","width":640,"height":480},{"@type":"BreadcrumbList","@id":"https:\/\/worldwide.vapes-bars.com\/si\/hear-it-from-the-vapers-themselves\/#breadcrumb","itemListElement":[{"@type":"ListItem","position":1,"name":"Home","item":"https:\/\/worldwide.vapes-bars.com\/si\/"},{"@type":"ListItem","position":2,"name":"Poslu\u0161ajte, Kaj Sami Vaperji Pravijo"}]},{"@type":"WebSite","@id":"https:\/\/worldwide.vapes-bars.com\/si\/#website","url":"https:\/\/worldwide.vapes-bars.com\/si\/","name":"Vapes Bars | Slovenia","description":"Vapes Bars Worldwide","publisher":{"@id":"https:\/\/worldwide.vapes-bars.com\/si\/#organization"},"potentialAction":[{"@type":"SearchAction","target":{"@type":"EntryPoint","urlTemplate":"https:\/\/worldwide.vapes-bars.com\/si\/?s={search_term_string}"},"query-input":{"@type":"PropertyValueSpecification","valueRequired":true,"valueName":"search_term_string"}}],"inLanguage":"en-US"},{"@type":"Organization","@id":"https:\/\/worldwide.vapes-bars.com\/si\/#organization","name":"Vapes Bars | Slovenia","url":"https:\/\/worldwide.vapes-bars.com\/si\/","logo":{"@type":"ImageObject","inLanguage":"en-US","@id":"https:\/\/worldwide.vapes-bars.com\/si\/#\/schema\/logo\/image\/","url":"https:\/\/i0.wp.com\/aza.kpn.mybluehost.me\/wp-content\/uploads\/2023\/01\/VAPES_BARS_LOGO-02.png?fit=12501%2C12501&ssl=1","contentUrl":"https:\/\/i0.wp.com\/aza.kpn.mybluehost.me\/wp-content\/uploads\/2023\/01\/VAPES_BARS_LOGO-02.png?fit=12501%2C12501&ssl=1","width":12501,"height":12501,"caption":"Vapes Bars | Slovenia"},"image":{"@id":"https:\/\/worldwide.vapes-bars.com\/si\/#\/schema\/logo\/image\/"},"sameAs":["https:\/\/www.facebook.com\/VapesBars","https:\/\/www.instagram.com\/vapesbars\/","https:\/\/www.youtube.com\/channel\/UCl3mP7oVZyDi5BEbmLu_C3Q"]}]}},"_links":{"self":[{"href":"https:\/\/worldwide.vapes-bars.com\/si\/wp-json\/wp\/v2\/pages\/10748","targetHints":{"allow":["GET"]}}],"collection":[{"href":"https:\/\/worldwide.vapes-bars.com\/si\/wp-json\/wp\/v2\/pages"}],"about":[{"href":"https:\/\/worldwide.vapes-bars.com\/si\/wp-json\/wp\/v2\/types\/page"}],"author":[{"embeddable":true,"href":"https:\/\/worldwide.vapes-bars.com\/si\/wp-json\/wp\/v2\/users\/2"}],"replies":[{"embeddable":true,"href":"https:\/\/worldwide.vapes-bars.com\/si\/wp-json\/wp\/v2\/comments?post=10748"}],"version-history":[{"count":5,"href":"https:\/\/worldwide.vapes-bars.com\/si\/wp-json\/wp\/v2\/pages\/10748\/revisions"}],"predecessor-version":[{"id":12544,"href":"https:\/\/worldwide.vapes-bars.com\/si\/wp-json\/wp\/v2\/pages\/10748\/revisions\/12544"}],"wp:attachment":[{"href":"https:\/\/worldwide.vapes-bars.com\/si\/wp-json\/wp\/v2\/media?parent=10748"}],"curies":[{"name":"wp","href":"https:\/\/api.w.org\/{rel}","templated":true}]}}