{"id":10705,"date":"2023-04-27T10:06:40","date_gmt":"2023-04-27T10:06:40","guid":{"rendered":"https:\/\/aza.kpn.mybluehost.me\/?page_id=10705"},"modified":"2023-06-05T07:45:52","modified_gmt":"2023-06-05T07:45:52","slug":"the-story-of-us-with-a-twist","status":"publish","type":"page","link":"https:\/\/worldwide.vapes-bars.com\/si\/the-story-of-us-with-a-twist\/","title":{"rendered":"Zgodba O Nas, Z Nenavadnim Preobratom"},"content":{"rendered":"\t\t<div data-elementor-type=\"wp-page\" data-elementor-id=\"10705\" class=\"elementor elementor-10705\">\n\t\t\t\t\t\t<section class=\"elementor-section elementor-top-section elementor-element elementor-element-362ee35 elementor-section-full_width elementor-section-stretched elementor-section-height-default elementor-section-height-default\" data-id=\"362ee35\" data-element_type=\"section\" data-e-type=\"section\" data-settings=\"{&quot;stretch_section&quot;:&quot;section-stretched&quot;,&quot;background_background&quot;:&quot;classic&quot;}\">\n\t\t\t\t\t\t<div class=\"elementor-container elementor-column-gap-no\">\n\t\t\t\t\t<div class=\"elementor-column elementor-col-100 elementor-top-column elementor-element elementor-element-ffef3ae\" data-id=\"ffef3ae\" data-element_type=\"column\" data-e-type=\"column\">\n\t\t\t<div class=\"elementor-widget-wrap elementor-element-populated\">\n\t\t\t\t\t\t<section class=\"elementor-section elementor-inner-section elementor-element elementor-element-7005c83 elementor-section-boxed elementor-section-height-default elementor-section-height-default\" data-id=\"7005c83\" data-element_type=\"section\" data-e-type=\"section\">\n\t\t\t\t\t\t<div class=\"elementor-container elementor-column-gap-default\">\n\t\t\t\t\t<div class=\"elementor-column elementor-col-100 elementor-inner-column elementor-element elementor-element-f97fb8a\" data-id=\"f97fb8a\" data-element_type=\"column\" data-e-type=\"column\">\n\t\t\t<div class=\"elementor-widget-wrap elementor-element-populated\">\n\t\t\t\t\t\t<div class=\"elementor-element elementor-element-f17bc4d elementor-widget elementor-widget-heading\" data-id=\"f17bc4d\" data-element_type=\"widget\" data-e-type=\"widget\" data-widget_type=\"heading.default\">\n\t\t\t\t<div class=\"elementor-widget-container\">\n\t\t\t\t\t<h2 class=\"elementor-heading-title elementor-size-default\">Zgodba O Nas, <\/br>Z Nenavadnim Preobratom<\/h2>\t\t\t\t<\/div>\n\t\t\t\t<\/div>\n\t\t\t\t\t<\/div>\n\t\t<\/div>\n\t\t\t\t\t<\/div>\n\t\t<\/section>\n\t\t\t\t\t<\/div>\n\t\t<\/div>\n\t\t\t\t\t<\/div>\n\t\t<\/section>\n\t\t\t\t<section class=\"elementor-section elementor-top-section elementor-element elementor-element-1736ddb elementor-section-full_width elementor-section-content-middle elementor-section-stretched elementor-section-height-default elementor-section-height-default\" data-id=\"1736ddb\" data-element_type=\"section\" data-e-type=\"section\" data-settings=\"{&quot;stretch_section&quot;:&quot;section-stretched&quot;,&quot;background_background&quot;:&quot;classic&quot;}\">\n\t\t\t\t\t\t<div class=\"elementor-container elementor-column-gap-no\">\n\t\t\t\t\t<div class=\"elementor-column elementor-col-50 elementor-top-column elementor-element elementor-element-2977d92\" data-id=\"2977d92\" data-element_type=\"column\" data-e-type=\"column\">\n\t\t\t<div class=\"elementor-widget-wrap\">\n\t\t\t\t\t\t\t<\/div>\n\t\t<\/div>\n\t\t\t\t<div class=\"elementor-column elementor-col-50 elementor-top-column elementor-element elementor-element-a8f9efa\" data-id=\"a8f9efa\" data-element_type=\"column\" data-e-type=\"column\">\n\t\t\t<div class=\"elementor-widget-wrap elementor-element-populated\">\n\t\t\t\t\t\t<div class=\"elementor-element elementor-element-f054b6b elementor-widget elementor-widget-heading\" data-id=\"f054b6b\" data-element_type=\"widget\" data-e-type=\"widget\" data-widget_type=\"heading.default\">\n\t\t\t\t<div class=\"elementor-widget-container\">\n\t\t\t\t\t<h2 class=\"elementor-heading-title elementor-size-default\">DRZNI. KREATIVNI. BREZMEJNI<\/h2>\t\t\t\t<\/div>\n\t\t\t\t<\/div>\n\t\t\t\t<div class=\"elementor-element elementor-element-f0b9653 elementor-widget elementor-widget-text-editor\" data-id=\"f0b9653\" data-element_type=\"widget\" data-e-type=\"widget\" data-widget_type=\"text-editor.default\">\n\t\t\t\t<div class=\"elementor-widget-container\">\n\t\t\t\t\t\t\t\t\t<p>Na\u0161a zgodba je pravzaprav zgodba skupine strastnih posameznikov, ki so se zdru\u017eili s skupno ljubeznijo do vapinga in vizijo ustvarjanja ne\u010desa resni\u010dno posebnega. Vlo\u017eili smo svoja srca in du\u0161e v razvoj novih in navdu\u0161ujo\u010dih okusov, nenehno presegali meje tega, kar je bilo mogo\u010de v svetu vapinga.<\/p><p>Ko smo rasli, smo ostali zvesti na\u0161im temeljnim vrednotam kakovosti, inovativnosti in zadovoljstvu strank. \u017deleli smo ustvariti ne le izdelke, temve\u010d tudi skupnost podobno misle\u010dih vaperjev, ki so delili na\u0161o strast do raziskovanja in eksperimentiranja. In to\u010dno to smo storili.<\/p><p>Danes smo vodilni igralec v globalni vape industriji, z mo\u010dno prisotnostjo v 50 dr\u017eavah in \u0161e ve\u010d. Vendar nikoli ne pozabimo na svoje korenine &#8211; na\u0161a zgodba je pravzaprav zgodba skupine prijateljev, ki so svojo ljubezen do vapinga spremenili v nekaj resni\u010dno izjemnega.<\/p><p>Danes je Vapes Bars\u00ae postal globalna senzacija. Toda na\u0161a zgodba \u0161e zdale\u010d ni kon\u010dana &#8211; vedno se trudimo ustvarjati nove in navdu\u0161ujo\u010de izdelke, ki bodo \u0161e naprej navdihovali vaperje po vsem svetu.<\/p>\t\t\t\t\t\t\t\t<\/div>\n\t\t\t\t<\/div>\n\t\t\t\t<div class=\"elementor-element elementor-element-217c9f6 elementor-widget elementor-widget-heading\" data-id=\"217c9f6\" data-element_type=\"widget\" data-e-type=\"widget\" data-widget_type=\"heading.default\">\n\t\t\t\t<div class=\"elementor-widget-container\">\n\t\t\t\t\t<h3 class=\"elementor-heading-title elementor-size-default\">Vapeljajmo skozi bolj vznemirljivo in okusno prihodnost!<\/h3>\t\t\t\t<\/div>\n\t\t\t\t<\/div>\n\t\t\t\t\t<\/div>\n\t\t<\/div>\n\t\t\t\t\t<\/div>\n\t\t<\/section>\n\t\t\t\t<\/div>\n\t\t","protected":false},"excerpt":{"rendered":"<p>Zgodba O Nas, Z Nenavadnim Preobratom DRZNI. KREATIVNI. BREZMEJNI Na\u0161a zgodba je pravzaprav zgodba skupine strastnih posameznikov, ki so se zdru\u017eili s skupno ljubeznijo do vapinga in vizijo ustvarjanja ne\u010desa resni\u010dno posebnega. Vlo\u017eili smo svoja srca in du\u0161e v razvoj novih in navdu\u0161ujo\u010dih okusov, nenehno presegali meje tega, kar je bilo mogo\u010de v svetu vapinga. [&hellip;]<\/p>\n","protected":false},"author":2,"featured_media":0,"parent":0,"menu_order":0,"comment_status":"closed","ping_status":"closed","template":"template-homepage.php","meta":{"_acf_changed":false,"nf_dc_page":"","inline_featured_image":false,"footnotes":""},"class_list":["post-10705","page","type-page","status-publish","hentry"],"acf":[],"yoast_head":"<!-- This site is optimized with the Yoast SEO plugin v27.4 - https:\/\/yoast.com\/product\/yoast-seo-wordpress\/ -->\n<title>Zgodba O Nas, Z Nenavadnim Preobratom - Vapes Bars | Slovenia<\/title>\n<meta name=\"robots\" content=\"index, follow, max-snippet:-1, max-image-preview:large, max-video-preview:-1\" \/>\n<link rel=\"canonical\" href=\"https:\/\/worldwide.vapes-bars.com\/si\/the-story-of-us-with-a-twist\/\" \/>\n<meta property=\"og:locale\" content=\"en_US\" \/>\n<meta property=\"og:type\" content=\"article\" \/>\n<meta property=\"og:title\" content=\"Zgodba O Nas, Z Nenavadnim Preobratom - Vapes Bars | Slovenia\" \/>\n<meta property=\"og:description\" content=\"Zgodba O Nas, Z Nenavadnim Preobratom DRZNI. KREATIVNI. BREZMEJNI Na\u0161a zgodba je pravzaprav zgodba skupine strastnih posameznikov, ki so se zdru\u017eili s skupno ljubeznijo do vapinga in vizijo ustvarjanja ne\u010desa resni\u010dno posebnega. Vlo\u017eili smo svoja srca in du\u0161e v razvoj novih in navdu\u0161ujo\u010dih okusov, nenehno presegali meje tega, kar je bilo mogo\u010de v svetu vapinga. [&hellip;]\" \/>\n<meta property=\"og:url\" content=\"https:\/\/worldwide.vapes-bars.com\/si\/the-story-of-us-with-a-twist\/\" \/>\n<meta property=\"og:site_name\" content=\"Vapes Bars | Slovenia\" \/>\n<meta property=\"article:publisher\" content=\"https:\/\/www.facebook.com\/VapesBars\" \/>\n<meta property=\"article:modified_time\" content=\"2023-06-05T07:45:52+00:00\" \/>\n<meta property=\"og:image\" content=\"https:\/\/aza.kpn.mybluehost.me\/si\/wp-content\/uploads\/2023\/04\/9-EDITED-scaled.jpg\" \/>\n<meta name=\"twitter:card\" content=\"summary_large_image\" \/>\n<meta name=\"twitter:label1\" content=\"Est. reading time\" \/>\n\t<meta name=\"twitter:data1\" content=\"2 minutes\" \/>\n<script type=\"application\/ld+json\" class=\"yoast-schema-graph\">{\"@context\":\"https:\\\/\\\/schema.org\",\"@graph\":[{\"@type\":\"WebPage\",\"@id\":\"https:\\\/\\\/worldwide.vapes-bars.com\\\/si\\\/the-story-of-us-with-a-twist\\\/\",\"url\":\"https:\\\/\\\/worldwide.vapes-bars.com\\\/si\\\/the-story-of-us-with-a-twist\\\/\",\"name\":\"Zgodba O Nas, Z Nenavadnim Preobratom - Vapes Bars | Slovenia\",\"isPartOf\":{\"@id\":\"https:\\\/\\\/worldwide.vapes-bars.com\\\/si\\\/#website\"},\"primaryImageOfPage\":{\"@id\":\"https:\\\/\\\/worldwide.vapes-bars.com\\\/si\\\/the-story-of-us-with-a-twist\\\/#primaryimage\"},\"image\":{\"@id\":\"https:\\\/\\\/worldwide.vapes-bars.com\\\/si\\\/the-story-of-us-with-a-twist\\\/#primaryimage\"},\"thumbnailUrl\":\"https:\\\/\\\/aza.kpn.mybluehost.me\\\/si\\\/wp-content\\\/uploads\\\/2023\\\/04\\\/9-EDITED-scaled.jpg\",\"datePublished\":\"2023-04-27T10:06:40+00:00\",\"dateModified\":\"2023-06-05T07:45:52+00:00\",\"breadcrumb\":{\"@id\":\"https:\\\/\\\/worldwide.vapes-bars.com\\\/si\\\/the-story-of-us-with-a-twist\\\/#breadcrumb\"},\"inLanguage\":\"en-US\",\"potentialAction\":[{\"@type\":\"ReadAction\",\"target\":[\"https:\\\/\\\/worldwide.vapes-bars.com\\\/si\\\/the-story-of-us-with-a-twist\\\/\"]}]},{\"@type\":\"ImageObject\",\"inLanguage\":\"en-US\",\"@id\":\"https:\\\/\\\/worldwide.vapes-bars.com\\\/si\\\/the-story-of-us-with-a-twist\\\/#primaryimage\",\"url\":\"https:\\\/\\\/aza.kpn.mybluehost.me\\\/si\\\/wp-content\\\/uploads\\\/2023\\\/04\\\/9-EDITED-scaled.jpg\",\"contentUrl\":\"https:\\\/\\\/aza.kpn.mybluehost.me\\\/si\\\/wp-content\\\/uploads\\\/2023\\\/04\\\/9-EDITED-scaled.jpg\"},{\"@type\":\"BreadcrumbList\",\"@id\":\"https:\\\/\\\/worldwide.vapes-bars.com\\\/si\\\/the-story-of-us-with-a-twist\\\/#breadcrumb\",\"itemListElement\":[{\"@type\":\"ListItem\",\"position\":1,\"name\":\"Home\",\"item\":\"https:\\\/\\\/worldwide.vapes-bars.com\\\/si\\\/\"},{\"@type\":\"ListItem\",\"position\":2,\"name\":\"Zgodba O Nas, Z Nenavadnim Preobratom\"}]},{\"@type\":\"WebSite\",\"@id\":\"https:\\\/\\\/worldwide.vapes-bars.com\\\/si\\\/#website\",\"url\":\"https:\\\/\\\/worldwide.vapes-bars.com\\\/si\\\/\",\"name\":\"Vapes Bars | Slovenia\",\"description\":\"Vapes Bars Worldwide\",\"publisher\":{\"@id\":\"https:\\\/\\\/worldwide.vapes-bars.com\\\/si\\\/#organization\"},\"potentialAction\":[{\"@type\":\"SearchAction\",\"target\":{\"@type\":\"EntryPoint\",\"urlTemplate\":\"https:\\\/\\\/worldwide.vapes-bars.com\\\/si\\\/?s={search_term_string}\"},\"query-input\":{\"@type\":\"PropertyValueSpecification\",\"valueRequired\":true,\"valueName\":\"search_term_string\"}}],\"inLanguage\":\"en-US\"},{\"@type\":\"Organization\",\"@id\":\"https:\\\/\\\/worldwide.vapes-bars.com\\\/si\\\/#organization\",\"name\":\"Vapes Bars | Slovenia\",\"url\":\"https:\\\/\\\/worldwide.vapes-bars.com\\\/si\\\/\",\"logo\":{\"@type\":\"ImageObject\",\"inLanguage\":\"en-US\",\"@id\":\"https:\\\/\\\/worldwide.vapes-bars.com\\\/si\\\/#\\\/schema\\\/logo\\\/image\\\/\",\"url\":\"https:\\\/\\\/i0.wp.com\\\/aza.kpn.mybluehost.me\\\/wp-content\\\/uploads\\\/2023\\\/01\\\/VAPES_BARS_LOGO-02.png?fit=12501%2C12501&ssl=1\",\"contentUrl\":\"https:\\\/\\\/i0.wp.com\\\/aza.kpn.mybluehost.me\\\/wp-content\\\/uploads\\\/2023\\\/01\\\/VAPES_BARS_LOGO-02.png?fit=12501%2C12501&ssl=1\",\"width\":12501,\"height\":12501,\"caption\":\"Vapes Bars | Slovenia\"},\"image\":{\"@id\":\"https:\\\/\\\/worldwide.vapes-bars.com\\\/si\\\/#\\\/schema\\\/logo\\\/image\\\/\"},\"sameAs\":[\"https:\\\/\\\/www.facebook.com\\\/VapesBars\",\"https:\\\/\\\/www.instagram.com\\\/vapesbars\\\/\",\"https:\\\/\\\/www.youtube.com\\\/channel\\\/UCl3mP7oVZyDi5BEbmLu_C3Q\"]}]}<\/script>\n<!-- \/ Yoast SEO plugin. -->","yoast_head_json":{"title":"Zgodba O Nas, Z Nenavadnim Preobratom - Vapes Bars | Slovenia","robots":{"index":"index","follow":"follow","max-snippet":"max-snippet:-1","max-image-preview":"max-image-preview:large","max-video-preview":"max-video-preview:-1"},"canonical":"https:\/\/worldwide.vapes-bars.com\/si\/the-story-of-us-with-a-twist\/","og_locale":"en_US","og_type":"article","og_title":"Zgodba O Nas, Z Nenavadnim Preobratom - Vapes Bars | Slovenia","og_description":"Zgodba O Nas, Z Nenavadnim Preobratom DRZNI. KREATIVNI. BREZMEJNI Na\u0161a zgodba je pravzaprav zgodba skupine strastnih posameznikov, ki so se zdru\u017eili s skupno ljubeznijo do vapinga in vizijo ustvarjanja ne\u010desa resni\u010dno posebnega. Vlo\u017eili smo svoja srca in du\u0161e v razvoj novih in navdu\u0161ujo\u010dih okusov, nenehno presegali meje tega, kar je bilo mogo\u010de v svetu vapinga. [&hellip;]","og_url":"https:\/\/worldwide.vapes-bars.com\/si\/the-story-of-us-with-a-twist\/","og_site_name":"Vapes Bars | Slovenia","article_publisher":"https:\/\/www.facebook.com\/VapesBars","article_modified_time":"2023-06-05T07:45:52+00:00","og_image":[{"url":"https:\/\/aza.kpn.mybluehost.me\/si\/wp-content\/uploads\/2023\/04\/9-EDITED-scaled.jpg","type":"","width":"","height":""}],"twitter_card":"summary_large_image","twitter_misc":{"Est. reading time":"2 minutes"},"schema":{"@context":"https:\/\/schema.org","@graph":[{"@type":"WebPage","@id":"https:\/\/worldwide.vapes-bars.com\/si\/the-story-of-us-with-a-twist\/","url":"https:\/\/worldwide.vapes-bars.com\/si\/the-story-of-us-with-a-twist\/","name":"Zgodba O Nas, Z Nenavadnim Preobratom - Vapes Bars | Slovenia","isPartOf":{"@id":"https:\/\/worldwide.vapes-bars.com\/si\/#website"},"primaryImageOfPage":{"@id":"https:\/\/worldwide.vapes-bars.com\/si\/the-story-of-us-with-a-twist\/#primaryimage"},"image":{"@id":"https:\/\/worldwide.vapes-bars.com\/si\/the-story-of-us-with-a-twist\/#primaryimage"},"thumbnailUrl":"https:\/\/aza.kpn.mybluehost.me\/si\/wp-content\/uploads\/2023\/04\/9-EDITED-scaled.jpg","datePublished":"2023-04-27T10:06:40+00:00","dateModified":"2023-06-05T07:45:52+00:00","breadcrumb":{"@id":"https:\/\/worldwide.vapes-bars.com\/si\/the-story-of-us-with-a-twist\/#breadcrumb"},"inLanguage":"en-US","potentialAction":[{"@type":"ReadAction","target":["https:\/\/worldwide.vapes-bars.com\/si\/the-story-of-us-with-a-twist\/"]}]},{"@type":"ImageObject","inLanguage":"en-US","@id":"https:\/\/worldwide.vapes-bars.com\/si\/the-story-of-us-with-a-twist\/#primaryimage","url":"https:\/\/aza.kpn.mybluehost.me\/si\/wp-content\/uploads\/2023\/04\/9-EDITED-scaled.jpg","contentUrl":"https:\/\/aza.kpn.mybluehost.me\/si\/wp-content\/uploads\/2023\/04\/9-EDITED-scaled.jpg"},{"@type":"BreadcrumbList","@id":"https:\/\/worldwide.vapes-bars.com\/si\/the-story-of-us-with-a-twist\/#breadcrumb","itemListElement":[{"@type":"ListItem","position":1,"name":"Home","item":"https:\/\/worldwide.vapes-bars.com\/si\/"},{"@type":"ListItem","position":2,"name":"Zgodba O Nas, Z Nenavadnim Preobratom"}]},{"@type":"WebSite","@id":"https:\/\/worldwide.vapes-bars.com\/si\/#website","url":"https:\/\/worldwide.vapes-bars.com\/si\/","name":"Vapes Bars | Slovenia","description":"Vapes Bars Worldwide","publisher":{"@id":"https:\/\/worldwide.vapes-bars.com\/si\/#organization"},"potentialAction":[{"@type":"SearchAction","target":{"@type":"EntryPoint","urlTemplate":"https:\/\/worldwide.vapes-bars.com\/si\/?s={search_term_string}"},"query-input":{"@type":"PropertyValueSpecification","valueRequired":true,"valueName":"search_term_string"}}],"inLanguage":"en-US"},{"@type":"Organization","@id":"https:\/\/worldwide.vapes-bars.com\/si\/#organization","name":"Vapes Bars | Slovenia","url":"https:\/\/worldwide.vapes-bars.com\/si\/","logo":{"@type":"ImageObject","inLanguage":"en-US","@id":"https:\/\/worldwide.vapes-bars.com\/si\/#\/schema\/logo\/image\/","url":"https:\/\/i0.wp.com\/aza.kpn.mybluehost.me\/wp-content\/uploads\/2023\/01\/VAPES_BARS_LOGO-02.png?fit=12501%2C12501&ssl=1","contentUrl":"https:\/\/i0.wp.com\/aza.kpn.mybluehost.me\/wp-content\/uploads\/2023\/01\/VAPES_BARS_LOGO-02.png?fit=12501%2C12501&ssl=1","width":12501,"height":12501,"caption":"Vapes Bars | Slovenia"},"image":{"@id":"https:\/\/worldwide.vapes-bars.com\/si\/#\/schema\/logo\/image\/"},"sameAs":["https:\/\/www.facebook.com\/VapesBars","https:\/\/www.instagram.com\/vapesbars\/","https:\/\/www.youtube.com\/channel\/UCl3mP7oVZyDi5BEbmLu_C3Q"]}]}},"_links":{"self":[{"href":"https:\/\/worldwide.vapes-bars.com\/si\/wp-json\/wp\/v2\/pages\/10705","targetHints":{"allow":["GET"]}}],"collection":[{"href":"https:\/\/worldwide.vapes-bars.com\/si\/wp-json\/wp\/v2\/pages"}],"about":[{"href":"https:\/\/worldwide.vapes-bars.com\/si\/wp-json\/wp\/v2\/types\/page"}],"author":[{"embeddable":true,"href":"https:\/\/worldwide.vapes-bars.com\/si\/wp-json\/wp\/v2\/users\/2"}],"replies":[{"embeddable":true,"href":"https:\/\/worldwide.vapes-bars.com\/si\/wp-json\/wp\/v2\/comments?post=10705"}],"version-history":[{"count":40,"href":"https:\/\/worldwide.vapes-bars.com\/si\/wp-json\/wp\/v2\/pages\/10705\/revisions"}],"predecessor-version":[{"id":12467,"href":"https:\/\/worldwide.vapes-bars.com\/si\/wp-json\/wp\/v2\/pages\/10705\/revisions\/12467"}],"wp:attachment":[{"href":"https:\/\/worldwide.vapes-bars.com\/si\/wp-json\/wp\/v2\/media?parent=10705"}],"curies":[{"name":"wp","href":"https:\/\/api.w.org\/{rel}","templated":true}]}}