{"id":10510,"date":"2023-04-27T05:06:21","date_gmt":"2023-04-27T05:06:21","guid":{"rendered":"https:\/\/aza.kpn.mybluehost.me\/?page_id=10510"},"modified":"2023-07-21T08:10:52","modified_gmt":"2023-07-21T08:10:52","slug":"be-part-of-vapes-bars","status":"publish","type":"page","link":"https:\/\/worldwide.vapes-bars.com\/si\/be-part-of-vapes-bars\/","title":{"rendered":"Bodite Del Vapes Bars\u00ae"},"content":{"rendered":"\t\t<div data-elementor-type=\"wp-page\" data-elementor-id=\"10510\" class=\"elementor elementor-10510\">\n\t\t\t\t\t\t<section class=\"elementor-section elementor-top-section elementor-element elementor-element-801c699 elementor-section-full_width elementor-section-height-min-height elementor-section-stretched elementor-section-height-default elementor-section-items-middle\" data-id=\"801c699\" data-element_type=\"section\" data-e-type=\"section\" data-settings=\"{&quot;stretch_section&quot;:&quot;section-stretched&quot;,&quot;background_background&quot;:&quot;classic&quot;}\">\n\t\t\t\t\t\t<div class=\"elementor-container elementor-column-gap-default\">\n\t\t\t\t\t<div class=\"elementor-column elementor-col-100 elementor-top-column elementor-element elementor-element-4aa4d4c\" data-id=\"4aa4d4c\" data-element_type=\"column\" data-e-type=\"column\">\n\t\t\t<div class=\"elementor-widget-wrap elementor-element-populated\">\n\t\t\t\t\t\t<section class=\"elementor-section elementor-inner-section elementor-element elementor-element-524b697 elementor-section-boxed elementor-section-height-default elementor-section-height-default\" data-id=\"524b697\" data-element_type=\"section\" data-e-type=\"section\">\n\t\t\t\t\t\t<div class=\"elementor-container elementor-column-gap-default\">\n\t\t\t\t\t<div class=\"elementor-column elementor-col-100 elementor-inner-column elementor-element elementor-element-e55f531\" data-id=\"e55f531\" data-element_type=\"column\" data-e-type=\"column\">\n\t\t\t<div class=\"elementor-widget-wrap elementor-element-populated\">\n\t\t\t\t\t\t<div class=\"elementor-element elementor-element-7d97f22 elementor-widget elementor-widget-heading\" data-id=\"7d97f22\" data-element_type=\"widget\" data-e-type=\"widget\" data-widget_type=\"heading.default\">\n\t\t\t\t<div class=\"elementor-widget-container\">\n\t\t\t\t\t<h2 class=\"elementor-heading-title elementor-size-default\">Bodite Del <\/br>Vapes Bars\u00ae<\/h2>\t\t\t\t<\/div>\n\t\t\t\t<\/div>\n\t\t\t\t\t<\/div>\n\t\t<\/div>\n\t\t\t\t\t<\/div>\n\t\t<\/section>\n\t\t\t\t\t<\/div>\n\t\t<\/div>\n\t\t\t\t\t<\/div>\n\t\t<\/section>\n\t\t\t\t<section class=\"elementor-section elementor-top-section elementor-element elementor-element-6c204ad elementor-section-full_width elementor-section-content-middle elementor-section-stretched elementor-section-height-default elementor-section-height-default\" data-id=\"6c204ad\" data-element_type=\"section\" data-e-type=\"section\" data-settings=\"{&quot;stretch_section&quot;:&quot;section-stretched&quot;,&quot;background_background&quot;:&quot;classic&quot;}\">\n\t\t\t\t\t\t<div class=\"elementor-container elementor-column-gap-no\">\n\t\t\t\t\t<div class=\"elementor-column elementor-col-50 elementor-top-column elementor-element elementor-element-9650f2d\" data-id=\"9650f2d\" data-element_type=\"column\" data-e-type=\"column\">\n\t\t\t<div class=\"elementor-widget-wrap elementor-element-populated\">\n\t\t\t\t\t\t<div class=\"elementor-element elementor-element-ba2451b elementor-widget elementor-widget-heading\" data-id=\"ba2451b\" data-element_type=\"widget\" data-e-type=\"widget\" data-widget_type=\"heading.default\">\n\t\t\t\t<div class=\"elementor-widget-container\">\n\t\t\t\t\t<h2 class=\"elementor-heading-title elementor-size-default\">VRHUNSKA DESTINACIJA ZA MODERNEGA UPARJEVALCA<\/h2>\t\t\t\t<\/div>\n\t\t\t\t<\/div>\n\t\t\t\t<div class=\"elementor-element elementor-element-c619726 elementor-widget elementor-widget-heading\" data-id=\"c619726\" data-element_type=\"widget\" data-e-type=\"widget\" data-widget_type=\"heading.default\">\n\t\t\t\t<div class=\"elementor-widget-container\">\n\t\t\t\t\t<h2 class=\"elementor-heading-title elementor-size-default\">VE\u010c KOT SAMO ZNAMKA ZA UPARJEVANJE, SMO ZNAMKA ZA \u017dIVLJENJSKI SLOG!<\/h2>\t\t\t\t<\/div>\n\t\t\t\t<\/div>\n\t\t\t\t<div class=\"elementor-element elementor-element-a7fa6b8 elementor-widget elementor-widget-text-editor\" data-id=\"a7fa6b8\" data-element_type=\"widget\" data-e-type=\"widget\" data-widget_type=\"text-editor.default\">\n\t\t\t\t<div class=\"elementor-widget-container\">\n\t\t\t\t\t\t\t\t\t<p>Vapes Bars\u00ae predstavlja \u017eivljenjski slog svobode, izra\u017eanja in kreativnosti, ki ga prina\u0161a umetnost uparjevanja.<\/p><p>Zavezani smo zagotavljati uparjevalcem najvi\u0161jo kakovost izdelkov in storitev ter smo zasnovani s poudarkom na funkcionalnosti, vzdr\u017eljivosti in slogu, ki zadovoljujejo potrebe tako za\u010detnikov kot izku\u0161enih uparjevalcev.<\/p><p>Verjamemo, da je uparjevanje ve\u010d kot samo dejavnost; je na\u010din \u017eivljenja. I\u0161\u010dete eleganten in stilski mod ali edinstveno in privla\u010dno kapljico, saj vam bomo pomagali. Na\u0161a ekipa izku\u0161enih oblikovalcev in in\u017eenirjev neutrudno ustvarja izdelke, ki niso le izjemno zmogljivi, temve\u010d tudi \u010dudovito izgledajo.<\/p>\t\t\t\t\t\t\t\t<\/div>\n\t\t\t\t<\/div>\n\t\t\t\t<div class=\"elementor-element elementor-element-2f12087 elementor-widget elementor-widget-heading\" data-id=\"2f12087\" data-element_type=\"widget\" data-e-type=\"widget\" data-widget_type=\"heading.default\">\n\t\t\t\t<div class=\"elementor-widget-container\">\n\t\t\t\t\t<h3 class=\"elementor-heading-title elementor-size-default\">Vapes Bars\u00ae je blagovna znamka za vas. Pridru\u017ei se na\u0161i skupnosti in izkusite  pravo veselje do uparjevanja.<\/h3>\t\t\t\t<\/div>\n\t\t\t\t<\/div>\n\t\t\t\t<div class=\"elementor-element elementor-element-2fb6bec elementor-align-left elementor-invisible elementor-widget elementor-widget-button\" data-id=\"2fb6bec\" data-element_type=\"widget\" data-e-type=\"widget\" data-settings=\"{&quot;_animation&quot;:&quot;slideInLeft&quot;}\" data-widget_type=\"button.default\">\n\t\t\t\t<div class=\"elementor-widget-container\">\n\t\t\t\t\t\t\t\t\t<div class=\"elementor-button-wrapper\">\n\t\t\t\t\t<a class=\"elementor-button elementor-button-link elementor-size-xl elementor-animation-pulse\" href=\"https:\/\/worldwide.vapes-bars.com\/si\/for-distributors\/\" id=\"explore_more_btn\">\n\t\t\t\t\t\t<span class=\"elementor-button-content-wrapper\">\n\t\t\t\t\t\t<span class=\"elementor-button-icon\">\n\t\t\t\t<i aria-hidden=\"true\" class=\"liftsupply-icon- liftsupply-icon-arrow-right\"><\/i>\t\t\t<\/span>\n\t\t\t\t\t\t\t\t\t<span class=\"elementor-button-text\">Postanite veletrgovec<\/span>\n\t\t\t\t\t<\/span>\n\t\t\t\t\t<\/a>\n\t\t\t\t<\/div>\n\t\t\t\t\t\t\t\t<\/div>\n\t\t\t\t<\/div>\n\t\t\t\t\t<\/div>\n\t\t<\/div>\n\t\t\t\t<div class=\"elementor-column elementor-col-50 elementor-top-column elementor-element elementor-element-21ab5d1\" data-id=\"21ab5d1\" data-element_type=\"column\" data-e-type=\"column\">\n\t\t\t<div class=\"elementor-widget-wrap elementor-element-populated\">\n\t\t\t\t\t\t<div class=\"elementor-element elementor-element-ad83666 elementor-widget elementor-widget-image\" data-id=\"ad83666\" data-element_type=\"widget\" data-e-type=\"widget\" data-widget_type=\"image.default\">\n\t\t\t\t<div class=\"elementor-widget-container\">\n\t\t\t\t\t\t\t\t\t\t\t\t\t\t\t<img fetchpriority=\"high\" decoding=\"async\" width=\"1920\" height=\"1920\" src=\"https:\/\/worldwide.vapes-bars.com\/si\/wp-content\/uploads\/2023\/04\/DSC04178-copyedit-1080X1080.jpg\" class=\"attachment-full size-full wp-image-10867\" alt=\"\" srcset=\"https:\/\/worldwide.vapes-bars.com\/si\/wp-content\/uploads\/2023\/04\/DSC04178-copyedit-1080X1080.jpg 1920w, https:\/\/worldwide.vapes-bars.com\/si\/wp-content\/uploads\/2023\/04\/DSC04178-copyedit-1080X1080-300x300.jpg 300w, https:\/\/worldwide.vapes-bars.com\/si\/wp-content\/uploads\/2023\/04\/DSC04178-copyedit-1080X1080-1024x1024.jpg 1024w, https:\/\/worldwide.vapes-bars.com\/si\/wp-content\/uploads\/2023\/04\/DSC04178-copyedit-1080X1080-150x150.jpg 150w, https:\/\/worldwide.vapes-bars.com\/si\/wp-content\/uploads\/2023\/04\/DSC04178-copyedit-1080X1080-768x768.jpg 768w, https:\/\/worldwide.vapes-bars.com\/si\/wp-content\/uploads\/2023\/04\/DSC04178-copyedit-1080X1080-1536x1536.jpg 1536w, https:\/\/worldwide.vapes-bars.com\/si\/wp-content\/uploads\/2023\/04\/DSC04178-copyedit-1080X1080-630x630.jpg 630w, https:\/\/worldwide.vapes-bars.com\/si\/wp-content\/uploads\/2023\/04\/DSC04178-copyedit-1080X1080-450x450.jpg 450w, https:\/\/worldwide.vapes-bars.com\/si\/wp-content\/uploads\/2023\/04\/DSC04178-copyedit-1080X1080-800x800.jpg 800w, https:\/\/worldwide.vapes-bars.com\/si\/wp-content\/uploads\/2023\/04\/DSC04178-copyedit-1080X1080-100x100.jpg 100w, https:\/\/worldwide.vapes-bars.com\/si\/wp-content\/uploads\/2023\/04\/DSC04178-copyedit-1080X1080-50x50.jpg 50w, https:\/\/worldwide.vapes-bars.com\/si\/wp-content\/uploads\/2023\/04\/DSC04178-copyedit-1080X1080-600x600.jpg 600w, https:\/\/worldwide.vapes-bars.com\/si\/wp-content\/uploads\/2023\/04\/DSC04178-copyedit-1080X1080-96x96.jpg 96w, https:\/\/worldwide.vapes-bars.com\/si\/wp-content\/uploads\/2023\/04\/DSC04178-copyedit-1080X1080-460x460.jpg 460w\" sizes=\"(max-width: 1920px) 100vw, 1920px\" \/>\t\t\t\t\t\t\t\t\t\t\t\t\t\t\t<\/div>\n\t\t\t\t<\/div>\n\t\t\t\t<section class=\"elementor-section elementor-inner-section elementor-element elementor-element-55bb4bd elementor-section-full_width elementor-section-height-default elementor-section-height-default\" data-id=\"55bb4bd\" data-element_type=\"section\" data-e-type=\"section\">\n\t\t\t\t\t\t<div class=\"elementor-container elementor-column-gap-no\">\n\t\t\t\t\t<div class=\"elementor-column elementor-col-50 elementor-inner-column elementor-element elementor-element-0a7d490\" data-id=\"0a7d490\" data-element_type=\"column\" data-e-type=\"column\">\n\t\t\t<div class=\"elementor-widget-wrap elementor-element-populated\">\n\t\t\t\t\t\t<div class=\"elementor-element elementor-element-4122806 elementor-widget elementor-widget-image\" data-id=\"4122806\" data-element_type=\"widget\" data-e-type=\"widget\" data-widget_type=\"image.default\">\n\t\t\t\t<div class=\"elementor-widget-container\">\n\t\t\t\t\t\t\t\t\t\t\t\t\t\t\t<img decoding=\"async\" width=\"980\" height=\"980\" data-src=\"https:\/\/worldwide.vapes-bars.com\/si\/wp-content\/uploads\/2023\/04\/2edit-1024x1024.jpg\" class=\"attachment-large size-large wp-image-10656 lazyload\" alt=\"\" data-srcset=\"https:\/\/worldwide.vapes-bars.com\/si\/wp-content\/uploads\/2023\/04\/2edit-1024x1024.jpg 1024w, https:\/\/worldwide.vapes-bars.com\/si\/wp-content\/uploads\/2023\/04\/2edit-300x300.jpg 300w, https:\/\/worldwide.vapes-bars.com\/si\/wp-content\/uploads\/2023\/04\/2edit-150x150.jpg 150w, https:\/\/worldwide.vapes-bars.com\/si\/wp-content\/uploads\/2023\/04\/2edit-768x768.jpg 768w, https:\/\/worldwide.vapes-bars.com\/si\/wp-content\/uploads\/2023\/04\/2edit-1536x1536.jpg 1536w, https:\/\/worldwide.vapes-bars.com\/si\/wp-content\/uploads\/2023\/04\/2edit-2048x2048.jpg 2048w, https:\/\/worldwide.vapes-bars.com\/si\/wp-content\/uploads\/2023\/04\/2edit-630x630.jpg 630w, https:\/\/worldwide.vapes-bars.com\/si\/wp-content\/uploads\/2023\/04\/2edit-450x450.jpg 450w, https:\/\/worldwide.vapes-bars.com\/si\/wp-content\/uploads\/2023\/04\/2edit-800x800.jpg 800w, https:\/\/worldwide.vapes-bars.com\/si\/wp-content\/uploads\/2023\/04\/2edit-100x100.jpg 100w, https:\/\/worldwide.vapes-bars.com\/si\/wp-content\/uploads\/2023\/04\/2edit-50x50.jpg 50w, https:\/\/worldwide.vapes-bars.com\/si\/wp-content\/uploads\/2023\/04\/2edit-600x600.jpg 600w, https:\/\/worldwide.vapes-bars.com\/si\/wp-content\/uploads\/2023\/04\/2edit-96x96.jpg 96w, https:\/\/worldwide.vapes-bars.com\/si\/wp-content\/uploads\/2023\/04\/2edit-460x460.jpg 460w\" data-sizes=\"(max-width: 980px) 100vw, 980px\" src=\"data:image\/svg+xml;base64,PHN2ZyB3aWR0aD0iMSIgaGVpZ2h0PSIxIiB4bWxucz0iaHR0cDovL3d3dy53My5vcmcvMjAwMC9zdmciPjwvc3ZnPg==\" style=\"--smush-placeholder-width: 980px; --smush-placeholder-aspect-ratio: 980\/980;\" \/>\t\t\t\t\t\t\t\t\t\t\t\t\t\t\t<\/div>\n\t\t\t\t<\/div>\n\t\t\t\t\t<\/div>\n\t\t<\/div>\n\t\t\t\t<div class=\"elementor-column elementor-col-50 elementor-inner-column elementor-element elementor-element-10b2f5a\" data-id=\"10b2f5a\" data-element_type=\"column\" data-e-type=\"column\">\n\t\t\t<div class=\"elementor-widget-wrap elementor-element-populated\">\n\t\t\t\t\t\t<div class=\"elementor-element elementor-element-6f50dbc elementor-widget elementor-widget-image\" data-id=\"6f50dbc\" data-element_type=\"widget\" data-e-type=\"widget\" data-widget_type=\"image.default\">\n\t\t\t\t<div class=\"elementor-widget-container\">\n\t\t\t\t\t\t\t\t\t\t\t\t\t\t\t<img decoding=\"async\" width=\"980\" height=\"980\" data-src=\"https:\/\/worldwide.vapes-bars.com\/si\/wp-content\/uploads\/2023\/04\/03-1-1024x1024.png\" class=\"attachment-large size-large wp-image-10816 lazyload\" alt=\"\" data-srcset=\"https:\/\/worldwide.vapes-bars.com\/si\/wp-content\/uploads\/2023\/04\/03-1-1024x1024.png 1024w, https:\/\/worldwide.vapes-bars.com\/si\/wp-content\/uploads\/2023\/04\/03-1-300x300.png 300w, https:\/\/worldwide.vapes-bars.com\/si\/wp-content\/uploads\/2023\/04\/03-1-150x150.png 150w, https:\/\/worldwide.vapes-bars.com\/si\/wp-content\/uploads\/2023\/04\/03-1-768x768.png 768w, https:\/\/worldwide.vapes-bars.com\/si\/wp-content\/uploads\/2023\/04\/03-1-630x630.png 630w, https:\/\/worldwide.vapes-bars.com\/si\/wp-content\/uploads\/2023\/04\/03-1-450x450.png 450w, https:\/\/worldwide.vapes-bars.com\/si\/wp-content\/uploads\/2023\/04\/03-1-800x800.png 800w, https:\/\/worldwide.vapes-bars.com\/si\/wp-content\/uploads\/2023\/04\/03-1-100x100.png 100w, https:\/\/worldwide.vapes-bars.com\/si\/wp-content\/uploads\/2023\/04\/03-1-50x50.png 50w, https:\/\/worldwide.vapes-bars.com\/si\/wp-content\/uploads\/2023\/04\/03-1-600x600.png 600w, https:\/\/worldwide.vapes-bars.com\/si\/wp-content\/uploads\/2023\/04\/03-1-96x96.png 96w, https:\/\/worldwide.vapes-bars.com\/si\/wp-content\/uploads\/2023\/04\/03-1-460x460.png 460w, https:\/\/worldwide.vapes-bars.com\/si\/wp-content\/uploads\/2023\/04\/03-1.png 1528w\" data-sizes=\"(max-width: 980px) 100vw, 980px\" src=\"data:image\/svg+xml;base64,PHN2ZyB3aWR0aD0iMSIgaGVpZ2h0PSIxIiB4bWxucz0iaHR0cDovL3d3dy53My5vcmcvMjAwMC9zdmciPjwvc3ZnPg==\" style=\"--smush-placeholder-width: 980px; --smush-placeholder-aspect-ratio: 980\/980;\" \/>\t\t\t\t\t\t\t\t\t\t\t\t\t\t\t<\/div>\n\t\t\t\t<\/div>\n\t\t\t\t\t<\/div>\n\t\t<\/div>\n\t\t\t\t\t<\/div>\n\t\t<\/section>\n\t\t\t\t\t<\/div>\n\t\t<\/div>\n\t\t\t\t\t<\/div>\n\t\t<\/section>\n\t\t\t\t<section class=\"elementor-section elementor-top-section elementor-element elementor-element-91596f2 elementor-section-full_width elementor-section-stretched elementor-section-height-default elementor-section-height-default\" data-id=\"91596f2\" data-element_type=\"section\" data-e-type=\"section\" data-settings=\"{&quot;stretch_section&quot;:&quot;section-stretched&quot;,&quot;background_background&quot;:&quot;classic&quot;}\">\n\t\t\t\t\t\t<div class=\"elementor-container elementor-column-gap-no\">\n\t\t\t\t\t<div class=\"elementor-column elementor-col-100 elementor-top-column elementor-element elementor-element-7e1c86a\" data-id=\"7e1c86a\" data-element_type=\"column\" data-e-type=\"column\">\n\t\t\t<div class=\"elementor-widget-wrap\">\n\t\t\t\t\t\t\t<\/div>\n\t\t<\/div>\n\t\t\t\t\t<\/div>\n\t\t<\/section>\n\t\t\t\t<\/div>\n\t\t","protected":false},"excerpt":{"rendered":"<p>Bodite Del Vapes Bars\u00ae VRHUNSKA DESTINACIJA ZA MODERNEGA UPARJEVALCA VE\u010c KOT SAMO ZNAMKA ZA UPARJEVANJE, SMO ZNAMKA ZA \u017dIVLJENJSKI SLOG! Vapes Bars\u00ae predstavlja \u017eivljenjski slog svobode, izra\u017eanja in kreativnosti, ki ga prina\u0161a umetnost uparjevanja. Zavezani smo zagotavljati uparjevalcem najvi\u0161jo kakovost izdelkov in storitev ter smo zasnovani s poudarkom na funkcionalnosti, vzdr\u017eljivosti in slogu, ki zadovoljujejo [&hellip;]<\/p>\n","protected":false},"author":2,"featured_media":0,"parent":0,"menu_order":0,"comment_status":"closed","ping_status":"closed","template":"template-homepage.php","meta":{"_acf_changed":false,"nf_dc_page":"","inline_featured_image":false,"footnotes":""},"class_list":["post-10510","page","type-page","status-publish","hentry"],"acf":[],"yoast_head":"<!-- This site is optimized with the Yoast SEO plugin v27.4 - https:\/\/yoast.com\/product\/yoast-seo-wordpress\/ -->\n<title>Bodite Del Vapes Bars\u00ae - Vapes Bars | Slovenia<\/title>\n<meta name=\"robots\" content=\"index, follow, max-snippet:-1, max-image-preview:large, max-video-preview:-1\" \/>\n<link rel=\"canonical\" href=\"https:\/\/worldwide.vapes-bars.com\/si\/be-part-of-vapes-bars\/\" \/>\n<meta property=\"og:locale\" content=\"en_US\" \/>\n<meta property=\"og:type\" content=\"article\" \/>\n<meta property=\"og:title\" content=\"Bodite Del Vapes Bars\u00ae - Vapes Bars | Slovenia\" \/>\n<meta property=\"og:description\" content=\"Bodite Del Vapes Bars\u00ae VRHUNSKA DESTINACIJA ZA MODERNEGA UPARJEVALCA VE\u010c KOT SAMO ZNAMKA ZA UPARJEVANJE, SMO ZNAMKA ZA \u017dIVLJENJSKI SLOG! Vapes Bars\u00ae predstavlja \u017eivljenjski slog svobode, izra\u017eanja in kreativnosti, ki ga prina\u0161a umetnost uparjevanja. Zavezani smo zagotavljati uparjevalcem najvi\u0161jo kakovost izdelkov in storitev ter smo zasnovani s poudarkom na funkcionalnosti, vzdr\u017eljivosti in slogu, ki zadovoljujejo [&hellip;]\" \/>\n<meta property=\"og:url\" content=\"https:\/\/worldwide.vapes-bars.com\/si\/be-part-of-vapes-bars\/\" \/>\n<meta property=\"og:site_name\" content=\"Vapes Bars | Slovenia\" \/>\n<meta property=\"article:publisher\" content=\"https:\/\/www.facebook.com\/VapesBars\" \/>\n<meta property=\"article:modified_time\" content=\"2023-07-21T08:10:52+00:00\" \/>\n<meta property=\"og:image\" content=\"https:\/\/worldwide.vapes-bars.com\/si\/wp-content\/uploads\/2023\/04\/DSC04178-copyedit-1080X1080.jpg\" \/>\n<meta name=\"twitter:card\" content=\"summary_large_image\" \/>\n<meta name=\"twitter:label1\" content=\"Est. reading time\" \/>\n\t<meta name=\"twitter:data1\" content=\"2 minutes\" \/>\n<script type=\"application\/ld+json\" class=\"yoast-schema-graph\">{\"@context\":\"https:\\\/\\\/schema.org\",\"@graph\":[{\"@type\":\"WebPage\",\"@id\":\"https:\\\/\\\/worldwide.vapes-bars.com\\\/si\\\/be-part-of-vapes-bars\\\/\",\"url\":\"https:\\\/\\\/worldwide.vapes-bars.com\\\/si\\\/be-part-of-vapes-bars\\\/\",\"name\":\"Bodite Del Vapes Bars\u00ae - Vapes Bars | Slovenia\",\"isPartOf\":{\"@id\":\"https:\\\/\\\/worldwide.vapes-bars.com\\\/si\\\/#website\"},\"primaryImageOfPage\":{\"@id\":\"https:\\\/\\\/worldwide.vapes-bars.com\\\/si\\\/be-part-of-vapes-bars\\\/#primaryimage\"},\"image\":{\"@id\":\"https:\\\/\\\/worldwide.vapes-bars.com\\\/si\\\/be-part-of-vapes-bars\\\/#primaryimage\"},\"thumbnailUrl\":\"https:\\\/\\\/worldwide.vapes-bars.com\\\/si\\\/wp-content\\\/uploads\\\/2023\\\/04\\\/DSC04178-copyedit-1080X1080.jpg\",\"datePublished\":\"2023-04-27T05:06:21+00:00\",\"dateModified\":\"2023-07-21T08:10:52+00:00\",\"breadcrumb\":{\"@id\":\"https:\\\/\\\/worldwide.vapes-bars.com\\\/si\\\/be-part-of-vapes-bars\\\/#breadcrumb\"},\"inLanguage\":\"en-US\",\"potentialAction\":[{\"@type\":\"ReadAction\",\"target\":[\"https:\\\/\\\/worldwide.vapes-bars.com\\\/si\\\/be-part-of-vapes-bars\\\/\"]}]},{\"@type\":\"ImageObject\",\"inLanguage\":\"en-US\",\"@id\":\"https:\\\/\\\/worldwide.vapes-bars.com\\\/si\\\/be-part-of-vapes-bars\\\/#primaryimage\",\"url\":\"https:\\\/\\\/worldwide.vapes-bars.com\\\/si\\\/wp-content\\\/uploads\\\/2023\\\/04\\\/DSC04178-copyedit-1080X1080.jpg\",\"contentUrl\":\"https:\\\/\\\/worldwide.vapes-bars.com\\\/si\\\/wp-content\\\/uploads\\\/2023\\\/04\\\/DSC04178-copyedit-1080X1080.jpg\",\"width\":1920,\"height\":1920},{\"@type\":\"BreadcrumbList\",\"@id\":\"https:\\\/\\\/worldwide.vapes-bars.com\\\/si\\\/be-part-of-vapes-bars\\\/#breadcrumb\",\"itemListElement\":[{\"@type\":\"ListItem\",\"position\":1,\"name\":\"Home\",\"item\":\"https:\\\/\\\/worldwide.vapes-bars.com\\\/si\\\/\"},{\"@type\":\"ListItem\",\"position\":2,\"name\":\"Bodite Del Vapes Bars\u00ae\"}]},{\"@type\":\"WebSite\",\"@id\":\"https:\\\/\\\/worldwide.vapes-bars.com\\\/si\\\/#website\",\"url\":\"https:\\\/\\\/worldwide.vapes-bars.com\\\/si\\\/\",\"name\":\"Vapes Bars | Slovenia\",\"description\":\"Vapes Bars Worldwide\",\"publisher\":{\"@id\":\"https:\\\/\\\/worldwide.vapes-bars.com\\\/si\\\/#organization\"},\"potentialAction\":[{\"@type\":\"SearchAction\",\"target\":{\"@type\":\"EntryPoint\",\"urlTemplate\":\"https:\\\/\\\/worldwide.vapes-bars.com\\\/si\\\/?s={search_term_string}\"},\"query-input\":{\"@type\":\"PropertyValueSpecification\",\"valueRequired\":true,\"valueName\":\"search_term_string\"}}],\"inLanguage\":\"en-US\"},{\"@type\":\"Organization\",\"@id\":\"https:\\\/\\\/worldwide.vapes-bars.com\\\/si\\\/#organization\",\"name\":\"Vapes Bars | Slovenia\",\"url\":\"https:\\\/\\\/worldwide.vapes-bars.com\\\/si\\\/\",\"logo\":{\"@type\":\"ImageObject\",\"inLanguage\":\"en-US\",\"@id\":\"https:\\\/\\\/worldwide.vapes-bars.com\\\/si\\\/#\\\/schema\\\/logo\\\/image\\\/\",\"url\":\"https:\\\/\\\/i0.wp.com\\\/aza.kpn.mybluehost.me\\\/wp-content\\\/uploads\\\/2023\\\/01\\\/VAPES_BARS_LOGO-02.png?fit=12501%2C12501&ssl=1\",\"contentUrl\":\"https:\\\/\\\/i0.wp.com\\\/aza.kpn.mybluehost.me\\\/wp-content\\\/uploads\\\/2023\\\/01\\\/VAPES_BARS_LOGO-02.png?fit=12501%2C12501&ssl=1\",\"width\":12501,\"height\":12501,\"caption\":\"Vapes Bars | Slovenia\"},\"image\":{\"@id\":\"https:\\\/\\\/worldwide.vapes-bars.com\\\/si\\\/#\\\/schema\\\/logo\\\/image\\\/\"},\"sameAs\":[\"https:\\\/\\\/www.facebook.com\\\/VapesBars\",\"https:\\\/\\\/www.instagram.com\\\/vapesbars\\\/\",\"https:\\\/\\\/www.youtube.com\\\/channel\\\/UCl3mP7oVZyDi5BEbmLu_C3Q\"]}]}<\/script>\n<!-- \/ Yoast SEO plugin. -->","yoast_head_json":{"title":"Bodite Del Vapes Bars\u00ae - Vapes Bars | Slovenia","robots":{"index":"index","follow":"follow","max-snippet":"max-snippet:-1","max-image-preview":"max-image-preview:large","max-video-preview":"max-video-preview:-1"},"canonical":"https:\/\/worldwide.vapes-bars.com\/si\/be-part-of-vapes-bars\/","og_locale":"en_US","og_type":"article","og_title":"Bodite Del Vapes Bars\u00ae - Vapes Bars | Slovenia","og_description":"Bodite Del Vapes Bars\u00ae VRHUNSKA DESTINACIJA ZA MODERNEGA UPARJEVALCA VE\u010c KOT SAMO ZNAMKA ZA UPARJEVANJE, SMO ZNAMKA ZA \u017dIVLJENJSKI SLOG! Vapes Bars\u00ae predstavlja \u017eivljenjski slog svobode, izra\u017eanja in kreativnosti, ki ga prina\u0161a umetnost uparjevanja. Zavezani smo zagotavljati uparjevalcem najvi\u0161jo kakovost izdelkov in storitev ter smo zasnovani s poudarkom na funkcionalnosti, vzdr\u017eljivosti in slogu, ki zadovoljujejo [&hellip;]","og_url":"https:\/\/worldwide.vapes-bars.com\/si\/be-part-of-vapes-bars\/","og_site_name":"Vapes Bars | Slovenia","article_publisher":"https:\/\/www.facebook.com\/VapesBars","article_modified_time":"2023-07-21T08:10:52+00:00","og_image":[{"url":"https:\/\/worldwide.vapes-bars.com\/si\/wp-content\/uploads\/2023\/04\/DSC04178-copyedit-1080X1080.jpg","type":"","width":"","height":""}],"twitter_card":"summary_large_image","twitter_misc":{"Est. reading time":"2 minutes"},"schema":{"@context":"https:\/\/schema.org","@graph":[{"@type":"WebPage","@id":"https:\/\/worldwide.vapes-bars.com\/si\/be-part-of-vapes-bars\/","url":"https:\/\/worldwide.vapes-bars.com\/si\/be-part-of-vapes-bars\/","name":"Bodite Del Vapes Bars\u00ae - Vapes Bars | Slovenia","isPartOf":{"@id":"https:\/\/worldwide.vapes-bars.com\/si\/#website"},"primaryImageOfPage":{"@id":"https:\/\/worldwide.vapes-bars.com\/si\/be-part-of-vapes-bars\/#primaryimage"},"image":{"@id":"https:\/\/worldwide.vapes-bars.com\/si\/be-part-of-vapes-bars\/#primaryimage"},"thumbnailUrl":"https:\/\/worldwide.vapes-bars.com\/si\/wp-content\/uploads\/2023\/04\/DSC04178-copyedit-1080X1080.jpg","datePublished":"2023-04-27T05:06:21+00:00","dateModified":"2023-07-21T08:10:52+00:00","breadcrumb":{"@id":"https:\/\/worldwide.vapes-bars.com\/si\/be-part-of-vapes-bars\/#breadcrumb"},"inLanguage":"en-US","potentialAction":[{"@type":"ReadAction","target":["https:\/\/worldwide.vapes-bars.com\/si\/be-part-of-vapes-bars\/"]}]},{"@type":"ImageObject","inLanguage":"en-US","@id":"https:\/\/worldwide.vapes-bars.com\/si\/be-part-of-vapes-bars\/#primaryimage","url":"https:\/\/worldwide.vapes-bars.com\/si\/wp-content\/uploads\/2023\/04\/DSC04178-copyedit-1080X1080.jpg","contentUrl":"https:\/\/worldwide.vapes-bars.com\/si\/wp-content\/uploads\/2023\/04\/DSC04178-copyedit-1080X1080.jpg","width":1920,"height":1920},{"@type":"BreadcrumbList","@id":"https:\/\/worldwide.vapes-bars.com\/si\/be-part-of-vapes-bars\/#breadcrumb","itemListElement":[{"@type":"ListItem","position":1,"name":"Home","item":"https:\/\/worldwide.vapes-bars.com\/si\/"},{"@type":"ListItem","position":2,"name":"Bodite Del Vapes Bars\u00ae"}]},{"@type":"WebSite","@id":"https:\/\/worldwide.vapes-bars.com\/si\/#website","url":"https:\/\/worldwide.vapes-bars.com\/si\/","name":"Vapes Bars | Slovenia","description":"Vapes Bars Worldwide","publisher":{"@id":"https:\/\/worldwide.vapes-bars.com\/si\/#organization"},"potentialAction":[{"@type":"SearchAction","target":{"@type":"EntryPoint","urlTemplate":"https:\/\/worldwide.vapes-bars.com\/si\/?s={search_term_string}"},"query-input":{"@type":"PropertyValueSpecification","valueRequired":true,"valueName":"search_term_string"}}],"inLanguage":"en-US"},{"@type":"Organization","@id":"https:\/\/worldwide.vapes-bars.com\/si\/#organization","name":"Vapes Bars | Slovenia","url":"https:\/\/worldwide.vapes-bars.com\/si\/","logo":{"@type":"ImageObject","inLanguage":"en-US","@id":"https:\/\/worldwide.vapes-bars.com\/si\/#\/schema\/logo\/image\/","url":"https:\/\/i0.wp.com\/aza.kpn.mybluehost.me\/wp-content\/uploads\/2023\/01\/VAPES_BARS_LOGO-02.png?fit=12501%2C12501&ssl=1","contentUrl":"https:\/\/i0.wp.com\/aza.kpn.mybluehost.me\/wp-content\/uploads\/2023\/01\/VAPES_BARS_LOGO-02.png?fit=12501%2C12501&ssl=1","width":12501,"height":12501,"caption":"Vapes Bars | Slovenia"},"image":{"@id":"https:\/\/worldwide.vapes-bars.com\/si\/#\/schema\/logo\/image\/"},"sameAs":["https:\/\/www.facebook.com\/VapesBars","https:\/\/www.instagram.com\/vapesbars\/","https:\/\/www.youtube.com\/channel\/UCl3mP7oVZyDi5BEbmLu_C3Q"]}]}},"_links":{"self":[{"href":"https:\/\/worldwide.vapes-bars.com\/si\/wp-json\/wp\/v2\/pages\/10510","targetHints":{"allow":["GET"]}}],"collection":[{"href":"https:\/\/worldwide.vapes-bars.com\/si\/wp-json\/wp\/v2\/pages"}],"about":[{"href":"https:\/\/worldwide.vapes-bars.com\/si\/wp-json\/wp\/v2\/types\/page"}],"author":[{"embeddable":true,"href":"https:\/\/worldwide.vapes-bars.com\/si\/wp-json\/wp\/v2\/users\/2"}],"replies":[{"embeddable":true,"href":"https:\/\/worldwide.vapes-bars.com\/si\/wp-json\/wp\/v2\/comments?post=10510"}],"version-history":[{"count":5,"href":"https:\/\/worldwide.vapes-bars.com\/si\/wp-json\/wp\/v2\/pages\/10510\/revisions"}],"predecessor-version":[{"id":12516,"href":"https:\/\/worldwide.vapes-bars.com\/si\/wp-json\/wp\/v2\/pages\/10510\/revisions\/12516"}],"wp:attachment":[{"href":"https:\/\/worldwide.vapes-bars.com\/si\/wp-json\/wp\/v2\/media?parent=10510"}],"curies":[{"name":"wp","href":"https:\/\/api.w.org\/{rel}","templated":true}]}}