{"id":10705,"date":"2023-04-27T10:06:40","date_gmt":"2023-04-27T10:06:40","guid":{"rendered":"https:\/\/aza.kpn.mybluehost.me\/?page_id=10705"},"modified":"2023-06-22T06:13:31","modified_gmt":"2023-06-22T06:13:31","slug":"the-story-of-us-with-a-twist","status":"publish","type":"page","link":"https:\/\/worldwide.vapes-bars.com\/se\/the-story-of-us-with-a-twist\/","title":{"rendered":"Historien om oss, med en twist"},"content":{"rendered":"\t\t<div data-elementor-type=\"wp-page\" data-elementor-id=\"10705\" class=\"elementor elementor-10705\">\n\t\t\t\t\t\t<section class=\"elementor-section elementor-top-section elementor-element elementor-element-362ee35 elementor-section-full_width elementor-section-stretched elementor-section-height-default elementor-section-height-default\" data-id=\"362ee35\" data-element_type=\"section\" data-e-type=\"section\" data-settings=\"{&quot;stretch_section&quot;:&quot;section-stretched&quot;,&quot;background_background&quot;:&quot;classic&quot;}\">\n\t\t\t\t\t\t<div class=\"elementor-container elementor-column-gap-no\">\n\t\t\t\t\t<div class=\"elementor-column elementor-col-100 elementor-top-column elementor-element elementor-element-ffef3ae\" data-id=\"ffef3ae\" data-element_type=\"column\" data-e-type=\"column\">\n\t\t\t<div class=\"elementor-widget-wrap elementor-element-populated\">\n\t\t\t\t\t\t<section class=\"elementor-section elementor-inner-section elementor-element elementor-element-7005c83 elementor-section-boxed elementor-section-height-default elementor-section-height-default\" data-id=\"7005c83\" data-element_type=\"section\" data-e-type=\"section\">\n\t\t\t\t\t\t<div class=\"elementor-container elementor-column-gap-default\">\n\t\t\t\t\t<div class=\"elementor-column elementor-col-100 elementor-inner-column elementor-element elementor-element-f97fb8a\" data-id=\"f97fb8a\" data-element_type=\"column\" data-e-type=\"column\">\n\t\t\t<div class=\"elementor-widget-wrap elementor-element-populated\">\n\t\t\t\t\t\t<div class=\"elementor-element elementor-element-f17bc4d elementor-widget elementor-widget-heading\" data-id=\"f17bc4d\" data-element_type=\"widget\" data-e-type=\"widget\" data-widget_type=\"heading.default\">\n\t\t\t\t<div class=\"elementor-widget-container\">\n\t\t\t\t\t<h2 class=\"elementor-heading-title elementor-size-default\">Historien om oss, med en twist<\/h2>\t\t\t\t<\/div>\n\t\t\t\t<\/div>\n\t\t\t\t\t<\/div>\n\t\t<\/div>\n\t\t\t\t\t<\/div>\n\t\t<\/section>\n\t\t\t\t\t<\/div>\n\t\t<\/div>\n\t\t\t\t\t<\/div>\n\t\t<\/section>\n\t\t\t\t<section class=\"elementor-section elementor-top-section elementor-element elementor-element-1736ddb elementor-section-full_width elementor-section-content-middle elementor-section-stretched elementor-section-height-default elementor-section-height-default\" data-id=\"1736ddb\" data-element_type=\"section\" data-e-type=\"section\" data-settings=\"{&quot;stretch_section&quot;:&quot;section-stretched&quot;,&quot;background_background&quot;:&quot;classic&quot;}\">\n\t\t\t\t\t\t<div class=\"elementor-container elementor-column-gap-no\">\n\t\t\t\t\t<div class=\"elementor-column elementor-col-50 elementor-top-column elementor-element elementor-element-2977d92\" data-id=\"2977d92\" data-element_type=\"column\" data-e-type=\"column\">\n\t\t\t<div class=\"elementor-widget-wrap\">\n\t\t\t\t\t\t\t<\/div>\n\t\t<\/div>\n\t\t\t\t<div class=\"elementor-column elementor-col-50 elementor-top-column elementor-element elementor-element-a8f9efa\" data-id=\"a8f9efa\" data-element_type=\"column\" data-e-type=\"column\">\n\t\t\t<div class=\"elementor-widget-wrap elementor-element-populated\">\n\t\t\t\t\t\t<div class=\"elementor-element elementor-element-f054b6b elementor-widget elementor-widget-heading\" data-id=\"f054b6b\" data-element_type=\"widget\" data-e-type=\"widget\" data-widget_type=\"heading.default\">\n\t\t\t\t<div class=\"elementor-widget-container\">\n\t\t\t\t\t<h2 class=\"elementor-heading-title elementor-size-default\">DJ\u00c4RV. KREATIV. GR\u00c4NSL\u00d6S<\/h2>\t\t\t\t<\/div>\n\t\t\t\t<\/div>\n\t\t\t\t<div class=\"elementor-element elementor-element-f0b9653 elementor-widget elementor-widget-text-editor\" data-id=\"f0b9653\" data-element_type=\"widget\" data-e-type=\"widget\" data-widget_type=\"text-editor.default\">\n\t\t\t\t<div class=\"elementor-widget-container\">\n\t\t\t\t\t\t\t\t\t<p>V\u00e5r historia handlar verkligen om en grupp passionerade individer som kom samman med en gemensam k\u00e4rlek till vaping och en vision att skapa n\u00e5got verkligt speciellt. Vi lade v\u00e5ra hj\u00e4rtan och sj\u00e4lar i att utveckla nya och sp\u00e4nnande smaker, st\u00e4ndigt pressa gr\u00e4nserna f\u00f6r vad som var m\u00f6jligt inom vaping-v\u00e4rlden.<\/p><p>N\u00e4r vi v\u00e4xte, f\u00f6rblev vi engagerade i v\u00e5ra k\u00e4rnv\u00e4rden av kvalitet, innovation och kundn\u00f6jdhet. Vi ville inte bara skapa produkter, utan en gemenskap av vapers som delade v\u00e5r passion f\u00f6r utforskning och experiment.<\/p><p>Idag \u00e4r vi en ledande akt\u00f6r i den globala vape-industrin, med en stark n\u00e4rvaro i \u00f6ver 50 l\u00e4nder och r\u00e4knar. Men vi gl\u00f6mmer aldrig v\u00e5ra r\u00f6tter &#8211; v\u00e5r historia handlar verkligen om en grupp v\u00e4nner som f\u00f6rvandlade sin k\u00e4rlek till vaping till n\u00e5got verkligt anm\u00e4rkningsv\u00e4rt.<\/p><p>Idag har Vape Bars\u00ae blivit en global sensation. Men v\u00e5r historia \u00e4r l\u00e5ngt ifr\u00e5n \u00f6ver &#8211; vi pushar oss alltid sj\u00e4lva att komma med nya och sp\u00e4nnande produkter som forts\u00e4tter att inspirera vapers runt om i v\u00e4rlden.<\/p>\t\t\t\t\t\t\t\t<\/div>\n\t\t\t\t<\/div>\n\t\t\t\t<div class=\"elementor-element elementor-element-217c9f6 elementor-widget elementor-widget-heading\" data-id=\"217c9f6\" data-element_type=\"widget\" data-e-type=\"widget\" data-widget_type=\"heading.default\">\n\t\t\t\t<div class=\"elementor-widget-container\">\n\t\t\t\t\t<h3 class=\"elementor-heading-title elementor-size-default\">L\u00e5t oss vapea oss till en mer sp\u00e4nnande och smakfull framtid!<\/h3>\t\t\t\t<\/div>\n\t\t\t\t<\/div>\n\t\t\t\t\t<\/div>\n\t\t<\/div>\n\t\t\t\t\t<\/div>\n\t\t<\/section>\n\t\t\t\t<\/div>\n\t\t","protected":false},"excerpt":{"rendered":"<p>Historien om oss, med en twist DJ\u00c4RV. KREATIV. GR\u00c4NSL\u00d6S V\u00e5r historia handlar verkligen om en grupp passionerade individer som kom samman med en gemensam k\u00e4rlek till vaping och en vision att skapa n\u00e5got verkligt speciellt. Vi lade v\u00e5ra hj\u00e4rtan och sj\u00e4lar i att utveckla nya och sp\u00e4nnande smaker, st\u00e4ndigt pressa gr\u00e4nserna f\u00f6r vad som var [&hellip;]<\/p>\n","protected":false},"author":2,"featured_media":0,"parent":0,"menu_order":0,"comment_status":"closed","ping_status":"closed","template":"template-homepage.php","meta":{"_acf_changed":false,"nf_dc_page":"","inline_featured_image":false,"footnotes":""},"class_list":["post-10705","page","type-page","status-publish","hentry"],"acf":[],"yoast_head":"<!-- This site is optimized with the Yoast SEO plugin v27.6 - https:\/\/yoast.com\/product\/yoast-seo-wordpress\/ -->\n<title>Historien om oss, med en twist - Vapes Bars | Sweden<\/title>\n<meta name=\"robots\" content=\"index, follow, max-snippet:-1, max-image-preview:large, max-video-preview:-1\" \/>\n<link rel=\"canonical\" href=\"https:\/\/worldwide.vapes-bars.com\/se\/the-story-of-us-with-a-twist\/\" \/>\n<meta property=\"og:locale\" content=\"en_US\" \/>\n<meta property=\"og:type\" content=\"article\" \/>\n<meta property=\"og:title\" content=\"Historien om oss, med en twist - Vapes Bars | Sweden\" \/>\n<meta property=\"og:description\" content=\"Historien om oss, med en twist DJ\u00c4RV. KREATIV. GR\u00c4NSL\u00d6S V\u00e5r historia handlar verkligen om en grupp passionerade individer som kom samman med en gemensam k\u00e4rlek till vaping och en vision att skapa n\u00e5got verkligt speciellt. Vi lade v\u00e5ra hj\u00e4rtan och sj\u00e4lar i att utveckla nya och sp\u00e4nnande smaker, st\u00e4ndigt pressa gr\u00e4nserna f\u00f6r vad som var [&hellip;]\" \/>\n<meta property=\"og:url\" content=\"https:\/\/worldwide.vapes-bars.com\/se\/the-story-of-us-with-a-twist\/\" \/>\n<meta property=\"og:site_name\" content=\"Vapes Bars | Sweden\" \/>\n<meta property=\"article:publisher\" content=\"https:\/\/www.facebook.com\/VapesBars\" \/>\n<meta property=\"article:modified_time\" content=\"2023-06-22T06:13:31+00:00\" \/>\n<meta property=\"og:image\" content=\"https:\/\/worldwide.vapes-bars.com\/se\/wp-content\/uploads\/2023\/04\/9-EDITED-scaled.jpg\" \/>\n<meta name=\"twitter:card\" content=\"summary_large_image\" \/>\n<meta name=\"twitter:label1\" content=\"Est. reading time\" \/>\n\t<meta name=\"twitter:data1\" content=\"2 minutes\" \/>\n<script type=\"application\/ld+json\" class=\"yoast-schema-graph\">{\"@context\":\"https:\\\/\\\/schema.org\",\"@graph\":[{\"@type\":\"WebPage\",\"@id\":\"https:\\\/\\\/worldwide.vapes-bars.com\\\/se\\\/the-story-of-us-with-a-twist\\\/\",\"url\":\"https:\\\/\\\/worldwide.vapes-bars.com\\\/se\\\/the-story-of-us-with-a-twist\\\/\",\"name\":\"Historien om oss, med en twist - Vapes Bars | Sweden\",\"isPartOf\":{\"@id\":\"https:\\\/\\\/worldwide.vapes-bars.com\\\/se\\\/#website\"},\"primaryImageOfPage\":{\"@id\":\"https:\\\/\\\/worldwide.vapes-bars.com\\\/se\\\/the-story-of-us-with-a-twist\\\/#primaryimage\"},\"image\":{\"@id\":\"https:\\\/\\\/worldwide.vapes-bars.com\\\/se\\\/the-story-of-us-with-a-twist\\\/#primaryimage\"},\"thumbnailUrl\":\"https:\\\/\\\/worldwide.vapes-bars.com\\\/se\\\/wp-content\\\/uploads\\\/2023\\\/04\\\/9-EDITED-scaled.jpg\",\"datePublished\":\"2023-04-27T10:06:40+00:00\",\"dateModified\":\"2023-06-22T06:13:31+00:00\",\"breadcrumb\":{\"@id\":\"https:\\\/\\\/worldwide.vapes-bars.com\\\/se\\\/the-story-of-us-with-a-twist\\\/#breadcrumb\"},\"inLanguage\":\"en-US\",\"potentialAction\":[{\"@type\":\"ReadAction\",\"target\":[\"https:\\\/\\\/worldwide.vapes-bars.com\\\/se\\\/the-story-of-us-with-a-twist\\\/\"]}]},{\"@type\":\"ImageObject\",\"inLanguage\":\"en-US\",\"@id\":\"https:\\\/\\\/worldwide.vapes-bars.com\\\/se\\\/the-story-of-us-with-a-twist\\\/#primaryimage\",\"url\":\"https:\\\/\\\/worldwide.vapes-bars.com\\\/se\\\/wp-content\\\/uploads\\\/2023\\\/04\\\/9-EDITED-scaled.jpg\",\"contentUrl\":\"https:\\\/\\\/worldwide.vapes-bars.com\\\/se\\\/wp-content\\\/uploads\\\/2023\\\/04\\\/9-EDITED-scaled.jpg\"},{\"@type\":\"BreadcrumbList\",\"@id\":\"https:\\\/\\\/worldwide.vapes-bars.com\\\/se\\\/the-story-of-us-with-a-twist\\\/#breadcrumb\",\"itemListElement\":[{\"@type\":\"ListItem\",\"position\":1,\"name\":\"Home\",\"item\":\"https:\\\/\\\/worldwide.vapes-bars.com\\\/se\\\/\"},{\"@type\":\"ListItem\",\"position\":2,\"name\":\"Historien om oss, med en twist\"}]},{\"@type\":\"WebSite\",\"@id\":\"https:\\\/\\\/worldwide.vapes-bars.com\\\/se\\\/#website\",\"url\":\"https:\\\/\\\/worldwide.vapes-bars.com\\\/se\\\/\",\"name\":\"Vapes Bars | Sweden\",\"description\":\"Vapes Bars Worldwide\",\"publisher\":{\"@id\":\"https:\\\/\\\/worldwide.vapes-bars.com\\\/se\\\/#organization\"},\"potentialAction\":[{\"@type\":\"SearchAction\",\"target\":{\"@type\":\"EntryPoint\",\"urlTemplate\":\"https:\\\/\\\/worldwide.vapes-bars.com\\\/se\\\/?s={search_term_string}\"},\"query-input\":{\"@type\":\"PropertyValueSpecification\",\"valueRequired\":true,\"valueName\":\"search_term_string\"}}],\"inLanguage\":\"en-US\"},{\"@type\":\"Organization\",\"@id\":\"https:\\\/\\\/worldwide.vapes-bars.com\\\/se\\\/#organization\",\"name\":\"Vapes Bars | Sweden\",\"url\":\"https:\\\/\\\/worldwide.vapes-bars.com\\\/se\\\/\",\"logo\":{\"@type\":\"ImageObject\",\"inLanguage\":\"en-US\",\"@id\":\"https:\\\/\\\/worldwide.vapes-bars.com\\\/se\\\/#\\\/schema\\\/logo\\\/image\\\/\",\"url\":\"https:\\\/\\\/i0.wp.com\\\/aza.kpn.mybluehost.me\\\/wp-content\\\/uploads\\\/2023\\\/01\\\/VAPES_BARS_LOGO-02.png?fit=12501%2C12501&ssl=1\",\"contentUrl\":\"https:\\\/\\\/i0.wp.com\\\/aza.kpn.mybluehost.me\\\/wp-content\\\/uploads\\\/2023\\\/01\\\/VAPES_BARS_LOGO-02.png?fit=12501%2C12501&ssl=1\",\"width\":12501,\"height\":12501,\"caption\":\"Vapes Bars | Sweden\"},\"image\":{\"@id\":\"https:\\\/\\\/worldwide.vapes-bars.com\\\/se\\\/#\\\/schema\\\/logo\\\/image\\\/\"},\"sameAs\":[\"https:\\\/\\\/www.facebook.com\\\/VapesBars\",\"https:\\\/\\\/www.instagram.com\\\/vapesbars\\\/\",\"https:\\\/\\\/www.youtube.com\\\/channel\\\/UCl3mP7oVZyDi5BEbmLu_C3Q\"]}]}<\/script>\n<!-- \/ Yoast SEO plugin. -->","yoast_head_json":{"title":"Historien om oss, med en twist - Vapes Bars | Sweden","robots":{"index":"index","follow":"follow","max-snippet":"max-snippet:-1","max-image-preview":"max-image-preview:large","max-video-preview":"max-video-preview:-1"},"canonical":"https:\/\/worldwide.vapes-bars.com\/se\/the-story-of-us-with-a-twist\/","og_locale":"en_US","og_type":"article","og_title":"Historien om oss, med en twist - Vapes Bars | Sweden","og_description":"Historien om oss, med en twist DJ\u00c4RV. KREATIV. GR\u00c4NSL\u00d6S V\u00e5r historia handlar verkligen om en grupp passionerade individer som kom samman med en gemensam k\u00e4rlek till vaping och en vision att skapa n\u00e5got verkligt speciellt. Vi lade v\u00e5ra hj\u00e4rtan och sj\u00e4lar i att utveckla nya och sp\u00e4nnande smaker, st\u00e4ndigt pressa gr\u00e4nserna f\u00f6r vad som var [&hellip;]","og_url":"https:\/\/worldwide.vapes-bars.com\/se\/the-story-of-us-with-a-twist\/","og_site_name":"Vapes Bars | Sweden","article_publisher":"https:\/\/www.facebook.com\/VapesBars","article_modified_time":"2023-06-22T06:13:31+00:00","og_image":[{"url":"https:\/\/worldwide.vapes-bars.com\/se\/wp-content\/uploads\/2023\/04\/9-EDITED-scaled.jpg","type":"","width":"","height":""}],"twitter_card":"summary_large_image","twitter_misc":{"Est. reading time":"2 minutes"},"schema":{"@context":"https:\/\/schema.org","@graph":[{"@type":"WebPage","@id":"https:\/\/worldwide.vapes-bars.com\/se\/the-story-of-us-with-a-twist\/","url":"https:\/\/worldwide.vapes-bars.com\/se\/the-story-of-us-with-a-twist\/","name":"Historien om oss, med en twist - Vapes Bars | Sweden","isPartOf":{"@id":"https:\/\/worldwide.vapes-bars.com\/se\/#website"},"primaryImageOfPage":{"@id":"https:\/\/worldwide.vapes-bars.com\/se\/the-story-of-us-with-a-twist\/#primaryimage"},"image":{"@id":"https:\/\/worldwide.vapes-bars.com\/se\/the-story-of-us-with-a-twist\/#primaryimage"},"thumbnailUrl":"https:\/\/worldwide.vapes-bars.com\/se\/wp-content\/uploads\/2023\/04\/9-EDITED-scaled.jpg","datePublished":"2023-04-27T10:06:40+00:00","dateModified":"2023-06-22T06:13:31+00:00","breadcrumb":{"@id":"https:\/\/worldwide.vapes-bars.com\/se\/the-story-of-us-with-a-twist\/#breadcrumb"},"inLanguage":"en-US","potentialAction":[{"@type":"ReadAction","target":["https:\/\/worldwide.vapes-bars.com\/se\/the-story-of-us-with-a-twist\/"]}]},{"@type":"ImageObject","inLanguage":"en-US","@id":"https:\/\/worldwide.vapes-bars.com\/se\/the-story-of-us-with-a-twist\/#primaryimage","url":"https:\/\/worldwide.vapes-bars.com\/se\/wp-content\/uploads\/2023\/04\/9-EDITED-scaled.jpg","contentUrl":"https:\/\/worldwide.vapes-bars.com\/se\/wp-content\/uploads\/2023\/04\/9-EDITED-scaled.jpg"},{"@type":"BreadcrumbList","@id":"https:\/\/worldwide.vapes-bars.com\/se\/the-story-of-us-with-a-twist\/#breadcrumb","itemListElement":[{"@type":"ListItem","position":1,"name":"Home","item":"https:\/\/worldwide.vapes-bars.com\/se\/"},{"@type":"ListItem","position":2,"name":"Historien om oss, med en twist"}]},{"@type":"WebSite","@id":"https:\/\/worldwide.vapes-bars.com\/se\/#website","url":"https:\/\/worldwide.vapes-bars.com\/se\/","name":"Vapes Bars | Sweden","description":"Vapes Bars Worldwide","publisher":{"@id":"https:\/\/worldwide.vapes-bars.com\/se\/#organization"},"potentialAction":[{"@type":"SearchAction","target":{"@type":"EntryPoint","urlTemplate":"https:\/\/worldwide.vapes-bars.com\/se\/?s={search_term_string}"},"query-input":{"@type":"PropertyValueSpecification","valueRequired":true,"valueName":"search_term_string"}}],"inLanguage":"en-US"},{"@type":"Organization","@id":"https:\/\/worldwide.vapes-bars.com\/se\/#organization","name":"Vapes Bars | Sweden","url":"https:\/\/worldwide.vapes-bars.com\/se\/","logo":{"@type":"ImageObject","inLanguage":"en-US","@id":"https:\/\/worldwide.vapes-bars.com\/se\/#\/schema\/logo\/image\/","url":"https:\/\/i0.wp.com\/aza.kpn.mybluehost.me\/wp-content\/uploads\/2023\/01\/VAPES_BARS_LOGO-02.png?fit=12501%2C12501&ssl=1","contentUrl":"https:\/\/i0.wp.com\/aza.kpn.mybluehost.me\/wp-content\/uploads\/2023\/01\/VAPES_BARS_LOGO-02.png?fit=12501%2C12501&ssl=1","width":12501,"height":12501,"caption":"Vapes Bars | Sweden"},"image":{"@id":"https:\/\/worldwide.vapes-bars.com\/se\/#\/schema\/logo\/image\/"},"sameAs":["https:\/\/www.facebook.com\/VapesBars","https:\/\/www.instagram.com\/vapesbars\/","https:\/\/www.youtube.com\/channel\/UCl3mP7oVZyDi5BEbmLu_C3Q"]}]}},"_links":{"self":[{"href":"https:\/\/worldwide.vapes-bars.com\/se\/wp-json\/wp\/v2\/pages\/10705","targetHints":{"allow":["GET"]}}],"collection":[{"href":"https:\/\/worldwide.vapes-bars.com\/se\/wp-json\/wp\/v2\/pages"}],"about":[{"href":"https:\/\/worldwide.vapes-bars.com\/se\/wp-json\/wp\/v2\/types\/page"}],"author":[{"embeddable":true,"href":"https:\/\/worldwide.vapes-bars.com\/se\/wp-json\/wp\/v2\/users\/2"}],"replies":[{"embeddable":true,"href":"https:\/\/worldwide.vapes-bars.com\/se\/wp-json\/wp\/v2\/comments?post=10705"}],"version-history":[{"count":5,"href":"https:\/\/worldwide.vapes-bars.com\/se\/wp-json\/wp\/v2\/pages\/10705\/revisions"}],"predecessor-version":[{"id":11895,"href":"https:\/\/worldwide.vapes-bars.com\/se\/wp-json\/wp\/v2\/pages\/10705\/revisions\/11895"}],"wp:attachment":[{"href":"https:\/\/worldwide.vapes-bars.com\/se\/wp-json\/wp\/v2\/media?parent=10705"}],"curies":[{"name":"wp","href":"https:\/\/api.w.org\/{rel}","templated":true}]}}