{"id":3,"date":"2022-12-12T06:10:42","date_gmt":"2022-12-12T06:10:42","guid":{"rendered":"http:\/\/box5201\/cgi\/addon_GT.cgi?s=GT::WP::Install::EIG+%28azakpnmy%29+-+10.24.48.82+%5BWordpress%3b+\/var\/hp\/common\/lib\/Wordpress.pm%3b+534%3b+Hosting::gap_call%5D\/?page_id=3"},"modified":"2024-02-26T07:30:11","modified_gmt":"2024-02-26T07:30:11","slug":"privacy-policy","status":"publish","type":"page","link":"https:\/\/worldwide.vapes-bars.com\/pl\/privacy-policy\/","title":{"rendered":"Privacy Policy"},"content":{"rendered":"\t\t<div data-elementor-type=\"wp-page\" data-elementor-id=\"3\" class=\"elementor elementor-3\">\n\t\t\t\t\t\t<section class=\"elementor-section elementor-top-section elementor-element elementor-element-d4b4589 elementor-section-stretched elementor-section-boxed elementor-section-height-default elementor-section-height-default\" data-id=\"d4b4589\" data-element_type=\"section\" data-e-type=\"section\" data-settings=\"{&quot;stretch_section&quot;:&quot;section-stretched&quot;}\">\n\t\t\t\t\t\t<div class=\"elementor-container elementor-column-gap-default\">\n\t\t\t\t\t<div class=\"elementor-column elementor-col-100 elementor-top-column elementor-element elementor-element-80164f1\" data-id=\"80164f1\" data-element_type=\"column\" data-e-type=\"column\">\n\t\t\t<div class=\"elementor-widget-wrap elementor-element-populated\">\n\t\t\t\t\t\t<div class=\"elementor-element elementor-element-9d47288 elementor-widget elementor-widget-heading\" data-id=\"9d47288\" data-element_type=\"widget\" data-e-type=\"widget\" data-widget_type=\"heading.default\">\n\t\t\t\t<div class=\"elementor-widget-container\">\n\t\t\t\t\t<h1 class=\"elementor-heading-title elementor-size-default\">Privacy Policy<\/h1>\t\t\t\t<\/div>\n\t\t\t\t<\/div>\n\t\t\t\t\t<\/div>\n\t\t<\/div>\n\t\t\t\t\t<\/div>\n\t\t<\/section>\n\t\t\t\t<section class=\"elementor-section elementor-top-section elementor-element elementor-element-40045107 elementor-section-stretched elementor-section-boxed elementor-section-height-default elementor-section-height-default\" data-id=\"40045107\" data-element_type=\"section\" data-e-type=\"section\" data-settings=\"{&quot;stretch_section&quot;:&quot;section-stretched&quot;}\">\n\t\t\t\t\t\t<div class=\"elementor-container elementor-column-gap-default\">\n\t\t\t\t\t<div class=\"elementor-column elementor-col-100 elementor-top-column elementor-element elementor-element-1e6635fd\" data-id=\"1e6635fd\" data-element_type=\"column\" data-e-type=\"column\">\n\t\t\t<div class=\"elementor-widget-wrap elementor-element-populated\">\n\t\t\t\t\t\t<div class=\"elementor-element elementor-element-12e45d3e elementor-widget elementor-widget-text-editor\" data-id=\"12e45d3e\" data-element_type=\"widget\" data-e-type=\"widget\" data-widget_type=\"text-editor.default\">\n\t\t\t\t<div class=\"elementor-widget-container\">\n\t\t\t\t\t\t\t\t\t<p>\u00a0<\/p><h2 class=\"wp-block-heading\"><span style=\"color: #ffffff;\">INTRODUCTION<\/span><\/h2><p><span style=\"color: #ffffff;\">Welcome to Vapes Bars.<\/span><\/p><p><span style=\"color: #ffffff;\">This Privacy Notice explains what we do with your personal information when you are visiting our website, social media pages, or over the phone. It applies to the personal information of our consumers customers.<\/span><\/p><p><span style=\"color: #ffffff;\">It describes how we collect, use and process your personal information while complying with our legal obligations to you.<\/span><\/p><h2 class=\"wp-block-heading\"><span style=\"color: #ffffff;\">INFORMATION WE COLLECT ABOUT YOU<\/span><\/h2><ul><li><span style=\"color: #ffffff;\">Information that you submit online via the Website or it is given to us by phone or via the webchat function, including your name, contact details, social media handle, date of birth, age, your vaping history and preferences, your subscription history, login credentials and bank details. We collect this in a number of ways, including when you register for an account with us and\/or make a purchase online or offline.<\/span><\/li><li><span style=\"color: #ffffff;\">Information that you submit via any contact forms on the Website and any correspondence we have with you over email or phone or via the webchat function on the Website.<\/span><\/li><li><span style=\"color: #ffffff;\">Details of transactions you carry out or orders you place through the Website or your phone.<\/span><\/li><li><span style=\"color: #ffffff;\">Details of your previous smoking history including the brands of cigarettes which you smoked.<\/span><\/li><li><span style=\"color: #ffffff;\">Details of your marketing preferences.<\/span><\/li><li><span style=\"color: #ffffff;\">Details of your flavour preferences.<\/span><\/li><li><span style=\"color: #ffffff;\">Details when you enter a competition or prize draw, including any personal information contained in the entry itself.<\/span><\/li><li><span style=\"color: #ffffff;\">Additional details that you provide at one of our events, including images, information provided in surveys and the last four digits of your current valid personal identification.<\/span><\/li><li><span style=\"color: #ffffff;\">Extra information that you choose to tell us.<\/span><\/li><li><span style=\"color: #ffffff;\">Details of any adverse reaction on incident experienced whilst using our products that you disclose to us over email or by phone or using the webchat feature on the Website.<\/span><\/li><li><span style=\"color: #ffffff;\">The content of the reviews you leave of our products.<\/span><\/li><li><span style=\"color: #ffffff;\">Technical information about your visit, including details of your visits to the Website and your navigation around the Website, traffic data, communication data, information about the device you use to access the Website, your Internet protocol (IP) address used to connect your computer to the Internet, your login information, browser type and version, time zone setting, browser plug-in types and versions, operating system and platform.<\/span><\/li><\/ul><h2 class=\"wp-block-heading\"><span style=\"color: #ffffff;\">HOW WE USE YOUR INFORMATION?<\/span><\/h2><ul><li><span style=\"color: #ffffff;\">To send you marketing and promotional communications. We and\/or our third party marketing partners may use the personal information you send to us for our marketing purposes if this is in accordance with your marketing preferences. You can opt-out of our marketing emails at any time.<\/span><\/li><li><span style=\"color: #ffffff;\">To send administrative information to you. We may use your personal information to send you product, service and new feature information and\/or information about changes to our terms, conditions, and policies.<\/span><\/li><li><span style=\"color: #ffffff;\">Fulfil and manage your orders. We may use your information to fulfil and manage your orders, payments, returns, and exchanges made through the Sites.<\/span><\/li><li><span style=\"color: #ffffff;\">Administer prize draws and competitions. We may use your information to administer prize draws and competitions when you elect to participate in competitions.<\/span><\/li><li><span style=\"color: #ffffff;\">Request Feedback. We may use your information to request feedback and to contact you about your use of our Sites.<\/span><\/li><li><span style=\"color: #ffffff;\">For other Business Purposes. We may use your information for other Business Purposes, such as data analysis, identifying usage trends, determining the effectiveness of our promotional campaigns and to evaluate and improve our Sites, products, services, marketing and your experience.<\/span><\/li><\/ul><h2 class=\"wp-block-heading\"><span style=\"color: #ffffff;\">WILL YOUR INFORMATION BE SHARED WITH ANYONE?<\/span><\/h2><p><span style=\"color: #ffffff;\">We only share information with your consent, to comply with laws, to protect your rights, or to fulfil business obligations.<\/span><\/p><p><span style=\"color: #ffffff;\">We may process or share data based on the following legal basis:<\/span><\/p><ul><li><span style=\"color: #ffffff;\">Consent: We may process your data if you have given us specific consent to use your personal information in a specific purpose.<\/span><\/li><li><span style=\"color: #ffffff;\">Legitimate Interests: We may process your data when it is reasonably necessary to achieve our legitimate business interests.<\/span><\/li><li><span style=\"color: #ffffff;\">Performance of a Contract: Where we have entered into a contract with you, we may process your personal information to fulfil the terms of our contract.<\/span><\/li><li><span style=\"color: #ffffff;\">Legal Obligations: We may disclose your information where we are legally required to do so in order to comply with applicable law, governmental requests, a judicial proceeding, court order, or legal process, such as in response to a court order or a subpoena (including in response to public authorities to meet national security or law enforcement requirements).<\/span><\/li><li><span style=\"color: #ffffff;\">Vital Interests: We may disclose your information where we believe it is necessary to investigate, prevent, or take action regarding potential violations of our policies, suspected fraud, situations involving potential threats to the safety of any person and illegal activities, or as evidence in litigation in which we are involved.<\/span><\/li><\/ul><p><span style=\"color: #ffffff;\">More specifically, we may need to process your data or share your personal information in the following situations:<\/span><\/p><ul><li><span style=\"color: #ffffff;\">Vendors, Consultants and Other Third-Party Service Providers. We may share your data with third party vendors, service providers, contractors or agents who perform services for us or on our behalf and require access to such information to do that work: Payment processing, data analysis, email delivery, hosting services, customer service and marketing efforts.<\/span><\/li><li><span style=\"color: #ffffff;\">Business Transfers. We may share or transfer your information in connection with, or during negotiations of, any merger, sale of company assets, financing, or acquisition of all or a portion of our business to another company.<\/span><\/li><\/ul><h2 class=\"wp-block-heading\"><span style=\"color: #ffffff;\">WHO WILL YOUR INFORMATION BE SHARED WITH?<\/span><\/h2><ul><li><span style=\"color: #ffffff;\">Advertising, Direct Marketing, and Lead Generation, Mailerlite (Email Marketing), Sendcloud (Postal Service)<\/span><\/li><li><span style=\"color: #ffffff;\">Web and Mobile Analytics, Google Analytics, Metorik, Cloudflare<\/span><\/li><\/ul><h2 class=\"wp-block-heading\"><span style=\"color: #ffffff;\">DO WE USE COOKIES AND OTHER TRACKING TECHNOLOGIES?<\/span><\/h2><p><span style=\"color: #ffffff;\">We may use cookies and similar tracking technologies to access or store information. Specific information about how we use such technologies and how you can refuse certain cookies is set out in our Cookie Policy.<\/span><\/p><h2 class=\"wp-block-heading\"><span style=\"color: #ffffff;\">HOW LONG DO WE KEEP YOUR INFORMATION?<\/span><\/h2><p><span style=\"color: #ffffff;\">We will only keep your personal information for as long as it is necessary for the purposes set out in this privacy policy, unless a longer retention period is required or permitted by law. No purpose in this policy will require us keeping your personal information for longer than 2 years.<\/span><\/p><h2 class=\"wp-block-heading\"><span style=\"color: #ffffff;\">HOW DO WE KEEP YOUR INFORMATION SAFE?<\/span><\/h2><p><span style=\"color: #ffffff;\">We have implemented appropriate technical and organisational security measures designed to protect the security of any personal information we process. However, we cannot guarantee that the internet itself is 100% secure. Although we will do our best to protect your personal information, transmission of personal information to and from our Sites is at your own risk. You should only access the services within a secure environment.<\/span><\/p><h2 class=\"wp-block-heading\"><span style=\"color: #ffffff;\">WHAT ARE YOUR PRIVACY RIGHTS?<\/span><\/h2><p><span style=\"color: #ffffff;\">These may include the right:<\/span><\/p><ul><li><span style=\"color: #ffffff;\">to request access and obtain a copy of your personal information,<\/span><\/li><li><span style=\"color: #ffffff;\">to request rectification or erasure;<\/span><\/li><li><span style=\"color: #ffffff;\">to restrict the processing of your personal information;<\/span><\/li><li><span style=\"color: #ffffff;\">if applicable, to data portability.<\/span><\/li><li><span style=\"color: #ffffff;\">In certain circumstances, you may also have the right to object to the processing of your personal information.<\/span><\/li><li><span style=\"color: #ffffff;\">to withdraw your consent at any time.<\/span><\/li><li><span style=\"color: #ffffff;\">If you are resident in the European Economic Area and you believe we are unlawfully processing your personal information, you also have the right to complain to your local data protection supervisory authority. You can find their contact details here: <a style=\"color: #fff;\" href=\"http:\/\/ec.europa.eu\/justice\/data-protection\/bodies\/authorities\/index_en.htm\" target=\"_blank\" rel=\"noopener\">http:\/\/ec.europa.eu\/justice\/data-protection\/bodies\/authorities\/index_en.htm<\/a><\/span><\/li><\/ul><h2 class=\"wp-block-heading\"><span style=\"color: #ffffff;\">DO WE MAKE UPDATES TO THIS POLICY?<\/span><\/h2><p><span style=\"color: #ffffff;\">We may update this privacy policy from time to time. The updated version will be indicated by an updated \u201cRevised\u201d date and the updated version will be effective as soon as it is accessible. We encourage you to review this privacy policy frequently to be informed of how we are protecting your information.<\/span><\/p><h2 class=\"wp-block-heading\"><span style=\"color: #ffffff;\">HOW CAN YOU CONTACT US ABOUT THIS POLICY?<\/span><\/h2><p><span style=\"color: #ffffff;\">If you have questions or comments about this policy, you may contact <a style=\"color: #fff;\" href=\"mailto:operations@vapes-bars.com\">operations@vapes-bars.com<\/a>.<\/span><\/p>\t\t\t\t\t\t\t\t<\/div>\n\t\t\t\t<\/div>\n\t\t\t\t\t<\/div>\n\t\t<\/div>\n\t\t\t\t\t<\/div>\n\t\t<\/section>\n\t\t\t\t<\/div>\n\t\t","protected":false},"excerpt":{"rendered":"<p>Privacy Policy \u00a0 INTRODUCTION Welcome to Vapes Bars. This Privacy Notice explains what we do with your personal information when you are visiting our website, social media pages, or over the phone. It applies to the personal information of our consumers customers. It describes how we collect, use and process your personal information while complying [&hellip;]<\/p>\n","protected":false},"author":1,"featured_media":4012,"parent":0,"menu_order":0,"comment_status":"closed","ping_status":"open","template":"template-homepage.php","meta":{"_acf_changed":false,"nf_dc_page":"","inline_featured_image":false,"footnotes":""},"class_list":["post-3","page","type-page","status-publish","has-post-thumbnail","hentry"],"acf":[],"yoast_head":"<!-- This site is optimized with the Yoast SEO plugin v27.3 - https:\/\/yoast.com\/product\/yoast-seo-wordpress\/ -->\n<title>Privacy Policy - Vapes Bars | Poland<\/title>\n<meta name=\"description\" content=\"Dowiedz si\u0119, jak zbieramy, wykorzystujemy i chronimy Twoje dane osobowe. Odkryj swoje prawa do prywatno\u015bci i dowiedz si\u0119, jak si\u0119 z nami skontaktowa\u0107. Twoja prywatno\u015b\u0107 ma dla nas znaczenie!\" \/>\n<meta name=\"robots\" content=\"index, follow, max-snippet:-1, max-image-preview:large, max-video-preview:-1\" \/>\n<link rel=\"canonical\" href=\"https:\/\/worldwide.vapes-bars.com\/pl\/privacy-policy\/\" \/>\n<meta property=\"og:locale\" content=\"en_US\" \/>\n<meta property=\"og:type\" content=\"article\" \/>\n<meta property=\"og:title\" content=\"Privacy Policy - Vapes Bars | Poland\" \/>\n<meta property=\"og:description\" content=\"Dowiedz si\u0119, jak zbieramy, wykorzystujemy i chronimy Twoje dane osobowe. Odkryj swoje prawa do prywatno\u015bci i dowiedz si\u0119, jak si\u0119 z nami skontaktowa\u0107. Twoja prywatno\u015b\u0107 ma dla nas znaczenie!\" \/>\n<meta property=\"og:url\" content=\"https:\/\/worldwide.vapes-bars.com\/pl\/privacy-policy\/\" \/>\n<meta property=\"og:site_name\" content=\"Vapes Bars | Poland\" \/>\n<meta property=\"article:publisher\" content=\"https:\/\/www.facebook.com\/VapesBars\" \/>\n<meta property=\"article:modified_time\" content=\"2024-02-26T07:30:11+00:00\" \/>\n<meta property=\"og:image\" content=\"https:\/\/worldwide.vapes-bars.com\/pl\/wp-content\/uploads\/2023\/01\/IMG1.jpg\" \/>\n\t<meta property=\"og:image:width\" content=\"1999\" \/>\n\t<meta property=\"og:image:height\" content=\"2000\" \/>\n\t<meta property=\"og:image:type\" content=\"image\/jpeg\" \/>\n<meta name=\"twitter:card\" content=\"summary_large_image\" \/>\n<meta name=\"twitter:label1\" content=\"Est. reading time\" \/>\n\t<meta name=\"twitter:data1\" content=\"6 minutes\" \/>\n<script type=\"application\/ld+json\" class=\"yoast-schema-graph\">{\"@context\":\"https:\\\/\\\/schema.org\",\"@graph\":[{\"@type\":\"WebPage\",\"@id\":\"https:\\\/\\\/worldwide.vapes-bars.com\\\/pl\\\/privacy-policy\\\/\",\"url\":\"https:\\\/\\\/worldwide.vapes-bars.com\\\/pl\\\/privacy-policy\\\/\",\"name\":\"Privacy Policy - Vapes Bars | Poland\",\"isPartOf\":{\"@id\":\"https:\\\/\\\/worldwide.vapes-bars.com\\\/pl\\\/#website\"},\"primaryImageOfPage\":{\"@id\":\"https:\\\/\\\/worldwide.vapes-bars.com\\\/pl\\\/privacy-policy\\\/#primaryimage\"},\"image\":{\"@id\":\"https:\\\/\\\/worldwide.vapes-bars.com\\\/pl\\\/privacy-policy\\\/#primaryimage\"},\"thumbnailUrl\":\"https:\\\/\\\/worldwide.vapes-bars.com\\\/pl\\\/wp-content\\\/uploads\\\/2023\\\/01\\\/IMG1.jpg\",\"datePublished\":\"2022-12-12T06:10:42+00:00\",\"dateModified\":\"2024-02-26T07:30:11+00:00\",\"description\":\"Dowiedz si\u0119, jak zbieramy, wykorzystujemy i chronimy Twoje dane osobowe. Odkryj swoje prawa do prywatno\u015bci i dowiedz si\u0119, jak si\u0119 z nami skontaktowa\u0107. Twoja prywatno\u015b\u0107 ma dla nas znaczenie!\",\"breadcrumb\":{\"@id\":\"https:\\\/\\\/worldwide.vapes-bars.com\\\/pl\\\/privacy-policy\\\/#breadcrumb\"},\"inLanguage\":\"en-US\",\"potentialAction\":[{\"@type\":\"ReadAction\",\"target\":[\"https:\\\/\\\/worldwide.vapes-bars.com\\\/pl\\\/privacy-policy\\\/\"]}]},{\"@type\":\"ImageObject\",\"inLanguage\":\"en-US\",\"@id\":\"https:\\\/\\\/worldwide.vapes-bars.com\\\/pl\\\/privacy-policy\\\/#primaryimage\",\"url\":\"https:\\\/\\\/worldwide.vapes-bars.com\\\/pl\\\/wp-content\\\/uploads\\\/2023\\\/01\\\/IMG1.jpg\",\"contentUrl\":\"https:\\\/\\\/worldwide.vapes-bars.com\\\/pl\\\/wp-content\\\/uploads\\\/2023\\\/01\\\/IMG1.jpg\",\"width\":1999,\"height\":2000,\"caption\":\"Modelka trzymaj\u0105ca Vapes Bars, znaleziona Mary w d\u0142oni\"},{\"@type\":\"BreadcrumbList\",\"@id\":\"https:\\\/\\\/worldwide.vapes-bars.com\\\/pl\\\/privacy-policy\\\/#breadcrumb\",\"itemListElement\":[{\"@type\":\"ListItem\",\"position\":1,\"name\":\"Home\",\"item\":\"https:\\\/\\\/worldwide.vapes-bars.com\\\/pl\\\/\"},{\"@type\":\"ListItem\",\"position\":2,\"name\":\"Privacy Policy\"}]},{\"@type\":\"WebSite\",\"@id\":\"https:\\\/\\\/worldwide.vapes-bars.com\\\/pl\\\/#website\",\"url\":\"https:\\\/\\\/worldwide.vapes-bars.com\\\/pl\\\/\",\"name\":\"Vapes Bars | Poland\",\"description\":\"Vapes Bars Worldwide\",\"publisher\":{\"@id\":\"https:\\\/\\\/worldwide.vapes-bars.com\\\/pl\\\/#organization\"},\"potentialAction\":[{\"@type\":\"SearchAction\",\"target\":{\"@type\":\"EntryPoint\",\"urlTemplate\":\"https:\\\/\\\/worldwide.vapes-bars.com\\\/pl\\\/?s={search_term_string}\"},\"query-input\":{\"@type\":\"PropertyValueSpecification\",\"valueRequired\":true,\"valueName\":\"search_term_string\"}}],\"inLanguage\":\"en-US\"},{\"@type\":\"Organization\",\"@id\":\"https:\\\/\\\/worldwide.vapes-bars.com\\\/pl\\\/#organization\",\"name\":\"Vapes Bars | Poland\",\"url\":\"https:\\\/\\\/worldwide.vapes-bars.com\\\/pl\\\/\",\"logo\":{\"@type\":\"ImageObject\",\"inLanguage\":\"en-US\",\"@id\":\"https:\\\/\\\/worldwide.vapes-bars.com\\\/pl\\\/#\\\/schema\\\/logo\\\/image\\\/\",\"url\":\"https:\\\/\\\/i0.wp.com\\\/aza.kpn.mybluehost.me\\\/wp-content\\\/uploads\\\/2023\\\/01\\\/VAPES_BARS_LOGO-02.png?fit=12501%2C12501&ssl=1\",\"contentUrl\":\"https:\\\/\\\/i0.wp.com\\\/aza.kpn.mybluehost.me\\\/wp-content\\\/uploads\\\/2023\\\/01\\\/VAPES_BARS_LOGO-02.png?fit=12501%2C12501&ssl=1\",\"width\":12501,\"height\":12501,\"caption\":\"Vapes Bars | Poland\"},\"image\":{\"@id\":\"https:\\\/\\\/worldwide.vapes-bars.com\\\/pl\\\/#\\\/schema\\\/logo\\\/image\\\/\"},\"sameAs\":[\"https:\\\/\\\/www.facebook.com\\\/VapesBars\",\"https:\\\/\\\/www.instagram.com\\\/vapesbars\\\/\",\"https:\\\/\\\/www.youtube.com\\\/channel\\\/UCl3mP7oVZyDi5BEbmLu_C3Q\"]}]}<\/script>\n<!-- \/ Yoast SEO plugin. -->","yoast_head_json":{"title":"Privacy Policy - Vapes Bars | Poland","description":"Dowiedz si\u0119, jak zbieramy, wykorzystujemy i chronimy Twoje dane osobowe. Odkryj swoje prawa do prywatno\u015bci i dowiedz si\u0119, jak si\u0119 z nami skontaktowa\u0107. Twoja prywatno\u015b\u0107 ma dla nas znaczenie!","robots":{"index":"index","follow":"follow","max-snippet":"max-snippet:-1","max-image-preview":"max-image-preview:large","max-video-preview":"max-video-preview:-1"},"canonical":"https:\/\/worldwide.vapes-bars.com\/pl\/privacy-policy\/","og_locale":"en_US","og_type":"article","og_title":"Privacy Policy - Vapes Bars | Poland","og_description":"Dowiedz si\u0119, jak zbieramy, wykorzystujemy i chronimy Twoje dane osobowe. Odkryj swoje prawa do prywatno\u015bci i dowiedz si\u0119, jak si\u0119 z nami skontaktowa\u0107. Twoja prywatno\u015b\u0107 ma dla nas znaczenie!","og_url":"https:\/\/worldwide.vapes-bars.com\/pl\/privacy-policy\/","og_site_name":"Vapes Bars | Poland","article_publisher":"https:\/\/www.facebook.com\/VapesBars","article_modified_time":"2024-02-26T07:30:11+00:00","og_image":[{"width":1999,"height":2000,"url":"https:\/\/worldwide.vapes-bars.com\/pl\/wp-content\/uploads\/2023\/01\/IMG1.jpg","type":"image\/jpeg"}],"twitter_card":"summary_large_image","twitter_misc":{"Est. reading time":"6 minutes"},"schema":{"@context":"https:\/\/schema.org","@graph":[{"@type":"WebPage","@id":"https:\/\/worldwide.vapes-bars.com\/pl\/privacy-policy\/","url":"https:\/\/worldwide.vapes-bars.com\/pl\/privacy-policy\/","name":"Privacy Policy - Vapes Bars | Poland","isPartOf":{"@id":"https:\/\/worldwide.vapes-bars.com\/pl\/#website"},"primaryImageOfPage":{"@id":"https:\/\/worldwide.vapes-bars.com\/pl\/privacy-policy\/#primaryimage"},"image":{"@id":"https:\/\/worldwide.vapes-bars.com\/pl\/privacy-policy\/#primaryimage"},"thumbnailUrl":"https:\/\/worldwide.vapes-bars.com\/pl\/wp-content\/uploads\/2023\/01\/IMG1.jpg","datePublished":"2022-12-12T06:10:42+00:00","dateModified":"2024-02-26T07:30:11+00:00","description":"Dowiedz si\u0119, jak zbieramy, wykorzystujemy i chronimy Twoje dane osobowe. Odkryj swoje prawa do prywatno\u015bci i dowiedz si\u0119, jak si\u0119 z nami skontaktowa\u0107. Twoja prywatno\u015b\u0107 ma dla nas znaczenie!","breadcrumb":{"@id":"https:\/\/worldwide.vapes-bars.com\/pl\/privacy-policy\/#breadcrumb"},"inLanguage":"en-US","potentialAction":[{"@type":"ReadAction","target":["https:\/\/worldwide.vapes-bars.com\/pl\/privacy-policy\/"]}]},{"@type":"ImageObject","inLanguage":"en-US","@id":"https:\/\/worldwide.vapes-bars.com\/pl\/privacy-policy\/#primaryimage","url":"https:\/\/worldwide.vapes-bars.com\/pl\/wp-content\/uploads\/2023\/01\/IMG1.jpg","contentUrl":"https:\/\/worldwide.vapes-bars.com\/pl\/wp-content\/uploads\/2023\/01\/IMG1.jpg","width":1999,"height":2000,"caption":"Modelka trzymaj\u0105ca Vapes Bars, znaleziona Mary w d\u0142oni"},{"@type":"BreadcrumbList","@id":"https:\/\/worldwide.vapes-bars.com\/pl\/privacy-policy\/#breadcrumb","itemListElement":[{"@type":"ListItem","position":1,"name":"Home","item":"https:\/\/worldwide.vapes-bars.com\/pl\/"},{"@type":"ListItem","position":2,"name":"Privacy Policy"}]},{"@type":"WebSite","@id":"https:\/\/worldwide.vapes-bars.com\/pl\/#website","url":"https:\/\/worldwide.vapes-bars.com\/pl\/","name":"Vapes Bars | Poland","description":"Vapes Bars Worldwide","publisher":{"@id":"https:\/\/worldwide.vapes-bars.com\/pl\/#organization"},"potentialAction":[{"@type":"SearchAction","target":{"@type":"EntryPoint","urlTemplate":"https:\/\/worldwide.vapes-bars.com\/pl\/?s={search_term_string}"},"query-input":{"@type":"PropertyValueSpecification","valueRequired":true,"valueName":"search_term_string"}}],"inLanguage":"en-US"},{"@type":"Organization","@id":"https:\/\/worldwide.vapes-bars.com\/pl\/#organization","name":"Vapes Bars | Poland","url":"https:\/\/worldwide.vapes-bars.com\/pl\/","logo":{"@type":"ImageObject","inLanguage":"en-US","@id":"https:\/\/worldwide.vapes-bars.com\/pl\/#\/schema\/logo\/image\/","url":"https:\/\/i0.wp.com\/aza.kpn.mybluehost.me\/wp-content\/uploads\/2023\/01\/VAPES_BARS_LOGO-02.png?fit=12501%2C12501&ssl=1","contentUrl":"https:\/\/i0.wp.com\/aza.kpn.mybluehost.me\/wp-content\/uploads\/2023\/01\/VAPES_BARS_LOGO-02.png?fit=12501%2C12501&ssl=1","width":12501,"height":12501,"caption":"Vapes Bars | Poland"},"image":{"@id":"https:\/\/worldwide.vapes-bars.com\/pl\/#\/schema\/logo\/image\/"},"sameAs":["https:\/\/www.facebook.com\/VapesBars","https:\/\/www.instagram.com\/vapesbars\/","https:\/\/www.youtube.com\/channel\/UCl3mP7oVZyDi5BEbmLu_C3Q"]}]}},"_links":{"self":[{"href":"https:\/\/worldwide.vapes-bars.com\/pl\/wp-json\/wp\/v2\/pages\/3","targetHints":{"allow":["GET"]}}],"collection":[{"href":"https:\/\/worldwide.vapes-bars.com\/pl\/wp-json\/wp\/v2\/pages"}],"about":[{"href":"https:\/\/worldwide.vapes-bars.com\/pl\/wp-json\/wp\/v2\/types\/page"}],"author":[{"embeddable":true,"href":"https:\/\/worldwide.vapes-bars.com\/pl\/wp-json\/wp\/v2\/users\/1"}],"replies":[{"embeddable":true,"href":"https:\/\/worldwide.vapes-bars.com\/pl\/wp-json\/wp\/v2\/comments?post=3"}],"version-history":[{"count":5,"href":"https:\/\/worldwide.vapes-bars.com\/pl\/wp-json\/wp\/v2\/pages\/3\/revisions"}],"predecessor-version":[{"id":12428,"href":"https:\/\/worldwide.vapes-bars.com\/pl\/wp-json\/wp\/v2\/pages\/3\/revisions\/12428"}],"wp:featuredmedia":[{"embeddable":true,"href":"https:\/\/worldwide.vapes-bars.com\/pl\/wp-json\/wp\/v2\/media\/4012"}],"wp:attachment":[{"href":"https:\/\/worldwide.vapes-bars.com\/pl\/wp-json\/wp\/v2\/media?parent=3"}],"curies":[{"name":"wp","href":"https:\/\/api.w.org\/{rel}","templated":true}]}}