{"id":10705,"date":"2023-04-27T10:06:40","date_gmt":"2023-04-27T10:06:40","guid":{"rendered":"https:\/\/aza.kpn.mybluehost.me\/?page_id=10705"},"modified":"2023-10-24T11:49:23","modified_gmt":"2023-10-24T11:49:23","slug":"the-story-of-us-with-a-twist","status":"publish","type":"page","link":"https:\/\/worldwide.vapes-bars.com\/pl\/the-story-of-us-with-a-twist\/","title":{"rendered":"Opowie\u015b\u0107 o nas, z niespodziank\u0105"},"content":{"rendered":"\t\t<div data-elementor-type=\"wp-page\" data-elementor-id=\"10705\" class=\"elementor elementor-10705\">\n\t\t\t\t\t\t<section class=\"elementor-section elementor-top-section elementor-element elementor-element-362ee35 elementor-section-full_width elementor-section-stretched elementor-section-height-default elementor-section-height-default\" data-id=\"362ee35\" data-element_type=\"section\" data-e-type=\"section\" data-settings=\"{&quot;stretch_section&quot;:&quot;section-stretched&quot;,&quot;background_background&quot;:&quot;classic&quot;}\">\n\t\t\t\t\t\t<div class=\"elementor-container elementor-column-gap-no\">\n\t\t\t\t\t<div class=\"elementor-column elementor-col-100 elementor-top-column elementor-element elementor-element-ffef3ae\" data-id=\"ffef3ae\" data-element_type=\"column\" data-e-type=\"column\">\n\t\t\t<div class=\"elementor-widget-wrap elementor-element-populated\">\n\t\t\t\t\t\t<section class=\"elementor-section elementor-inner-section elementor-element elementor-element-7005c83 elementor-section-boxed elementor-section-height-default elementor-section-height-default\" data-id=\"7005c83\" data-element_type=\"section\" data-e-type=\"section\">\n\t\t\t\t\t\t<div class=\"elementor-container elementor-column-gap-default\">\n\t\t\t\t\t<div class=\"elementor-column elementor-col-100 elementor-inner-column elementor-element elementor-element-f97fb8a\" data-id=\"f97fb8a\" data-element_type=\"column\" data-e-type=\"column\">\n\t\t\t<div class=\"elementor-widget-wrap elementor-element-populated\">\n\t\t\t\t\t\t<div class=\"elementor-element elementor-element-f17bc4d elementor-widget elementor-widget-heading\" data-id=\"f17bc4d\" data-element_type=\"widget\" data-e-type=\"widget\" data-widget_type=\"heading.default\">\n\t\t\t\t<div class=\"elementor-widget-container\">\n\t\t\t\t\t<h1 class=\"elementor-heading-title elementor-size-default\">Opowie\u015b\u0107 o nas, <\/br>z niespodziank\u0105<\/h1>\t\t\t\t<\/div>\n\t\t\t\t<\/div>\n\t\t\t\t\t<\/div>\n\t\t<\/div>\n\t\t\t\t\t<\/div>\n\t\t<\/section>\n\t\t\t\t\t<\/div>\n\t\t<\/div>\n\t\t\t\t\t<\/div>\n\t\t<\/section>\n\t\t\t\t<section class=\"elementor-section elementor-top-section elementor-element elementor-element-1736ddb elementor-section-full_width elementor-section-content-middle elementor-section-stretched elementor-section-height-default elementor-section-height-default\" data-id=\"1736ddb\" data-element_type=\"section\" data-e-type=\"section\" data-settings=\"{&quot;stretch_section&quot;:&quot;section-stretched&quot;,&quot;background_background&quot;:&quot;classic&quot;}\">\n\t\t\t\t\t\t<div class=\"elementor-container elementor-column-gap-no\">\n\t\t\t\t\t<div class=\"elementor-column elementor-col-50 elementor-top-column elementor-element elementor-element-2977d92\" data-id=\"2977d92\" data-element_type=\"column\" data-e-type=\"column\">\n\t\t\t<div class=\"elementor-widget-wrap\">\n\t\t\t\t\t\t\t<\/div>\n\t\t<\/div>\n\t\t\t\t<div class=\"elementor-column elementor-col-50 elementor-top-column elementor-element elementor-element-a8f9efa\" data-id=\"a8f9efa\" data-element_type=\"column\" data-e-type=\"column\">\n\t\t\t<div class=\"elementor-widget-wrap elementor-element-populated\">\n\t\t\t\t\t\t<div class=\"elementor-element elementor-element-f054b6b elementor-widget elementor-widget-heading\" data-id=\"f054b6b\" data-element_type=\"widget\" data-e-type=\"widget\" data-widget_type=\"heading.default\">\n\t\t\t\t<div class=\"elementor-widget-container\">\n\t\t\t\t\t<h2 class=\"elementor-heading-title elementor-size-default\">B\u0141YSKOTLIWI. KREATYWNI. NIEOGRANICZENI.<\/h2>\t\t\t\t<\/div>\n\t\t\t\t<\/div>\n\t\t\t\t<div class=\"elementor-element elementor-element-f0b9653 elementor-widget elementor-widget-text-editor\" data-id=\"f0b9653\" data-element_type=\"widget\" data-e-type=\"widget\" data-widget_type=\"text-editor.default\">\n\t\t\t\t<div class=\"elementor-widget-container\">\n\t\t\t\t\t\t\t\t\t<p>Nasza opowie\u015b\u0107 to przede wszystkim historia grupy pasjonat\u00f3w, kt\u00f3rzy zebrali si\u0119 razem dzi\u0119ki wsp\u00f3lnej pasji do wapowania i wizji stworzenia czego\u015b naprawd\u0119 wyj\u0105tkowego. W\u0142o\u017cyli\u015bmy nasze serca i dusze w rozwijanie nowych i ekscytuj\u0105cych smak\u00f3w, nieustannie przekraczaj\u0105c granice tego, co by\u0142o tylko mo\u017cliwe.<\/p><p>W miar\u0119 jak si\u0119 rozwijali\u015bmy, pozostali\u015bmy wierni naszym podstawowym warto\u015bciom jako\u015bci, innowacji i satysfakcji klienta. Chcieli\u015bmy stworzy\u0107 nie tylko produkty, ale i spo\u0142eczno\u015b\u0107 wapersk\u0105, kt\u00f3ra podziela nasz\u0105 pasj\u0119 do poszukiwania i eksperymentowania.<\/p><p>I dok\u0142adnie to zrobili\u015bmy.<\/p><p>Dzisiaj jeste\u015bmy wiod\u0105cym graczem na globalnym rynku waperskim, z siln\u0105 obecno\u015bci\u0105 w ponad 50 krajach i wci\u0105\u017c rosn\u0105c\u0105 liczb\u0105 odbiorc\u00f3w. Nigdy jednak nie zapomnimy o naszych korzeniach &#8211; nasza historia to historia grupy przyjaci\u00f3\u0142, kt\u00f3rzy zamienili swoj\u0105 mi\u0142o\u015b\u0107 do wapingu w co\u015b naprawd\u0119 niezwyk\u0142ego.<\/p><p>Dzisiaj Vapes Bars\u00ae sta\u0142o si\u0119 globaln\u0105 sensacj\u0105. Ale nasza opowie\u015b\u0107 jest daleka od zako\u0144czenia &#8211; zawsze d\u0105\u017cymy do tworzenia nowych i ekscytuj\u0105cych produkt\u00f3w, kt\u00f3re b\u0119d\u0105 nadal inspiracj\u0105 dla waper\u00f3w na ca\u0142ym \u015bwiecie.<\/p>\t\t\t\t\t\t\t\t<\/div>\n\t\t\t\t<\/div>\n\t\t\t\t<div class=\"elementor-element elementor-element-217c9f6 elementor-widget elementor-widget-heading\" data-id=\"217c9f6\" data-element_type=\"widget\" data-e-type=\"widget\" data-widget_type=\"heading.default\">\n\t\t\t\t<div class=\"elementor-widget-container\">\n\t\t\t\t\t<h3 class=\"elementor-heading-title elementor-size-default\">Wapuj\u0105c d\u0105\u017cymy do bardziej ekscytuj\u0105cej i aromatycznej przysz\u0142o\u015bci!<\/h3>\t\t\t\t<\/div>\n\t\t\t\t<\/div>\n\t\t\t\t\t<\/div>\n\t\t<\/div>\n\t\t\t\t\t<\/div>\n\t\t<\/section>\n\t\t\t\t<\/div>\n\t\t","protected":false},"excerpt":{"rendered":"<p>Opowie\u015b\u0107 o nas, z niespodziank\u0105 B\u0141YSKOTLIWI. KREATYWNI. NIEOGRANICZENI. Nasza opowie\u015b\u0107 to przede wszystkim historia grupy pasjonat\u00f3w, kt\u00f3rzy zebrali si\u0119 razem dzi\u0119ki wsp\u00f3lnej pasji do wapowania i wizji stworzenia czego\u015b naprawd\u0119 wyj\u0105tkowego. W\u0142o\u017cyli\u015bmy nasze serca i dusze w rozwijanie nowych i ekscytuj\u0105cych smak\u00f3w, nieustannie przekraczaj\u0105c granice tego, co by\u0142o tylko mo\u017cliwe. W miar\u0119 jak si\u0119 rozwijali\u015bmy, [&hellip;]<\/p>\n","protected":false},"author":2,"featured_media":10820,"parent":0,"menu_order":0,"comment_status":"closed","ping_status":"closed","template":"template-homepage.php","meta":{"_acf_changed":false,"nf_dc_page":"","inline_featured_image":false,"footnotes":""},"class_list":["post-10705","page","type-page","status-publish","has-post-thumbnail","hentry"],"acf":[],"yoast_head":"<!-- This site is optimized with the Yoast SEO plugin v27.3 - https:\/\/yoast.com\/product\/yoast-seo-wordpress\/ -->\n<title>Opowie\u015b\u0107 o nas, z niespodziank\u0105 - Vapes Bars | Poland<\/title>\n<meta name=\"description\" content=\"Odkryj \u015amia\u0142\u0105 i Kreatywn\u0105 Histori\u0119 Vapes Bars - Globalna Sensacja w Bran\u017cy Wapowania. Do\u0142\u0105cz do Naszej Spo\u0142eczno\u015bci i Odkrywaj Niesko\u0144czon\u0105 Innowacj\u0119 w Wapowaniu!\" \/>\n<meta name=\"robots\" content=\"index, follow, max-snippet:-1, max-image-preview:large, max-video-preview:-1\" \/>\n<link rel=\"canonical\" href=\"https:\/\/worldwide.vapes-bars.com\/pl\/the-story-of-us-with-a-twist\/\" \/>\n<meta property=\"og:locale\" content=\"en_US\" \/>\n<meta property=\"og:type\" content=\"article\" \/>\n<meta property=\"og:title\" content=\"Opowie\u015b\u0107 o nas, z niespodziank\u0105 - Vapes Bars | Poland\" \/>\n<meta property=\"og:description\" content=\"Odkryj \u015amia\u0142\u0105 i Kreatywn\u0105 Histori\u0119 Vapes Bars - Globalna Sensacja w Bran\u017cy Wapowania. Do\u0142\u0105cz do Naszej Spo\u0142eczno\u015bci i Odkrywaj Niesko\u0144czon\u0105 Innowacj\u0119 w Wapowaniu!\" \/>\n<meta property=\"og:url\" content=\"https:\/\/worldwide.vapes-bars.com\/pl\/the-story-of-us-with-a-twist\/\" \/>\n<meta property=\"og:site_name\" content=\"Vapes Bars | Poland\" \/>\n<meta property=\"article:publisher\" content=\"https:\/\/www.facebook.com\/VapesBars\" \/>\n<meta property=\"article:modified_time\" content=\"2023-10-24T11:49:23+00:00\" \/>\n<meta property=\"og:image\" content=\"https:\/\/worldwide.vapes-bars.com\/pl\/wp-content\/uploads\/2023\/04\/9-EDITED-scaled.jpg\" \/>\n\t<meta property=\"og:image:width\" content=\"2560\" \/>\n\t<meta property=\"og:image:height\" content=\"2560\" \/>\n\t<meta property=\"og:image:type\" content=\"image\/jpeg\" \/>\n<meta name=\"twitter:card\" content=\"summary_large_image\" \/>\n<meta name=\"twitter:label1\" content=\"Est. reading time\" \/>\n\t<meta name=\"twitter:data1\" content=\"2 minutes\" \/>\n<script type=\"application\/ld+json\" class=\"yoast-schema-graph\">{\"@context\":\"https:\\\/\\\/schema.org\",\"@graph\":[{\"@type\":\"WebPage\",\"@id\":\"https:\\\/\\\/worldwide.vapes-bars.com\\\/pl\\\/the-story-of-us-with-a-twist\\\/\",\"url\":\"https:\\\/\\\/worldwide.vapes-bars.com\\\/pl\\\/the-story-of-us-with-a-twist\\\/\",\"name\":\"Opowie\u015b\u0107 o nas, z niespodziank\u0105 - Vapes Bars | Poland\",\"isPartOf\":{\"@id\":\"https:\\\/\\\/worldwide.vapes-bars.com\\\/pl\\\/#website\"},\"primaryImageOfPage\":{\"@id\":\"https:\\\/\\\/worldwide.vapes-bars.com\\\/pl\\\/the-story-of-us-with-a-twist\\\/#primaryimage\"},\"image\":{\"@id\":\"https:\\\/\\\/worldwide.vapes-bars.com\\\/pl\\\/the-story-of-us-with-a-twist\\\/#primaryimage\"},\"thumbnailUrl\":\"https:\\\/\\\/worldwide.vapes-bars.com\\\/pl\\\/wp-content\\\/uploads\\\/2023\\\/04\\\/9-EDITED-scaled.jpg\",\"datePublished\":\"2023-04-27T10:06:40+00:00\",\"dateModified\":\"2023-10-24T11:49:23+00:00\",\"description\":\"Odkryj \u015amia\u0142\u0105 i Kreatywn\u0105 Histori\u0119 Vapes Bars - Globalna Sensacja w Bran\u017cy Wapowania. Do\u0142\u0105cz do Naszej Spo\u0142eczno\u015bci i Odkrywaj Niesko\u0144czon\u0105 Innowacj\u0119 w Wapowaniu!\",\"breadcrumb\":{\"@id\":\"https:\\\/\\\/worldwide.vapes-bars.com\\\/pl\\\/the-story-of-us-with-a-twist\\\/#breadcrumb\"},\"inLanguage\":\"en-US\",\"potentialAction\":[{\"@type\":\"ReadAction\",\"target\":[\"https:\\\/\\\/worldwide.vapes-bars.com\\\/pl\\\/the-story-of-us-with-a-twist\\\/\"]}]},{\"@type\":\"ImageObject\",\"inLanguage\":\"en-US\",\"@id\":\"https:\\\/\\\/worldwide.vapes-bars.com\\\/pl\\\/the-story-of-us-with-a-twist\\\/#primaryimage\",\"url\":\"https:\\\/\\\/worldwide.vapes-bars.com\\\/pl\\\/wp-content\\\/uploads\\\/2023\\\/04\\\/9-EDITED-scaled.jpg\",\"contentUrl\":\"https:\\\/\\\/worldwide.vapes-bars.com\\\/pl\\\/wp-content\\\/uploads\\\/2023\\\/04\\\/9-EDITED-scaled.jpg\",\"width\":2560,\"height\":2560,\"caption\":\"Modelka trzymaj\u0105ca vapora Vapes Bars Diamond 800\"},{\"@type\":\"BreadcrumbList\",\"@id\":\"https:\\\/\\\/worldwide.vapes-bars.com\\\/pl\\\/the-story-of-us-with-a-twist\\\/#breadcrumb\",\"itemListElement\":[{\"@type\":\"ListItem\",\"position\":1,\"name\":\"Home\",\"item\":\"https:\\\/\\\/worldwide.vapes-bars.com\\\/pl\\\/\"},{\"@type\":\"ListItem\",\"position\":2,\"name\":\"Opowie\u015b\u0107 o nas, z niespodziank\u0105\"}]},{\"@type\":\"WebSite\",\"@id\":\"https:\\\/\\\/worldwide.vapes-bars.com\\\/pl\\\/#website\",\"url\":\"https:\\\/\\\/worldwide.vapes-bars.com\\\/pl\\\/\",\"name\":\"Vapes Bars | Poland\",\"description\":\"Vapes Bars Worldwide\",\"publisher\":{\"@id\":\"https:\\\/\\\/worldwide.vapes-bars.com\\\/pl\\\/#organization\"},\"potentialAction\":[{\"@type\":\"SearchAction\",\"target\":{\"@type\":\"EntryPoint\",\"urlTemplate\":\"https:\\\/\\\/worldwide.vapes-bars.com\\\/pl\\\/?s={search_term_string}\"},\"query-input\":{\"@type\":\"PropertyValueSpecification\",\"valueRequired\":true,\"valueName\":\"search_term_string\"}}],\"inLanguage\":\"en-US\"},{\"@type\":\"Organization\",\"@id\":\"https:\\\/\\\/worldwide.vapes-bars.com\\\/pl\\\/#organization\",\"name\":\"Vapes Bars | Poland\",\"url\":\"https:\\\/\\\/worldwide.vapes-bars.com\\\/pl\\\/\",\"logo\":{\"@type\":\"ImageObject\",\"inLanguage\":\"en-US\",\"@id\":\"https:\\\/\\\/worldwide.vapes-bars.com\\\/pl\\\/#\\\/schema\\\/logo\\\/image\\\/\",\"url\":\"https:\\\/\\\/i0.wp.com\\\/aza.kpn.mybluehost.me\\\/wp-content\\\/uploads\\\/2023\\\/01\\\/VAPES_BARS_LOGO-02.png?fit=12501%2C12501&ssl=1\",\"contentUrl\":\"https:\\\/\\\/i0.wp.com\\\/aza.kpn.mybluehost.me\\\/wp-content\\\/uploads\\\/2023\\\/01\\\/VAPES_BARS_LOGO-02.png?fit=12501%2C12501&ssl=1\",\"width\":12501,\"height\":12501,\"caption\":\"Vapes Bars | Poland\"},\"image\":{\"@id\":\"https:\\\/\\\/worldwide.vapes-bars.com\\\/pl\\\/#\\\/schema\\\/logo\\\/image\\\/\"},\"sameAs\":[\"https:\\\/\\\/www.facebook.com\\\/VapesBars\",\"https:\\\/\\\/www.instagram.com\\\/vapesbars\\\/\",\"https:\\\/\\\/www.youtube.com\\\/channel\\\/UCl3mP7oVZyDi5BEbmLu_C3Q\"]}]}<\/script>\n<!-- \/ Yoast SEO plugin. -->","yoast_head_json":{"title":"Opowie\u015b\u0107 o nas, z niespodziank\u0105 - Vapes Bars | Poland","description":"Odkryj \u015amia\u0142\u0105 i Kreatywn\u0105 Histori\u0119 Vapes Bars - Globalna Sensacja w Bran\u017cy Wapowania. Do\u0142\u0105cz do Naszej Spo\u0142eczno\u015bci i Odkrywaj Niesko\u0144czon\u0105 Innowacj\u0119 w Wapowaniu!","robots":{"index":"index","follow":"follow","max-snippet":"max-snippet:-1","max-image-preview":"max-image-preview:large","max-video-preview":"max-video-preview:-1"},"canonical":"https:\/\/worldwide.vapes-bars.com\/pl\/the-story-of-us-with-a-twist\/","og_locale":"en_US","og_type":"article","og_title":"Opowie\u015b\u0107 o nas, z niespodziank\u0105 - Vapes Bars | Poland","og_description":"Odkryj \u015amia\u0142\u0105 i Kreatywn\u0105 Histori\u0119 Vapes Bars - Globalna Sensacja w Bran\u017cy Wapowania. Do\u0142\u0105cz do Naszej Spo\u0142eczno\u015bci i Odkrywaj Niesko\u0144czon\u0105 Innowacj\u0119 w Wapowaniu!","og_url":"https:\/\/worldwide.vapes-bars.com\/pl\/the-story-of-us-with-a-twist\/","og_site_name":"Vapes Bars | Poland","article_publisher":"https:\/\/www.facebook.com\/VapesBars","article_modified_time":"2023-10-24T11:49:23+00:00","og_image":[{"width":2560,"height":2560,"url":"https:\/\/worldwide.vapes-bars.com\/pl\/wp-content\/uploads\/2023\/04\/9-EDITED-scaled.jpg","type":"image\/jpeg"}],"twitter_card":"summary_large_image","twitter_misc":{"Est. reading time":"2 minutes"},"schema":{"@context":"https:\/\/schema.org","@graph":[{"@type":"WebPage","@id":"https:\/\/worldwide.vapes-bars.com\/pl\/the-story-of-us-with-a-twist\/","url":"https:\/\/worldwide.vapes-bars.com\/pl\/the-story-of-us-with-a-twist\/","name":"Opowie\u015b\u0107 o nas, z niespodziank\u0105 - Vapes Bars | Poland","isPartOf":{"@id":"https:\/\/worldwide.vapes-bars.com\/pl\/#website"},"primaryImageOfPage":{"@id":"https:\/\/worldwide.vapes-bars.com\/pl\/the-story-of-us-with-a-twist\/#primaryimage"},"image":{"@id":"https:\/\/worldwide.vapes-bars.com\/pl\/the-story-of-us-with-a-twist\/#primaryimage"},"thumbnailUrl":"https:\/\/worldwide.vapes-bars.com\/pl\/wp-content\/uploads\/2023\/04\/9-EDITED-scaled.jpg","datePublished":"2023-04-27T10:06:40+00:00","dateModified":"2023-10-24T11:49:23+00:00","description":"Odkryj \u015amia\u0142\u0105 i Kreatywn\u0105 Histori\u0119 Vapes Bars - Globalna Sensacja w Bran\u017cy Wapowania. Do\u0142\u0105cz do Naszej Spo\u0142eczno\u015bci i Odkrywaj Niesko\u0144czon\u0105 Innowacj\u0119 w Wapowaniu!","breadcrumb":{"@id":"https:\/\/worldwide.vapes-bars.com\/pl\/the-story-of-us-with-a-twist\/#breadcrumb"},"inLanguage":"en-US","potentialAction":[{"@type":"ReadAction","target":["https:\/\/worldwide.vapes-bars.com\/pl\/the-story-of-us-with-a-twist\/"]}]},{"@type":"ImageObject","inLanguage":"en-US","@id":"https:\/\/worldwide.vapes-bars.com\/pl\/the-story-of-us-with-a-twist\/#primaryimage","url":"https:\/\/worldwide.vapes-bars.com\/pl\/wp-content\/uploads\/2023\/04\/9-EDITED-scaled.jpg","contentUrl":"https:\/\/worldwide.vapes-bars.com\/pl\/wp-content\/uploads\/2023\/04\/9-EDITED-scaled.jpg","width":2560,"height":2560,"caption":"Modelka trzymaj\u0105ca vapora Vapes Bars Diamond 800"},{"@type":"BreadcrumbList","@id":"https:\/\/worldwide.vapes-bars.com\/pl\/the-story-of-us-with-a-twist\/#breadcrumb","itemListElement":[{"@type":"ListItem","position":1,"name":"Home","item":"https:\/\/worldwide.vapes-bars.com\/pl\/"},{"@type":"ListItem","position":2,"name":"Opowie\u015b\u0107 o nas, z niespodziank\u0105"}]},{"@type":"WebSite","@id":"https:\/\/worldwide.vapes-bars.com\/pl\/#website","url":"https:\/\/worldwide.vapes-bars.com\/pl\/","name":"Vapes Bars | Poland","description":"Vapes Bars Worldwide","publisher":{"@id":"https:\/\/worldwide.vapes-bars.com\/pl\/#organization"},"potentialAction":[{"@type":"SearchAction","target":{"@type":"EntryPoint","urlTemplate":"https:\/\/worldwide.vapes-bars.com\/pl\/?s={search_term_string}"},"query-input":{"@type":"PropertyValueSpecification","valueRequired":true,"valueName":"search_term_string"}}],"inLanguage":"en-US"},{"@type":"Organization","@id":"https:\/\/worldwide.vapes-bars.com\/pl\/#organization","name":"Vapes Bars | Poland","url":"https:\/\/worldwide.vapes-bars.com\/pl\/","logo":{"@type":"ImageObject","inLanguage":"en-US","@id":"https:\/\/worldwide.vapes-bars.com\/pl\/#\/schema\/logo\/image\/","url":"https:\/\/i0.wp.com\/aza.kpn.mybluehost.me\/wp-content\/uploads\/2023\/01\/VAPES_BARS_LOGO-02.png?fit=12501%2C12501&ssl=1","contentUrl":"https:\/\/i0.wp.com\/aza.kpn.mybluehost.me\/wp-content\/uploads\/2023\/01\/VAPES_BARS_LOGO-02.png?fit=12501%2C12501&ssl=1","width":12501,"height":12501,"caption":"Vapes Bars | Poland"},"image":{"@id":"https:\/\/worldwide.vapes-bars.com\/pl\/#\/schema\/logo\/image\/"},"sameAs":["https:\/\/www.facebook.com\/VapesBars","https:\/\/www.instagram.com\/vapesbars\/","https:\/\/www.youtube.com\/channel\/UCl3mP7oVZyDi5BEbmLu_C3Q"]}]}},"_links":{"self":[{"href":"https:\/\/worldwide.vapes-bars.com\/pl\/wp-json\/wp\/v2\/pages\/10705","targetHints":{"allow":["GET"]}}],"collection":[{"href":"https:\/\/worldwide.vapes-bars.com\/pl\/wp-json\/wp\/v2\/pages"}],"about":[{"href":"https:\/\/worldwide.vapes-bars.com\/pl\/wp-json\/wp\/v2\/types\/page"}],"author":[{"embeddable":true,"href":"https:\/\/worldwide.vapes-bars.com\/pl\/wp-json\/wp\/v2\/users\/2"}],"replies":[{"embeddable":true,"href":"https:\/\/worldwide.vapes-bars.com\/pl\/wp-json\/wp\/v2\/comments?post=10705"}],"version-history":[{"count":5,"href":"https:\/\/worldwide.vapes-bars.com\/pl\/wp-json\/wp\/v2\/pages\/10705\/revisions"}],"predecessor-version":[{"id":12291,"href":"https:\/\/worldwide.vapes-bars.com\/pl\/wp-json\/wp\/v2\/pages\/10705\/revisions\/12291"}],"wp:featuredmedia":[{"embeddable":true,"href":"https:\/\/worldwide.vapes-bars.com\/pl\/wp-json\/wp\/v2\/media\/10820"}],"wp:attachment":[{"href":"https:\/\/worldwide.vapes-bars.com\/pl\/wp-json\/wp\/v2\/media?parent=10705"}],"curies":[{"name":"wp","href":"https:\/\/api.w.org\/{rel}","templated":true}]}}