{"id":10705,"date":"2023-04-27T10:06:40","date_gmt":"2023-04-27T10:06:40","guid":{"rendered":"https:\/\/aza.kpn.mybluehost.me\/?page_id=10705"},"modified":"2023-11-15T13:48:02","modified_gmt":"2023-11-15T13:48:02","slug":"the-story-of-us-with-a-twist","status":"publish","type":"page","link":"https:\/\/worldwide.vapes-bars.com\/it\/the-story-of-us-with-a-twist\/","title":{"rendered":"La Nostra Storia, con una svolta"},"content":{"rendered":"\t\t<div data-elementor-type=\"wp-page\" data-elementor-id=\"10705\" class=\"elementor elementor-10705\">\n\t\t\t\t\t\t<section class=\"elementor-section elementor-top-section elementor-element elementor-element-362ee35 elementor-section-full_width elementor-section-stretched elementor-section-height-default elementor-section-height-default\" data-id=\"362ee35\" data-element_type=\"section\" data-e-type=\"section\" data-settings=\"{&quot;stretch_section&quot;:&quot;section-stretched&quot;,&quot;background_background&quot;:&quot;classic&quot;}\">\n\t\t\t\t\t\t<div class=\"elementor-container elementor-column-gap-no\">\n\t\t\t\t\t<div class=\"elementor-column elementor-col-100 elementor-top-column elementor-element elementor-element-ffef3ae\" data-id=\"ffef3ae\" data-element_type=\"column\" data-e-type=\"column\">\n\t\t\t<div class=\"elementor-widget-wrap elementor-element-populated\">\n\t\t\t\t\t\t<section class=\"elementor-section elementor-inner-section elementor-element elementor-element-7005c83 elementor-section-boxed elementor-section-height-default elementor-section-height-default\" data-id=\"7005c83\" data-element_type=\"section\" data-e-type=\"section\">\n\t\t\t\t\t\t<div class=\"elementor-container elementor-column-gap-default\">\n\t\t\t\t\t<div class=\"elementor-column elementor-col-100 elementor-inner-column elementor-element elementor-element-f97fb8a\" data-id=\"f97fb8a\" data-element_type=\"column\" data-e-type=\"column\">\n\t\t\t<div class=\"elementor-widget-wrap elementor-element-populated\">\n\t\t\t\t\t\t<div class=\"elementor-element elementor-element-f17bc4d elementor-widget elementor-widget-heading\" data-id=\"f17bc4d\" data-element_type=\"widget\" data-e-type=\"widget\" data-widget_type=\"heading.default\">\n\t\t\t\t<div class=\"elementor-widget-container\">\n\t\t\t\t\t<h1 class=\"elementor-heading-title elementor-size-default\">La Nostra Storia, <\/br>con una svolta<\/h1>\t\t\t\t<\/div>\n\t\t\t\t<\/div>\n\t\t\t\t\t<\/div>\n\t\t<\/div>\n\t\t\t\t\t<\/div>\n\t\t<\/section>\n\t\t\t\t\t<\/div>\n\t\t<\/div>\n\t\t\t\t\t<\/div>\n\t\t<\/section>\n\t\t\t\t<section class=\"elementor-section elementor-top-section elementor-element elementor-element-1736ddb elementor-section-full_width elementor-section-content-middle elementor-section-stretched elementor-section-height-default elementor-section-height-default\" data-id=\"1736ddb\" data-element_type=\"section\" data-e-type=\"section\" data-settings=\"{&quot;stretch_section&quot;:&quot;section-stretched&quot;,&quot;background_background&quot;:&quot;classic&quot;}\">\n\t\t\t\t\t\t<div class=\"elementor-container elementor-column-gap-no\">\n\t\t\t\t\t<div class=\"elementor-column elementor-col-50 elementor-top-column elementor-element elementor-element-2977d92\" data-id=\"2977d92\" data-element_type=\"column\" data-e-type=\"column\">\n\t\t\t<div class=\"elementor-widget-wrap\">\n\t\t\t\t\t\t\t<\/div>\n\t\t<\/div>\n\t\t\t\t<div class=\"elementor-column elementor-col-50 elementor-top-column elementor-element elementor-element-a8f9efa\" data-id=\"a8f9efa\" data-element_type=\"column\" data-e-type=\"column\">\n\t\t\t<div class=\"elementor-widget-wrap elementor-element-populated\">\n\t\t\t\t\t\t<div class=\"elementor-element elementor-element-f054b6b elementor-widget elementor-widget-heading\" data-id=\"f054b6b\" data-element_type=\"widget\" data-e-type=\"widget\" data-widget_type=\"heading.default\">\n\t\t\t\t<div class=\"elementor-widget-container\">\n\t\t\t\t\t<h2 class=\"elementor-heading-title elementor-size-default\">IMPORTANTE. CREATIVO. SENZA LIMITI<\/h2>\t\t\t\t<\/div>\n\t\t\t\t<\/div>\n\t\t\t\t<div class=\"elementor-element elementor-element-f0b9653 elementor-widget elementor-widget-text-editor\" data-id=\"f0b9653\" data-element_type=\"widget\" data-e-type=\"widget\" data-widget_type=\"text-editor.default\">\n\t\t\t\t<div class=\"elementor-widget-container\">\n\t\t\t\t\t\t\t\t\t<p>La nostra storia \u00e8 davvero la storia di un gruppo di individui appassionati che si sono riuniti con un amore condiviso per lo svapo e una visione per creare qualcosa di veramente speciale. Mettiamo i nostri cuori e le nostre anime nello sviluppo di sapori nuovi ed entusiasmanti, spingendo costantemente i limiti di ci\u00f2 che era possibile nel mondo dello svapo.<\/p><p>Crescendo, siamo rimasti fedeli ai nostri valori fondamentali di qualit\u00e0, innovazione e soddisfazione del cliente. Volevamo creare non solo prodotti, ma una comunit\u00e0 di vapers affini che condividessero la nostra passione per l&#8217;esplorazione e la sperimentazione. Ed \u00e8 esattamente quello che abbiamo fatto.<\/p><p>Oggi siamo un attore leader nel settore globale dello svapo, con una forte presenza in 50 paesi e oltre. Ma non dimentichiamo mai le nostre radici: la nostra storia \u00e8 davvero la storia di un gruppo di amici che hanno trasformato il loro amore per lo svapo in qualcosa di veramente straordinario.<\/p><p>Oggi, Vapes Bars\u00ae \u00e8 diventato una sensazione globale. Ma la nostra storia \u00e8 tutt&#8217;altro che finita: ci sforziamo sempre di inventare prodotti nuovi ed entusiasmanti che continueranno a ispirare i vapers di tutto il mondo.<\/p>\t\t\t\t\t\t\t\t<\/div>\n\t\t\t\t<\/div>\n\t\t\t\t<div class=\"elementor-element elementor-element-217c9f6 elementor-widget elementor-widget-heading\" data-id=\"217c9f6\" data-element_type=\"widget\" data-e-type=\"widget\" data-widget_type=\"heading.default\">\n\t\t\t\t<div class=\"elementor-widget-container\">\n\t\t\t\t\t<h3 class=\"elementor-heading-title elementor-size-default\">Facciamo il nostro viaggio verso un futuro pi\u00f9 eccitante e saporito!<\/h3>\t\t\t\t<\/div>\n\t\t\t\t<\/div>\n\t\t\t\t\t<\/div>\n\t\t<\/div>\n\t\t\t\t\t<\/div>\n\t\t<\/section>\n\t\t\t\t<\/div>\n\t\t","protected":false},"excerpt":{"rendered":"<p>La Nostra Storia, con una svolta IMPORTANTE. CREATIVO. SENZA LIMITI La nostra storia \u00e8 davvero la storia di un gruppo di individui appassionati che si sono riuniti con un amore condiviso per lo svapo e una visione per creare qualcosa di veramente speciale. Mettiamo i nostri cuori e le nostre anime nello sviluppo di sapori [&hellip;]<\/p>\n","protected":false},"author":2,"featured_media":10820,"parent":0,"menu_order":0,"comment_status":"closed","ping_status":"closed","template":"template-homepage.php","meta":{"_acf_changed":false,"nf_dc_page":"","inline_featured_image":false,"footnotes":""},"class_list":["post-10705","page","type-page","status-publish","has-post-thumbnail","hentry"],"acf":[],"yoast_head":"<!-- This site is optimized with the Yoast SEO plugin v27.4 - https:\/\/yoast.com\/product\/yoast-seo-wordpress\/ -->\n<title>La Nostra Storia, con una svolta - Vapes Bars | Italiano<\/title>\n<meta name=\"description\" content=\"Scopri la storia audace e creativa delle barrette Vapes: una sensazione globale nel settore dello svapo. Unisciti alla nostra community ed esplora l&#039;innovazione senza limiti dello svapo!\" \/>\n<meta name=\"robots\" content=\"index, follow, max-snippet:-1, max-image-preview:large, max-video-preview:-1\" \/>\n<link rel=\"canonical\" href=\"https:\/\/worldwide.vapes-bars.com\/it\/the-story-of-us-with-a-twist\/\" \/>\n<meta property=\"og:locale\" content=\"en_US\" \/>\n<meta property=\"og:type\" content=\"article\" \/>\n<meta property=\"og:title\" content=\"La Nostra Storia, con una svolta - Vapes Bars | Italiano\" \/>\n<meta property=\"og:description\" content=\"Scopri la storia audace e creativa delle barrette Vapes: una sensazione globale nel settore dello svapo. Unisciti alla nostra community ed esplora l&#039;innovazione senza limiti dello svapo!\" \/>\n<meta property=\"og:url\" content=\"https:\/\/worldwide.vapes-bars.com\/it\/the-story-of-us-with-a-twist\/\" \/>\n<meta property=\"og:site_name\" content=\"Vapes Bars | Italiano\" \/>\n<meta property=\"article:publisher\" content=\"https:\/\/www.facebook.com\/VapesBars\" \/>\n<meta property=\"article:modified_time\" content=\"2023-11-15T13:48:02+00:00\" \/>\n<meta property=\"og:image\" content=\"https:\/\/worldwide.vapes-bars.com\/it\/wp-content\/uploads\/2023\/04\/9-EDITED-scaled.jpg\" \/>\n\t<meta property=\"og:image:width\" content=\"2560\" \/>\n\t<meta property=\"og:image:height\" content=\"2560\" \/>\n\t<meta property=\"og:image:type\" content=\"image\/jpeg\" \/>\n<meta name=\"twitter:card\" content=\"summary_large_image\" \/>\n<meta name=\"twitter:label1\" content=\"Est. reading time\" \/>\n\t<meta name=\"twitter:data1\" content=\"2 minutes\" \/>\n<script type=\"application\/ld+json\" class=\"yoast-schema-graph\">{\"@context\":\"https:\\\/\\\/schema.org\",\"@graph\":[{\"@type\":\"WebPage\",\"@id\":\"https:\\\/\\\/worldwide.vapes-bars.com\\\/it\\\/the-story-of-us-with-a-twist\\\/\",\"url\":\"https:\\\/\\\/worldwide.vapes-bars.com\\\/it\\\/the-story-of-us-with-a-twist\\\/\",\"name\":\"La Nostra Storia, con una svolta - Vapes Bars | Italiano\",\"isPartOf\":{\"@id\":\"https:\\\/\\\/worldwide.vapes-bars.com\\\/it\\\/#website\"},\"primaryImageOfPage\":{\"@id\":\"https:\\\/\\\/worldwide.vapes-bars.com\\\/it\\\/the-story-of-us-with-a-twist\\\/#primaryimage\"},\"image\":{\"@id\":\"https:\\\/\\\/worldwide.vapes-bars.com\\\/it\\\/the-story-of-us-with-a-twist\\\/#primaryimage\"},\"thumbnailUrl\":\"https:\\\/\\\/worldwide.vapes-bars.com\\\/it\\\/wp-content\\\/uploads\\\/2023\\\/04\\\/9-EDITED-scaled.jpg\",\"datePublished\":\"2023-04-27T10:06:40+00:00\",\"dateModified\":\"2023-11-15T13:48:02+00:00\",\"description\":\"Scopri la storia audace e creativa delle barrette Vapes: una sensazione globale nel settore dello svapo. Unisciti alla nostra community ed esplora l'innovazione senza limiti dello svapo!\",\"breadcrumb\":{\"@id\":\"https:\\\/\\\/worldwide.vapes-bars.com\\\/it\\\/the-story-of-us-with-a-twist\\\/#breadcrumb\"},\"inLanguage\":\"en-US\",\"potentialAction\":[{\"@type\":\"ReadAction\",\"target\":[\"https:\\\/\\\/worldwide.vapes-bars.com\\\/it\\\/the-story-of-us-with-a-twist\\\/\"]}]},{\"@type\":\"ImageObject\",\"inLanguage\":\"en-US\",\"@id\":\"https:\\\/\\\/worldwide.vapes-bars.com\\\/it\\\/the-story-of-us-with-a-twist\\\/#primaryimage\",\"url\":\"https:\\\/\\\/worldwide.vapes-bars.com\\\/it\\\/wp-content\\\/uploads\\\/2023\\\/04\\\/9-EDITED-scaled.jpg\",\"contentUrl\":\"https:\\\/\\\/worldwide.vapes-bars.com\\\/it\\\/wp-content\\\/uploads\\\/2023\\\/04\\\/9-EDITED-scaled.jpg\",\"width\":2560,\"height\":2560,\"caption\":\"Modello femminile che tiene Diamond 600 Vape\"},{\"@type\":\"BreadcrumbList\",\"@id\":\"https:\\\/\\\/worldwide.vapes-bars.com\\\/it\\\/the-story-of-us-with-a-twist\\\/#breadcrumb\",\"itemListElement\":[{\"@type\":\"ListItem\",\"position\":1,\"name\":\"Home\",\"item\":\"https:\\\/\\\/worldwide.vapes-bars.com\\\/it\\\/\"},{\"@type\":\"ListItem\",\"position\":2,\"name\":\"La Nostra Storia, con una svolta\"}]},{\"@type\":\"WebSite\",\"@id\":\"https:\\\/\\\/worldwide.vapes-bars.com\\\/it\\\/#website\",\"url\":\"https:\\\/\\\/worldwide.vapes-bars.com\\\/it\\\/\",\"name\":\"Vapes Bars | Italiano\",\"description\":\"Vapes Bars Worldwide\",\"publisher\":{\"@id\":\"https:\\\/\\\/worldwide.vapes-bars.com\\\/it\\\/#organization\"},\"potentialAction\":[{\"@type\":\"SearchAction\",\"target\":{\"@type\":\"EntryPoint\",\"urlTemplate\":\"https:\\\/\\\/worldwide.vapes-bars.com\\\/it\\\/?s={search_term_string}\"},\"query-input\":{\"@type\":\"PropertyValueSpecification\",\"valueRequired\":true,\"valueName\":\"search_term_string\"}}],\"inLanguage\":\"en-US\"},{\"@type\":\"Organization\",\"@id\":\"https:\\\/\\\/worldwide.vapes-bars.com\\\/it\\\/#organization\",\"name\":\"Vapes Bars | Italiano\",\"url\":\"https:\\\/\\\/worldwide.vapes-bars.com\\\/it\\\/\",\"logo\":{\"@type\":\"ImageObject\",\"inLanguage\":\"en-US\",\"@id\":\"https:\\\/\\\/worldwide.vapes-bars.com\\\/it\\\/#\\\/schema\\\/logo\\\/image\\\/\",\"url\":\"https:\\\/\\\/i0.wp.com\\\/aza.kpn.mybluehost.me\\\/wp-content\\\/uploads\\\/2023\\\/01\\\/VAPES_BARS_LOGO-02.png?fit=12501%2C12501&ssl=1\",\"contentUrl\":\"https:\\\/\\\/i0.wp.com\\\/aza.kpn.mybluehost.me\\\/wp-content\\\/uploads\\\/2023\\\/01\\\/VAPES_BARS_LOGO-02.png?fit=12501%2C12501&ssl=1\",\"width\":12501,\"height\":12501,\"caption\":\"Vapes Bars | Italiano\"},\"image\":{\"@id\":\"https:\\\/\\\/worldwide.vapes-bars.com\\\/it\\\/#\\\/schema\\\/logo\\\/image\\\/\"},\"sameAs\":[\"https:\\\/\\\/www.facebook.com\\\/VapesBars\",\"https:\\\/\\\/www.instagram.com\\\/vapesbars\\\/\",\"https:\\\/\\\/www.youtube.com\\\/channel\\\/UCl3mP7oVZyDi5BEbmLu_C3Q\"]}]}<\/script>\n<!-- \/ Yoast SEO plugin. -->","yoast_head_json":{"title":"La Nostra Storia, con una svolta - Vapes Bars | Italiano","description":"Scopri la storia audace e creativa delle barrette Vapes: una sensazione globale nel settore dello svapo. Unisciti alla nostra community ed esplora l'innovazione senza limiti dello svapo!","robots":{"index":"index","follow":"follow","max-snippet":"max-snippet:-1","max-image-preview":"max-image-preview:large","max-video-preview":"max-video-preview:-1"},"canonical":"https:\/\/worldwide.vapes-bars.com\/it\/the-story-of-us-with-a-twist\/","og_locale":"en_US","og_type":"article","og_title":"La Nostra Storia, con una svolta - Vapes Bars | Italiano","og_description":"Scopri la storia audace e creativa delle barrette Vapes: una sensazione globale nel settore dello svapo. Unisciti alla nostra community ed esplora l'innovazione senza limiti dello svapo!","og_url":"https:\/\/worldwide.vapes-bars.com\/it\/the-story-of-us-with-a-twist\/","og_site_name":"Vapes Bars | Italiano","article_publisher":"https:\/\/www.facebook.com\/VapesBars","article_modified_time":"2023-11-15T13:48:02+00:00","og_image":[{"width":2560,"height":2560,"url":"https:\/\/worldwide.vapes-bars.com\/it\/wp-content\/uploads\/2023\/04\/9-EDITED-scaled.jpg","type":"image\/jpeg"}],"twitter_card":"summary_large_image","twitter_misc":{"Est. reading time":"2 minutes"},"schema":{"@context":"https:\/\/schema.org","@graph":[{"@type":"WebPage","@id":"https:\/\/worldwide.vapes-bars.com\/it\/the-story-of-us-with-a-twist\/","url":"https:\/\/worldwide.vapes-bars.com\/it\/the-story-of-us-with-a-twist\/","name":"La Nostra Storia, con una svolta - Vapes Bars | Italiano","isPartOf":{"@id":"https:\/\/worldwide.vapes-bars.com\/it\/#website"},"primaryImageOfPage":{"@id":"https:\/\/worldwide.vapes-bars.com\/it\/the-story-of-us-with-a-twist\/#primaryimage"},"image":{"@id":"https:\/\/worldwide.vapes-bars.com\/it\/the-story-of-us-with-a-twist\/#primaryimage"},"thumbnailUrl":"https:\/\/worldwide.vapes-bars.com\/it\/wp-content\/uploads\/2023\/04\/9-EDITED-scaled.jpg","datePublished":"2023-04-27T10:06:40+00:00","dateModified":"2023-11-15T13:48:02+00:00","description":"Scopri la storia audace e creativa delle barrette Vapes: una sensazione globale nel settore dello svapo. Unisciti alla nostra community ed esplora l'innovazione senza limiti dello svapo!","breadcrumb":{"@id":"https:\/\/worldwide.vapes-bars.com\/it\/the-story-of-us-with-a-twist\/#breadcrumb"},"inLanguage":"en-US","potentialAction":[{"@type":"ReadAction","target":["https:\/\/worldwide.vapes-bars.com\/it\/the-story-of-us-with-a-twist\/"]}]},{"@type":"ImageObject","inLanguage":"en-US","@id":"https:\/\/worldwide.vapes-bars.com\/it\/the-story-of-us-with-a-twist\/#primaryimage","url":"https:\/\/worldwide.vapes-bars.com\/it\/wp-content\/uploads\/2023\/04\/9-EDITED-scaled.jpg","contentUrl":"https:\/\/worldwide.vapes-bars.com\/it\/wp-content\/uploads\/2023\/04\/9-EDITED-scaled.jpg","width":2560,"height":2560,"caption":"Modello femminile che tiene Diamond 600 Vape"},{"@type":"BreadcrumbList","@id":"https:\/\/worldwide.vapes-bars.com\/it\/the-story-of-us-with-a-twist\/#breadcrumb","itemListElement":[{"@type":"ListItem","position":1,"name":"Home","item":"https:\/\/worldwide.vapes-bars.com\/it\/"},{"@type":"ListItem","position":2,"name":"La Nostra Storia, con una svolta"}]},{"@type":"WebSite","@id":"https:\/\/worldwide.vapes-bars.com\/it\/#website","url":"https:\/\/worldwide.vapes-bars.com\/it\/","name":"Vapes Bars | Italiano","description":"Vapes Bars Worldwide","publisher":{"@id":"https:\/\/worldwide.vapes-bars.com\/it\/#organization"},"potentialAction":[{"@type":"SearchAction","target":{"@type":"EntryPoint","urlTemplate":"https:\/\/worldwide.vapes-bars.com\/it\/?s={search_term_string}"},"query-input":{"@type":"PropertyValueSpecification","valueRequired":true,"valueName":"search_term_string"}}],"inLanguage":"en-US"},{"@type":"Organization","@id":"https:\/\/worldwide.vapes-bars.com\/it\/#organization","name":"Vapes Bars | Italiano","url":"https:\/\/worldwide.vapes-bars.com\/it\/","logo":{"@type":"ImageObject","inLanguage":"en-US","@id":"https:\/\/worldwide.vapes-bars.com\/it\/#\/schema\/logo\/image\/","url":"https:\/\/i0.wp.com\/aza.kpn.mybluehost.me\/wp-content\/uploads\/2023\/01\/VAPES_BARS_LOGO-02.png?fit=12501%2C12501&ssl=1","contentUrl":"https:\/\/i0.wp.com\/aza.kpn.mybluehost.me\/wp-content\/uploads\/2023\/01\/VAPES_BARS_LOGO-02.png?fit=12501%2C12501&ssl=1","width":12501,"height":12501,"caption":"Vapes Bars | Italiano"},"image":{"@id":"https:\/\/worldwide.vapes-bars.com\/it\/#\/schema\/logo\/image\/"},"sameAs":["https:\/\/www.facebook.com\/VapesBars","https:\/\/www.instagram.com\/vapesbars\/","https:\/\/www.youtube.com\/channel\/UCl3mP7oVZyDi5BEbmLu_C3Q"]}]}},"_links":{"self":[{"href":"https:\/\/worldwide.vapes-bars.com\/it\/wp-json\/wp\/v2\/pages\/10705","targetHints":{"allow":["GET"]}}],"collection":[{"href":"https:\/\/worldwide.vapes-bars.com\/it\/wp-json\/wp\/v2\/pages"}],"about":[{"href":"https:\/\/worldwide.vapes-bars.com\/it\/wp-json\/wp\/v2\/types\/page"}],"author":[{"embeddable":true,"href":"https:\/\/worldwide.vapes-bars.com\/it\/wp-json\/wp\/v2\/users\/2"}],"replies":[{"embeddable":true,"href":"https:\/\/worldwide.vapes-bars.com\/it\/wp-json\/wp\/v2\/comments?post=10705"}],"version-history":[{"count":5,"href":"https:\/\/worldwide.vapes-bars.com\/it\/wp-json\/wp\/v2\/pages\/10705\/revisions"}],"predecessor-version":[{"id":12334,"href":"https:\/\/worldwide.vapes-bars.com\/it\/wp-json\/wp\/v2\/pages\/10705\/revisions\/12334"}],"wp:featuredmedia":[{"embeddable":true,"href":"https:\/\/worldwide.vapes-bars.com\/it\/wp-json\/wp\/v2\/media\/10820"}],"wp:attachment":[{"href":"https:\/\/worldwide.vapes-bars.com\/it\/wp-json\/wp\/v2\/media?parent=10705"}],"curies":[{"name":"wp","href":"https:\/\/api.w.org\/{rel}","templated":true}]}}