{"id":9381,"date":"2023-03-31T06:10:01","date_gmt":"2023-03-31T06:10:01","guid":{"rendered":"https:\/\/aza.kpn.mybluehost.me\/?page_id=9381"},"modified":"2023-10-25T11:52:35","modified_gmt":"2023-10-25T11:52:35","slug":"contact-us","status":"publish","type":"page","link":"https:\/\/worldwide.vapes-bars.com\/fr\/contact-us\/","title":{"rendered":"Contactez-nous"},"content":{"rendered":"\t\t<div data-elementor-type=\"wp-page\" data-elementor-id=\"9381\" class=\"elementor elementor-9381\">\n\t\t\t\t\t\t<section class=\"elementor-section elementor-top-section elementor-element elementor-element-0cde569 elementor-section-full_width elementor-section-content-middle elementor-section-stretched elementor-section-height-default elementor-section-height-default\" data-id=\"0cde569\" data-element_type=\"section\" data-e-type=\"section\" data-settings=\"{&quot;stretch_section&quot;:&quot;section-stretched&quot;,&quot;background_background&quot;:&quot;classic&quot;}\">\n\t\t\t\t\t\t<div class=\"elementor-container elementor-column-gap-default\">\n\t\t\t\t\t<div class=\"elementor-column elementor-col-100 elementor-top-column elementor-element elementor-element-f11e986\" data-id=\"f11e986\" data-element_type=\"column\" data-e-type=\"column\">\n\t\t\t<div class=\"elementor-widget-wrap elementor-element-populated\">\n\t\t\t\t\t\t<div class=\"elementor-element elementor-element-aa7df20 elementor-widget elementor-widget-heading\" data-id=\"aa7df20\" data-element_type=\"widget\" data-e-type=\"widget\" data-widget_type=\"heading.default\">\n\t\t\t\t<div class=\"elementor-widget-container\">\n\t\t\t\t\t<h1 class=\"elementor-heading-title elementor-size-default\">Pour Nous Contacter<\/h1>\t\t\t\t<\/div>\n\t\t\t\t<\/div>\n\t\t\t\t\t<\/div>\n\t\t<\/div>\n\t\t\t\t\t<\/div>\n\t\t<\/section>\n\t\t\t\t<section class=\"elementor-section elementor-top-section elementor-element elementor-element-589d1af elementor-section-boxed elementor-section-height-default elementor-section-height-default\" data-id=\"589d1af\" data-element_type=\"section\" data-e-type=\"section\">\n\t\t\t\t\t\t<div class=\"elementor-container elementor-column-gap-default\">\n\t\t\t\t\t<div class=\"elementor-column elementor-col-100 elementor-top-column elementor-element elementor-element-6969a27\" data-id=\"6969a27\" data-element_type=\"column\" data-e-type=\"column\">\n\t\t\t<div class=\"elementor-widget-wrap elementor-element-populated\">\n\t\t\t\t\t\t<div class=\"elementor-element elementor-element-fc02d6a elementor-widget elementor-widget-text-editor\" data-id=\"fc02d6a\" data-element_type=\"widget\" data-e-type=\"widget\" data-widget_type=\"text-editor.default\">\n\t\t\t\t<div class=\"elementor-widget-container\">\n\t\t\t\t\t\t\t\t\t<p>Si vous souhaitez contacter Vapes Bars\u00ae pour toute information commerciale, veuillez nous laisser un message. Quelqu&#8217;un vous r\u00e9pondra dans un d\u00e9lai d&#8217;un jour ouvrable.<\/p>\t\t\t\t\t\t\t\t<\/div>\n\t\t\t\t<\/div>\n\t\t\t\t<section class=\"elementor-section elementor-inner-section elementor-element elementor-element-a344805 elementor-section-content-middle elementor-section-boxed elementor-section-height-default elementor-section-height-default\" data-id=\"a344805\" data-element_type=\"section\" data-e-type=\"section\">\n\t\t\t\t\t\t<div class=\"elementor-container elementor-column-gap-default\">\n\t\t\t\t\t<div class=\"elementor-column elementor-col-50 elementor-inner-column elementor-element elementor-element-fbd5fb6\" data-id=\"fbd5fb6\" data-element_type=\"column\" data-e-type=\"column\">\n\t\t\t<div class=\"elementor-widget-wrap elementor-element-populated\">\n\t\t\t\t\t\t<div class=\"elementor-element elementor-element-b7168b0 elementor-widget elementor-widget-heading\" data-id=\"b7168b0\" data-element_type=\"widget\" data-e-type=\"widget\" data-widget_type=\"heading.default\">\n\t\t\t\t<div class=\"elementor-widget-container\">\n\t\t\t\t\t<h2 class=\"elementor-heading-title elementor-size-default\">Adresse du si\u00e8ge social :<\/h2>\t\t\t\t<\/div>\n\t\t\t\t<\/div>\n\t\t\t\t<div class=\"elementor-element elementor-element-7077ce6 elementor-widget elementor-widget-heading\" data-id=\"7077ce6\" data-element_type=\"widget\" data-e-type=\"widget\" data-widget_type=\"heading.default\">\n\t\t\t\t<div class=\"elementor-widget-container\">\n\t\t\t\t\t<h2 class=\"elementor-heading-title elementor-size-default\">Num\u00e9ro de t\u00e9l\u00e9phone:<\/h2>\t\t\t\t<\/div>\n\t\t\t\t<\/div>\n\t\t\t\t\t<\/div>\n\t\t<\/div>\n\t\t\t\t<div class=\"elementor-column elementor-col-50 elementor-inner-column elementor-element elementor-element-6c9b930\" data-id=\"6c9b930\" data-element_type=\"column\" data-e-type=\"column\">\n\t\t\t<div class=\"elementor-widget-wrap elementor-element-populated\">\n\t\t\t\t\t\t<div class=\"elementor-element elementor-element-b1c4677 elementor-widget elementor-widget-text-editor\" data-id=\"b1c4677\" data-element_type=\"widget\" data-e-type=\"widget\" data-widget_type=\"text-editor.default\">\n\t\t\t\t<div class=\"elementor-widget-container\">\n\t\t\t\t\t\t\t\t\t<a href=\"https:\/\/www.google.com\/maps\/place\/Vapes+Bars\/@51.5196508,-0.1011508,17z\/data=!3m1!4b1!4m6!3m5!1s0x48761b6d45234313:0xb64923b57ff6bef6!8m2!3d51.5196508!4d-0.0985759!16s%2Fg%2F11s0tl0vqn\" target=\"_blank\" style=\"color: #fff\">Vapes-Bars Limited, 80-83 Long Lane, London, England, EC1A 9ET<\/a>\t\t\t\t\t\t\t\t<\/div>\n\t\t\t\t<\/div>\n\t\t\t\t<div class=\"elementor-element elementor-element-3ddae4e elementor-widget elementor-widget-text-editor\" data-id=\"3ddae4e\" data-element_type=\"widget\" data-e-type=\"widget\" data-widget_type=\"text-editor.default\">\n\t\t\t\t<div class=\"elementor-widget-container\">\n\t\t\t\t\t\t\t\t\t<a href=\"tel:+44 207 692 8713\" style=\"color:#fff;\">+44 207 692 8713<\/a>\t\t\t\t\t\t\t\t<\/div>\n\t\t\t\t<\/div>\n\t\t\t\t\t<\/div>\n\t\t<\/div>\n\t\t\t\t\t<\/div>\n\t\t<\/section>\n\t\t\t\t<section class=\"elementor-section elementor-inner-section elementor-element elementor-element-b305bca elementor-section-content-middle elementor-hidden-desktop elementor-hidden-tablet elementor-hidden-mobile elementor-section-boxed elementor-section-height-default elementor-section-height-default\" data-id=\"b305bca\" data-element_type=\"section\" data-e-type=\"section\">\n\t\t\t\t\t\t<div class=\"elementor-container elementor-column-gap-default\">\n\t\t\t\t\t<div class=\"elementor-column elementor-col-33 elementor-inner-column elementor-element elementor-element-a4b27be\" data-id=\"a4b27be\" data-element_type=\"column\" data-e-type=\"column\">\n\t\t\t<div class=\"elementor-widget-wrap elementor-element-populated\">\n\t\t\t\t\t\t<div class=\"elementor-element elementor-element-ff024a5 elementor-view-default elementor-widget elementor-widget-icon\" data-id=\"ff024a5\" data-element_type=\"widget\" data-e-type=\"widget\" data-widget_type=\"icon.default\">\n\t\t\t\t<div class=\"elementor-widget-container\">\n\t\t\t\t\t\t\t<div class=\"elementor-icon-wrapper\">\n\t\t\t<div class=\"elementor-icon\">\n\t\t\t<i aria-hidden=\"true\" class=\"liftsupply-icon- liftsupply-icon-location-dot\"><\/i>\t\t\t<\/div>\n\t\t<\/div>\n\t\t\t\t\t\t<\/div>\n\t\t\t\t<\/div>\n\t\t\t\t<div class=\"elementor-element elementor-element-96273bf elementor-widget elementor-widget-heading\" data-id=\"96273bf\" data-element_type=\"widget\" data-e-type=\"widget\" data-widget_type=\"heading.default\">\n\t\t\t\t<div class=\"elementor-widget-container\">\n\t\t\t\t\t<h2 class=\"elementor-heading-title elementor-size-default\"><a href=\"https:\/\/www.google.com\/maps\/place\/Herbs+%26+Co+GmbH\/@53.5681112,13.1966302,17z\/data=!3m1!4b1!4m6!3m5!1s0x47abc28b50500001:0x4e978b6b263da4ed!8m2!3d53.5681112!4d13.1992051!16s%2Fg%2F11kc94f4z3\" target=\"_blank\">Vapes Bars GmbH \nWulkenziner Stra\u00dfe 8\n17033 Neubrandenburg<\/a><\/h2>\t\t\t\t<\/div>\n\t\t\t\t<\/div>\n\t\t\t\t\t<\/div>\n\t\t<\/div>\n\t\t\t\t<div class=\"elementor-column elementor-col-33 elementor-inner-column elementor-element elementor-element-3ce9b4f\" data-id=\"3ce9b4f\" data-element_type=\"column\" data-e-type=\"column\">\n\t\t\t<div class=\"elementor-widget-wrap elementor-element-populated\">\n\t\t\t\t\t\t<div class=\"elementor-element elementor-element-96699f3 elementor-view-default elementor-widget elementor-widget-icon\" data-id=\"96699f3\" data-element_type=\"widget\" data-e-type=\"widget\" data-widget_type=\"icon.default\">\n\t\t\t\t<div class=\"elementor-widget-container\">\n\t\t\t\t\t\t\t<div class=\"elementor-icon-wrapper\">\n\t\t\t<div class=\"elementor-icon\">\n\t\t\t<i aria-hidden=\"true\" class=\"far fa-envelope\"><\/i>\t\t\t<\/div>\n\t\t<\/div>\n\t\t\t\t\t\t<\/div>\n\t\t\t\t<\/div>\n\t\t\t\t<div class=\"elementor-element elementor-element-daf818e elementor-widget elementor-widget-heading\" data-id=\"daf818e\" data-element_type=\"widget\" data-e-type=\"widget\" data-widget_type=\"heading.default\">\n\t\t\t\t<div class=\"elementor-widget-container\">\n\t\t\t\t\t<h2 class=\"elementor-heading-title elementor-size-default\"><a href=\"mailto:info@herbsandco.de\">info@herbsandco.de<\/a><\/h2>\t\t\t\t<\/div>\n\t\t\t\t<\/div>\n\t\t\t\t\t<\/div>\n\t\t<\/div>\n\t\t\t\t<div class=\"elementor-column elementor-col-33 elementor-inner-column elementor-element elementor-element-d48d665\" data-id=\"d48d665\" data-element_type=\"column\" data-e-type=\"column\">\n\t\t\t<div class=\"elementor-widget-wrap elementor-element-populated\">\n\t\t\t\t\t\t<div class=\"elementor-element elementor-element-62a6976 elementor-view-default elementor-widget elementor-widget-icon\" data-id=\"62a6976\" data-element_type=\"widget\" data-e-type=\"widget\" data-widget_type=\"icon.default\">\n\t\t\t\t<div class=\"elementor-widget-container\">\n\t\t\t\t\t\t\t<div class=\"elementor-icon-wrapper\">\n\t\t\t<div class=\"elementor-icon\">\n\t\t\t<i aria-hidden=\"true\" class=\"fas fa-phone-volume\"><\/i>\t\t\t<\/div>\n\t\t<\/div>\n\t\t\t\t\t\t<\/div>\n\t\t\t\t<\/div>\n\t\t\t\t<div class=\"elementor-element elementor-element-e1c94ca elementor-widget elementor-widget-heading\" data-id=\"e1c94ca\" data-element_type=\"widget\" data-e-type=\"widget\" data-widget_type=\"heading.default\">\n\t\t\t\t<div class=\"elementor-widget-container\">\n\t\t\t\t\t<h2 class=\"elementor-heading-title elementor-size-default\"><a href=\"tel:+4939535171578\">+4939535171578<\/a><\/h2>\t\t\t\t<\/div>\n\t\t\t\t<\/div>\n\t\t\t\t\t<\/div>\n\t\t<\/div>\n\t\t\t\t\t<\/div>\n\t\t<\/section>\n\t\t\t\t\t<\/div>\n\t\t<\/div>\n\t\t\t\t\t<\/div>\n\t\t<\/section>\n\t\t\t\t<\/div>\n\t\t","protected":false},"excerpt":{"rendered":"<p>Pour Nous Contacter Si vous souhaitez contacter Vapes Bars\u00ae pour toute information commerciale, veuillez nous laisser un message. Quelqu&#8217;un vous r\u00e9pondra dans un d\u00e9lai d&#8217;un jour ouvrable. Adresse du si\u00e8ge social : Num\u00e9ro de t\u00e9l\u00e9phone: Vapes-Bars Limited, 80-83 Long Lane, London, England, EC1A 9ET+44 207 692 8713 Vapes Bars GmbH Wulkenziner Stra\u00dfe 8 17033 Neubrandenburg [&hellip;]<\/p>\n","protected":false},"author":2,"featured_media":10654,"parent":0,"menu_order":0,"comment_status":"closed","ping_status":"closed","template":"template-homepage.php","meta":{"_acf_changed":false,"nf_dc_page":"","inline_featured_image":false,"footnotes":""},"class_list":["post-9381","page","type-page","status-publish","has-post-thumbnail","hentry"],"acf":[],"yoast_head":"<!-- This site is optimized with the Yoast SEO plugin v27.4 - https:\/\/yoast.com\/product\/yoast-seo-wordpress\/ -->\n<title>Contactez-nous - Vapes Bars | Fren\u00e7h<\/title>\n<meta name=\"description\" content=\"Connectez-vous avec Vapes Bars pour les demandes B2B. Laissez-nous un message, et nous vous r\u00e9pondrons dans un d\u00e9lai d&#039;un jour ouvrable. Vous trouverez notre adresse de si\u00e8ge social \u00e0 Londres et notre num\u00e9ro de contact ici.\" \/>\n<meta name=\"robots\" content=\"index, follow, max-snippet:-1, max-image-preview:large, max-video-preview:-1\" \/>\n<link rel=\"canonical\" href=\"https:\/\/worldwide.vapes-bars.com\/fr\/contact-us\/\" \/>\n<meta property=\"og:locale\" content=\"en_US\" \/>\n<meta property=\"og:type\" content=\"article\" \/>\n<meta property=\"og:title\" content=\"Contactez-nous - Vapes Bars | Fren\u00e7h\" \/>\n<meta property=\"og:description\" content=\"Connectez-vous avec Vapes Bars pour les demandes B2B. Laissez-nous un message, et nous vous r\u00e9pondrons dans un d\u00e9lai d&#039;un jour ouvrable. Vous trouverez notre adresse de si\u00e8ge social \u00e0 Londres et notre num\u00e9ro de contact ici.\" \/>\n<meta property=\"og:url\" content=\"https:\/\/worldwide.vapes-bars.com\/fr\/contact-us\/\" \/>\n<meta property=\"og:site_name\" content=\"Vapes Bars | Fren\u00e7h\" \/>\n<meta property=\"article:publisher\" content=\"https:\/\/www.facebook.com\/VapesBars\" \/>\n<meta property=\"article:modified_time\" content=\"2023-10-25T11:52:35+00:00\" \/>\n<meta property=\"og:image\" content=\"https:\/\/worldwide.vapes-bars.com\/fr\/wp-content\/uploads\/2023\/04\/DSC03927-scaled.jpg\" \/>\n\t<meta property=\"og:image:width\" content=\"2560\" \/>\n\t<meta property=\"og:image:height\" content=\"2560\" \/>\n\t<meta property=\"og:image:type\" content=\"image\/jpeg\" \/>\n<meta name=\"twitter:card\" content=\"summary_large_image\" \/>\n<meta name=\"twitter:label1\" content=\"Est. reading time\" \/>\n\t<meta name=\"twitter:data1\" content=\"1 minute\" \/>\n<script type=\"application\/ld+json\" class=\"yoast-schema-graph\">{\"@context\":\"https:\\\/\\\/schema.org\",\"@graph\":[{\"@type\":\"WebPage\",\"@id\":\"https:\\\/\\\/worldwide.vapes-bars.com\\\/fr\\\/contact-us\\\/\",\"url\":\"https:\\\/\\\/worldwide.vapes-bars.com\\\/fr\\\/contact-us\\\/\",\"name\":\"Contactez-nous - Vapes Bars | Fren\u00e7h\",\"isPartOf\":{\"@id\":\"https:\\\/\\\/worldwide.vapes-bars.com\\\/fr\\\/#website\"},\"primaryImageOfPage\":{\"@id\":\"https:\\\/\\\/worldwide.vapes-bars.com\\\/fr\\\/contact-us\\\/#primaryimage\"},\"image\":{\"@id\":\"https:\\\/\\\/worldwide.vapes-bars.com\\\/fr\\\/contact-us\\\/#primaryimage\"},\"thumbnailUrl\":\"https:\\\/\\\/worldwide.vapes-bars.com\\\/fr\\\/wp-content\\\/uploads\\\/2023\\\/04\\\/DSC03927-scaled.jpg\",\"datePublished\":\"2023-03-31T06:10:01+00:00\",\"dateModified\":\"2023-10-25T11:52:35+00:00\",\"description\":\"Connectez-vous avec Vapes Bars pour les demandes B2B. Laissez-nous un message, et nous vous r\u00e9pondrons dans un d\u00e9lai d'un jour ouvrable. Vous trouverez notre adresse de si\u00e8ge social \u00e0 Londres et notre num\u00e9ro de contact ici.\",\"breadcrumb\":{\"@id\":\"https:\\\/\\\/worldwide.vapes-bars.com\\\/fr\\\/contact-us\\\/#breadcrumb\"},\"inLanguage\":\"en-US\",\"potentialAction\":[{\"@type\":\"ReadAction\",\"target\":[\"https:\\\/\\\/worldwide.vapes-bars.com\\\/fr\\\/contact-us\\\/\"]}]},{\"@type\":\"ImageObject\",\"inLanguage\":\"en-US\",\"@id\":\"https:\\\/\\\/worldwide.vapes-bars.com\\\/fr\\\/contact-us\\\/#primaryimage\",\"url\":\"https:\\\/\\\/worldwide.vapes-bars.com\\\/fr\\\/wp-content\\\/uploads\\\/2023\\\/04\\\/DSC03927-scaled.jpg\",\"contentUrl\":\"https:\\\/\\\/worldwide.vapes-bars.com\\\/fr\\\/wp-content\\\/uploads\\\/2023\\\/04\\\/DSC03927-scaled.jpg\",\"width\":2560,\"height\":2560,\"caption\":\"Mod\u00e8le f\u00e9minin tenant des barres de vapes Diamond 600 Vape\"},{\"@type\":\"BreadcrumbList\",\"@id\":\"https:\\\/\\\/worldwide.vapes-bars.com\\\/fr\\\/contact-us\\\/#breadcrumb\",\"itemListElement\":[{\"@type\":\"ListItem\",\"position\":1,\"name\":\"Home\",\"item\":\"https:\\\/\\\/worldwide.vapes-bars.com\\\/fr\\\/\"},{\"@type\":\"ListItem\",\"position\":2,\"name\":\"Contactez-nous\"}]},{\"@type\":\"WebSite\",\"@id\":\"https:\\\/\\\/worldwide.vapes-bars.com\\\/fr\\\/#website\",\"url\":\"https:\\\/\\\/worldwide.vapes-bars.com\\\/fr\\\/\",\"name\":\"Vapes Bars | Fren\u00e7h\",\"description\":\"Vapes Bars Worldwide\",\"publisher\":{\"@id\":\"https:\\\/\\\/worldwide.vapes-bars.com\\\/fr\\\/#organization\"},\"potentialAction\":[{\"@type\":\"SearchAction\",\"target\":{\"@type\":\"EntryPoint\",\"urlTemplate\":\"https:\\\/\\\/worldwide.vapes-bars.com\\\/fr\\\/?s={search_term_string}\"},\"query-input\":{\"@type\":\"PropertyValueSpecification\",\"valueRequired\":true,\"valueName\":\"search_term_string\"}}],\"inLanguage\":\"en-US\"},{\"@type\":\"Organization\",\"@id\":\"https:\\\/\\\/worldwide.vapes-bars.com\\\/fr\\\/#organization\",\"name\":\"Vapes Bars | Fren\u00e7h\",\"url\":\"https:\\\/\\\/worldwide.vapes-bars.com\\\/fr\\\/\",\"logo\":{\"@type\":\"ImageObject\",\"inLanguage\":\"en-US\",\"@id\":\"https:\\\/\\\/worldwide.vapes-bars.com\\\/fr\\\/#\\\/schema\\\/logo\\\/image\\\/\",\"url\":\"https:\\\/\\\/i0.wp.com\\\/aza.kpn.mybluehost.me\\\/wp-content\\\/uploads\\\/2023\\\/01\\\/VAPES_BARS_LOGO-02.png?fit=12501%2C12501&ssl=1\",\"contentUrl\":\"https:\\\/\\\/i0.wp.com\\\/aza.kpn.mybluehost.me\\\/wp-content\\\/uploads\\\/2023\\\/01\\\/VAPES_BARS_LOGO-02.png?fit=12501%2C12501&ssl=1\",\"width\":12501,\"height\":12501,\"caption\":\"Vapes Bars | Fren\u00e7h\"},\"image\":{\"@id\":\"https:\\\/\\\/worldwide.vapes-bars.com\\\/fr\\\/#\\\/schema\\\/logo\\\/image\\\/\"},\"sameAs\":[\"https:\\\/\\\/www.facebook.com\\\/VapesBars\",\"https:\\\/\\\/www.instagram.com\\\/vapesbars\\\/\",\"https:\\\/\\\/www.youtube.com\\\/channel\\\/UCl3mP7oVZyDi5BEbmLu_C3Q\"]}]}<\/script>\n<!-- \/ Yoast SEO plugin. -->","yoast_head_json":{"title":"Contactez-nous - Vapes Bars | Fren\u00e7h","description":"Connectez-vous avec Vapes Bars pour les demandes B2B. Laissez-nous un message, et nous vous r\u00e9pondrons dans un d\u00e9lai d'un jour ouvrable. Vous trouverez notre adresse de si\u00e8ge social \u00e0 Londres et notre num\u00e9ro de contact ici.","robots":{"index":"index","follow":"follow","max-snippet":"max-snippet:-1","max-image-preview":"max-image-preview:large","max-video-preview":"max-video-preview:-1"},"canonical":"https:\/\/worldwide.vapes-bars.com\/fr\/contact-us\/","og_locale":"en_US","og_type":"article","og_title":"Contactez-nous - Vapes Bars | Fren\u00e7h","og_description":"Connectez-vous avec Vapes Bars pour les demandes B2B. Laissez-nous un message, et nous vous r\u00e9pondrons dans un d\u00e9lai d'un jour ouvrable. Vous trouverez notre adresse de si\u00e8ge social \u00e0 Londres et notre num\u00e9ro de contact ici.","og_url":"https:\/\/worldwide.vapes-bars.com\/fr\/contact-us\/","og_site_name":"Vapes Bars | Fren\u00e7h","article_publisher":"https:\/\/www.facebook.com\/VapesBars","article_modified_time":"2023-10-25T11:52:35+00:00","og_image":[{"width":2560,"height":2560,"url":"https:\/\/worldwide.vapes-bars.com\/fr\/wp-content\/uploads\/2023\/04\/DSC03927-scaled.jpg","type":"image\/jpeg"}],"twitter_card":"summary_large_image","twitter_misc":{"Est. reading time":"1 minute"},"schema":{"@context":"https:\/\/schema.org","@graph":[{"@type":"WebPage","@id":"https:\/\/worldwide.vapes-bars.com\/fr\/contact-us\/","url":"https:\/\/worldwide.vapes-bars.com\/fr\/contact-us\/","name":"Contactez-nous - Vapes Bars | Fren\u00e7h","isPartOf":{"@id":"https:\/\/worldwide.vapes-bars.com\/fr\/#website"},"primaryImageOfPage":{"@id":"https:\/\/worldwide.vapes-bars.com\/fr\/contact-us\/#primaryimage"},"image":{"@id":"https:\/\/worldwide.vapes-bars.com\/fr\/contact-us\/#primaryimage"},"thumbnailUrl":"https:\/\/worldwide.vapes-bars.com\/fr\/wp-content\/uploads\/2023\/04\/DSC03927-scaled.jpg","datePublished":"2023-03-31T06:10:01+00:00","dateModified":"2023-10-25T11:52:35+00:00","description":"Connectez-vous avec Vapes Bars pour les demandes B2B. Laissez-nous un message, et nous vous r\u00e9pondrons dans un d\u00e9lai d'un jour ouvrable. Vous trouverez notre adresse de si\u00e8ge social \u00e0 Londres et notre num\u00e9ro de contact ici.","breadcrumb":{"@id":"https:\/\/worldwide.vapes-bars.com\/fr\/contact-us\/#breadcrumb"},"inLanguage":"en-US","potentialAction":[{"@type":"ReadAction","target":["https:\/\/worldwide.vapes-bars.com\/fr\/contact-us\/"]}]},{"@type":"ImageObject","inLanguage":"en-US","@id":"https:\/\/worldwide.vapes-bars.com\/fr\/contact-us\/#primaryimage","url":"https:\/\/worldwide.vapes-bars.com\/fr\/wp-content\/uploads\/2023\/04\/DSC03927-scaled.jpg","contentUrl":"https:\/\/worldwide.vapes-bars.com\/fr\/wp-content\/uploads\/2023\/04\/DSC03927-scaled.jpg","width":2560,"height":2560,"caption":"Mod\u00e8le f\u00e9minin tenant des barres de vapes Diamond 600 Vape"},{"@type":"BreadcrumbList","@id":"https:\/\/worldwide.vapes-bars.com\/fr\/contact-us\/#breadcrumb","itemListElement":[{"@type":"ListItem","position":1,"name":"Home","item":"https:\/\/worldwide.vapes-bars.com\/fr\/"},{"@type":"ListItem","position":2,"name":"Contactez-nous"}]},{"@type":"WebSite","@id":"https:\/\/worldwide.vapes-bars.com\/fr\/#website","url":"https:\/\/worldwide.vapes-bars.com\/fr\/","name":"Vapes Bars | Fren\u00e7h","description":"Vapes Bars Worldwide","publisher":{"@id":"https:\/\/worldwide.vapes-bars.com\/fr\/#organization"},"potentialAction":[{"@type":"SearchAction","target":{"@type":"EntryPoint","urlTemplate":"https:\/\/worldwide.vapes-bars.com\/fr\/?s={search_term_string}"},"query-input":{"@type":"PropertyValueSpecification","valueRequired":true,"valueName":"search_term_string"}}],"inLanguage":"en-US"},{"@type":"Organization","@id":"https:\/\/worldwide.vapes-bars.com\/fr\/#organization","name":"Vapes Bars | Fren\u00e7h","url":"https:\/\/worldwide.vapes-bars.com\/fr\/","logo":{"@type":"ImageObject","inLanguage":"en-US","@id":"https:\/\/worldwide.vapes-bars.com\/fr\/#\/schema\/logo\/image\/","url":"https:\/\/i0.wp.com\/aza.kpn.mybluehost.me\/wp-content\/uploads\/2023\/01\/VAPES_BARS_LOGO-02.png?fit=12501%2C12501&ssl=1","contentUrl":"https:\/\/i0.wp.com\/aza.kpn.mybluehost.me\/wp-content\/uploads\/2023\/01\/VAPES_BARS_LOGO-02.png?fit=12501%2C12501&ssl=1","width":12501,"height":12501,"caption":"Vapes Bars | Fren\u00e7h"},"image":{"@id":"https:\/\/worldwide.vapes-bars.com\/fr\/#\/schema\/logo\/image\/"},"sameAs":["https:\/\/www.facebook.com\/VapesBars","https:\/\/www.instagram.com\/vapesbars\/","https:\/\/www.youtube.com\/channel\/UCl3mP7oVZyDi5BEbmLu_C3Q"]}]}},"_links":{"self":[{"href":"https:\/\/worldwide.vapes-bars.com\/fr\/wp-json\/wp\/v2\/pages\/9381","targetHints":{"allow":["GET"]}}],"collection":[{"href":"https:\/\/worldwide.vapes-bars.com\/fr\/wp-json\/wp\/v2\/pages"}],"about":[{"href":"https:\/\/worldwide.vapes-bars.com\/fr\/wp-json\/wp\/v2\/types\/page"}],"author":[{"embeddable":true,"href":"https:\/\/worldwide.vapes-bars.com\/fr\/wp-json\/wp\/v2\/users\/2"}],"replies":[{"embeddable":true,"href":"https:\/\/worldwide.vapes-bars.com\/fr\/wp-json\/wp\/v2\/comments?post=9381"}],"version-history":[{"count":5,"href":"https:\/\/worldwide.vapes-bars.com\/fr\/wp-json\/wp\/v2\/pages\/9381\/revisions"}],"predecessor-version":[{"id":12288,"href":"https:\/\/worldwide.vapes-bars.com\/fr\/wp-json\/wp\/v2\/pages\/9381\/revisions\/12288"}],"wp:featuredmedia":[{"embeddable":true,"href":"https:\/\/worldwide.vapes-bars.com\/fr\/wp-json\/wp\/v2\/media\/10654"}],"wp:attachment":[{"href":"https:\/\/worldwide.vapes-bars.com\/fr\/wp-json\/wp\/v2\/media?parent=9381"}],"curies":[{"name":"wp","href":"https:\/\/api.w.org\/{rel}","templated":true}]}}