{"id":10748,"date":"2023-04-27T11:55:29","date_gmt":"2023-04-27T11:55:29","guid":{"rendered":"https:\/\/aza.kpn.mybluehost.me\/?page_id=10748"},"modified":"2023-10-25T12:03:14","modified_gmt":"2023-10-25T12:03:14","slug":"hear-it-from-the-vapers-themselves","status":"publish","type":"page","link":"https:\/\/worldwide.vapes-bars.com\/fr\/hear-it-from-the-vapers-themselves\/","title":{"rendered":"\u00c9coutez les Vapoteurs eux-m\u00eames"},"content":{"rendered":"\t\t<div data-elementor-type=\"wp-page\" data-elementor-id=\"10748\" class=\"elementor elementor-10748\">\n\t\t\t\t\t\t<section class=\"elementor-section elementor-top-section elementor-element elementor-element-f5c658a elementor-section-full_width elementor-section-stretched elementor-section-height-default elementor-section-height-default\" data-id=\"f5c658a\" data-element_type=\"section\" data-e-type=\"section\" data-settings=\"{&quot;stretch_section&quot;:&quot;section-stretched&quot;,&quot;background_background&quot;:&quot;classic&quot;}\">\n\t\t\t\t\t\t<div class=\"elementor-container elementor-column-gap-no\">\n\t\t\t\t\t<div class=\"elementor-column elementor-col-100 elementor-top-column elementor-element elementor-element-303c8bd\" data-id=\"303c8bd\" data-element_type=\"column\" data-e-type=\"column\">\n\t\t\t<div class=\"elementor-widget-wrap elementor-element-populated\">\n\t\t\t\t\t\t<section class=\"elementor-section elementor-inner-section elementor-element elementor-element-490ac79 elementor-section-boxed elementor-section-height-default elementor-section-height-default\" data-id=\"490ac79\" data-element_type=\"section\" data-e-type=\"section\">\n\t\t\t\t\t\t<div class=\"elementor-container elementor-column-gap-default\">\n\t\t\t\t\t<div class=\"elementor-column elementor-col-100 elementor-inner-column elementor-element elementor-element-06038ce\" data-id=\"06038ce\" data-element_type=\"column\" data-e-type=\"column\">\n\t\t\t<div class=\"elementor-widget-wrap elementor-element-populated\">\n\t\t\t\t\t\t<div class=\"elementor-element elementor-element-27cfaf9 elementor-widget elementor-widget-heading\" data-id=\"27cfaf9\" data-element_type=\"widget\" data-e-type=\"widget\" data-widget_type=\"heading.default\">\n\t\t\t\t<div class=\"elementor-widget-container\">\n\t\t\t\t\t<h1 class=\"elementor-heading-title elementor-size-default\">\u00c9coutez les Vapoteurs eux-m\u00eames<\/h1>\t\t\t\t<\/div>\n\t\t\t\t<\/div>\n\t\t\t\t\t<\/div>\n\t\t<\/div>\n\t\t\t\t\t<\/div>\n\t\t<\/section>\n\t\t\t\t<section class=\"elementor-section elementor-inner-section elementor-element elementor-element-f071da8 elementor-section-full_width elementor-section-content-middle elementor-section-height-default elementor-section-height-default\" data-id=\"f071da8\" data-element_type=\"section\" data-e-type=\"section\">\n\t\t\t\t\t\t<div class=\"elementor-container elementor-column-gap-no\">\n\t\t\t\t\t<div class=\"elementor-column elementor-col-50 elementor-inner-column elementor-element elementor-element-759df60\" data-id=\"759df60\" data-element_type=\"column\" data-e-type=\"column\">\n\t\t\t<div class=\"elementor-widget-wrap elementor-element-populated\">\n\t\t\t\t\t\t<div class=\"elementor-element elementor-element-501d987 elementor-widget elementor-widget-heading\" data-id=\"501d987\" data-element_type=\"widget\" data-e-type=\"widget\" data-widget_type=\"heading.default\">\n\t\t\t\t<div class=\"elementor-widget-container\">\n\t\t\t\t\t<h2 class=\"elementor-heading-title elementor-size-default\">Des E-liquides Aux Pods, Nous Avons Toutes Les Informations Sur Les Derniers Et Meilleurs Produits.<\/h2>\t\t\t\t<\/div>\n\t\t\t\t<\/div>\n\t\t\t\t<div class=\"elementor-element elementor-element-f49dda4 elementor-widget elementor-widget-text-editor\" data-id=\"f49dda4\" data-element_type=\"widget\" data-e-type=\"widget\" data-widget_type=\"text-editor.default\">\n\t\t\t\t<div class=\"elementor-widget-container\">\n\t\t\t\t\t\t\t\t\t<p>Nous savons qu&#8217;il peut \u00eatre difficile de choisir le bon produit de vapotage, c&#8217;est pourquoi nous avons cr\u00e9\u00e9 une page de critiques aussi dynamique qu&#8217;instructive.<\/p><p>Nos critiques sont comme vous &#8211; ils vivent et respirent le vapotage, et ils n&#8217;ont pas peur d&#8217;\u00eatre originaux dans leurs opinions. Ils vous diront exactement ce qu&#8217;ils pensent d&#8217;un produit, du profil de saveur \u00e0 la production de vapeur, et de tout ce qui se trouve entre les deux.<\/p><p>De plus, cet endroit est parfait pour d\u00e9couvrir de nouveaux produits int\u00e9ressants que vous n&#8217;avez peut-\u00eatre pas essay\u00e9s auparavant. Nous avons des critiques de tous les coins du monde de la vape, des saveurs fruit\u00e9es aux mods high-tech.<\/p><p>Donc, que vous soyez un vapoteur aguerri ou que vous d\u00e9butiez, installez-vous confortablement, d\u00e9tendez-vous et laissez ces critiques vous guider vers le produit de vapotage parfait pour vous.<\/p>\t\t\t\t\t\t\t\t<\/div>\n\t\t\t\t<\/div>\n\t\t\t\t\t<\/div>\n\t\t<\/div>\n\t\t\t\t<div class=\"elementor-column elementor-col-50 elementor-inner-column elementor-element elementor-element-3524599\" data-id=\"3524599\" data-element_type=\"column\" data-e-type=\"column\">\n\t\t\t<div class=\"elementor-widget-wrap elementor-element-populated\">\n\t\t\t\t\t\t<div class=\"elementor-element elementor-element-e67b75c elementor-widget elementor-widget-image\" data-id=\"e67b75c\" data-element_type=\"widget\" data-e-type=\"widget\" data-widget_type=\"image.default\">\n\t\t\t\t<div class=\"elementor-widget-container\">\n\t\t\t\t\t\t\t\t\t\t\t\t\t\t\t\t<a href=\"https:\/\/www.youtube.com\/watch?v=Nh8LmleXilg\" target=\"_blank\">\n\t\t\t\t\t\t\t<img fetchpriority=\"high\" decoding=\"async\" width=\"640\" height=\"480\" src=\"https:\/\/worldwide.vapes-bars.com\/fr\/wp-content\/uploads\/2023\/10\/sddefault-4.jpg\" class=\"attachment-large size-large wp-image-12235\" alt=\"Vapes Bars Found Mary 600 Vape Review Vid\u00e9o sur Youtube\" srcset=\"https:\/\/worldwide.vapes-bars.com\/fr\/wp-content\/uploads\/2023\/10\/sddefault-4.jpg 640w, https:\/\/worldwide.vapes-bars.com\/fr\/wp-content\/uploads\/2023\/10\/sddefault-4-300x225.jpg 300w, https:\/\/worldwide.vapes-bars.com\/fr\/wp-content\/uploads\/2023\/10\/sddefault-4-630x473.jpg 630w, https:\/\/worldwide.vapes-bars.com\/fr\/wp-content\/uploads\/2023\/10\/sddefault-4-450x338.jpg 450w\" sizes=\"(max-width: 640px) 100vw, 640px\" \/>\t\t\t\t\t\t\t\t<\/a>\n\t\t\t\t\t\t\t\t\t\t\t\t\t\t\t<\/div>\n\t\t\t\t<\/div>\n\t\t\t\t\t<\/div>\n\t\t<\/div>\n\t\t\t\t\t<\/div>\n\t\t<\/section>\n\t\t\t\t<section class=\"elementor-section elementor-inner-section elementor-element elementor-element-adb0b90 elementor-section-full_width elementor-section-height-default elementor-section-height-default\" data-id=\"adb0b90\" data-element_type=\"section\" data-e-type=\"section\">\n\t\t\t\t\t\t<div class=\"elementor-container elementor-column-gap-custom\">\n\t\t\t\t\t<div class=\"elementor-column elementor-col-33 elementor-inner-column elementor-element elementor-element-7e82c25\" data-id=\"7e82c25\" data-element_type=\"column\" data-e-type=\"column\">\n\t\t\t<div class=\"elementor-widget-wrap elementor-element-populated\">\n\t\t\t\t\t\t<div class=\"elementor-element elementor-element-8c2c17e elementor-widget elementor-widget-image\" data-id=\"8c2c17e\" data-element_type=\"widget\" data-e-type=\"widget\" data-widget_type=\"image.default\">\n\t\t\t\t<div class=\"elementor-widget-container\">\n\t\t\t\t\t\t\t\t\t\t\t\t\t\t\t\t<a href=\"https:\/\/youtu.be\/44AncsfhzEw?si=RJWHuPAPHm_EbPjv\" target=\"_blank\">\n\t\t\t\t\t\t\t<img decoding=\"async\" width=\"640\" height=\"480\" data-src=\"https:\/\/worldwide.vapes-bars.com\/fr\/wp-content\/uploads\/2023\/10\/sddefault-5.jpg\" class=\"attachment-large size-large wp-image-12234 lazyload\" alt=\"Vapes Bars Diamond 600 Vape Review Vid\u00e9o sur Youtube\" data-srcset=\"https:\/\/worldwide.vapes-bars.com\/fr\/wp-content\/uploads\/2023\/10\/sddefault-5.jpg 640w, https:\/\/worldwide.vapes-bars.com\/fr\/wp-content\/uploads\/2023\/10\/sddefault-5-300x225.jpg 300w, https:\/\/worldwide.vapes-bars.com\/fr\/wp-content\/uploads\/2023\/10\/sddefault-5-630x473.jpg 630w, https:\/\/worldwide.vapes-bars.com\/fr\/wp-content\/uploads\/2023\/10\/sddefault-5-450x338.jpg 450w\" data-sizes=\"(max-width: 640px) 100vw, 640px\" src=\"data:image\/svg+xml;base64,PHN2ZyB3aWR0aD0iMSIgaGVpZ2h0PSIxIiB4bWxucz0iaHR0cDovL3d3dy53My5vcmcvMjAwMC9zdmciPjwvc3ZnPg==\" style=\"--smush-placeholder-width: 640px; --smush-placeholder-aspect-ratio: 640\/480;\" \/>\t\t\t\t\t\t\t\t<\/a>\n\t\t\t\t\t\t\t\t\t\t\t\t\t\t\t<\/div>\n\t\t\t\t<\/div>\n\t\t\t\t\t<\/div>\n\t\t<\/div>\n\t\t\t\t<div class=\"elementor-column elementor-col-33 elementor-inner-column elementor-element elementor-element-6fbe060\" data-id=\"6fbe060\" data-element_type=\"column\" data-e-type=\"column\">\n\t\t\t<div class=\"elementor-widget-wrap elementor-element-populated\">\n\t\t\t\t\t\t<div class=\"elementor-element elementor-element-7f81b23 elementor-widget elementor-widget-image\" data-id=\"7f81b23\" data-element_type=\"widget\" data-e-type=\"widget\" data-widget_type=\"image.default\">\n\t\t\t\t<div class=\"elementor-widget-container\">\n\t\t\t\t\t\t\t\t\t\t\t\t\t\t\t\t<a href=\"https:\/\/youtu.be\/rQy7RIrpvrQ?si=y15WEL5TpJoe8xAI\" target=\"_blank\">\n\t\t\t\t\t\t\t<img decoding=\"async\" width=\"640\" height=\"480\" data-src=\"https:\/\/worldwide.vapes-bars.com\/fr\/wp-content\/uploads\/2023\/10\/sddefault-6.jpg\" class=\"attachment-large size-large wp-image-12233 lazyload\" alt=\"Vapes Bars Disposable Vapes Review Vid\u00e9o sur Youtube\" data-srcset=\"https:\/\/worldwide.vapes-bars.com\/fr\/wp-content\/uploads\/2023\/10\/sddefault-6.jpg 640w, https:\/\/worldwide.vapes-bars.com\/fr\/wp-content\/uploads\/2023\/10\/sddefault-6-300x225.jpg 300w, https:\/\/worldwide.vapes-bars.com\/fr\/wp-content\/uploads\/2023\/10\/sddefault-6-630x473.jpg 630w, https:\/\/worldwide.vapes-bars.com\/fr\/wp-content\/uploads\/2023\/10\/sddefault-6-450x338.jpg 450w\" data-sizes=\"(max-width: 640px) 100vw, 640px\" src=\"data:image\/svg+xml;base64,PHN2ZyB3aWR0aD0iMSIgaGVpZ2h0PSIxIiB4bWxucz0iaHR0cDovL3d3dy53My5vcmcvMjAwMC9zdmciPjwvc3ZnPg==\" style=\"--smush-placeholder-width: 640px; --smush-placeholder-aspect-ratio: 640\/480;\" \/>\t\t\t\t\t\t\t\t<\/a>\n\t\t\t\t\t\t\t\t\t\t\t\t\t\t\t<\/div>\n\t\t\t\t<\/div>\n\t\t\t\t\t<\/div>\n\t\t<\/div>\n\t\t\t\t<div class=\"elementor-column elementor-col-33 elementor-inner-column elementor-element elementor-element-80d8c57\" data-id=\"80d8c57\" data-element_type=\"column\" data-e-type=\"column\">\n\t\t\t<div class=\"elementor-widget-wrap elementor-element-populated\">\n\t\t\t\t\t\t<div class=\"elementor-element elementor-element-d9d1a1c elementor-widget elementor-widget-image\" data-id=\"d9d1a1c\" data-element_type=\"widget\" data-e-type=\"widget\" data-widget_type=\"image.default\">\n\t\t\t\t<div class=\"elementor-widget-container\">\n\t\t\t\t\t\t\t\t\t\t\t\t\t\t\t\t<a href=\"https:\/\/youtu.be\/3F4RA0Bwqt8?si=md36fJHAG8mSb4jp\" target=\"_blank\">\n\t\t\t\t\t\t\t<img decoding=\"async\" width=\"640\" height=\"480\" data-src=\"https:\/\/worldwide.vapes-bars.com\/fr\/wp-content\/uploads\/2023\/10\/sddefault-3.jpg\" class=\"attachment-large size-large wp-image-12236 lazyload\" alt=\"Vapes Bars Ghost 600 Vape Review Vid\u00e9o sur Youtube\" data-srcset=\"https:\/\/worldwide.vapes-bars.com\/fr\/wp-content\/uploads\/2023\/10\/sddefault-3.jpg 640w, https:\/\/worldwide.vapes-bars.com\/fr\/wp-content\/uploads\/2023\/10\/sddefault-3-300x225.jpg 300w, https:\/\/worldwide.vapes-bars.com\/fr\/wp-content\/uploads\/2023\/10\/sddefault-3-630x473.jpg 630w, https:\/\/worldwide.vapes-bars.com\/fr\/wp-content\/uploads\/2023\/10\/sddefault-3-450x338.jpg 450w\" data-sizes=\"(max-width: 640px) 100vw, 640px\" src=\"data:image\/svg+xml;base64,PHN2ZyB3aWR0aD0iMSIgaGVpZ2h0PSIxIiB4bWxucz0iaHR0cDovL3d3dy53My5vcmcvMjAwMC9zdmciPjwvc3ZnPg==\" style=\"--smush-placeholder-width: 640px; --smush-placeholder-aspect-ratio: 640\/480;\" \/>\t\t\t\t\t\t\t\t<\/a>\n\t\t\t\t\t\t\t\t\t\t\t\t\t\t\t<\/div>\n\t\t\t\t<\/div>\n\t\t\t\t\t<\/div>\n\t\t<\/div>\n\t\t\t\t\t<\/div>\n\t\t<\/section>\n\t\t\t\t\t<\/div>\n\t\t<\/div>\n\t\t\t\t\t<\/div>\n\t\t<\/section>\n\t\t\t\t<\/div>\n\t\t","protected":false},"excerpt":{"rendered":"<p>\u00c9coutez les Vapoteurs eux-m\u00eames Des E-liquides Aux Pods, Nous Avons Toutes Les Informations Sur Les Derniers Et Meilleurs Produits. Nous savons qu&#8217;il peut \u00eatre difficile de choisir le bon produit de vapotage, c&#8217;est pourquoi nous avons cr\u00e9\u00e9 une page de critiques aussi dynamique qu&#8217;instructive. Nos critiques sont comme vous &#8211; ils vivent et respirent le [&hellip;]<\/p>\n","protected":false},"author":2,"featured_media":12196,"parent":0,"menu_order":0,"comment_status":"closed","ping_status":"closed","template":"template-homepage.php","meta":{"_acf_changed":false,"nf_dc_page":"","inline_featured_image":false,"footnotes":""},"class_list":["post-10748","page","type-page","status-publish","has-post-thumbnail","hentry"],"acf":[],"yoast_head":"<!-- This site is optimized with the Yoast SEO plugin v27.4 - https:\/\/yoast.com\/product\/yoast-seo-wordpress\/ -->\n<title>\u00c9coutez les Vapoteurs eux-m\u00eames - Vapes Bars | Fren\u00e7h<\/title>\n<meta name=\"description\" content=\"\u00c9coutez les avis des vapoteurs eux-m\u00eames - Votre source de r\u00e9f\u00e9rence pour des critiques de produits de vape honn\u00eates et anim\u00e9es. D\u00e9couvrez les derniers e-liquides, pods, et bien plus encore. Laissez nos chroniqueurs originaux vous aider \u00e0 trouver votre vape parfaite.\" \/>\n<meta name=\"robots\" content=\"index, follow, max-snippet:-1, max-image-preview:large, max-video-preview:-1\" \/>\n<link rel=\"canonical\" href=\"https:\/\/worldwide.vapes-bars.com\/fr\/hear-it-from-the-vapers-themselves\/\" \/>\n<meta property=\"og:locale\" content=\"en_US\" \/>\n<meta property=\"og:type\" content=\"article\" \/>\n<meta property=\"og:title\" content=\"\u00c9coutez les Vapoteurs eux-m\u00eames - Vapes Bars | Fren\u00e7h\" \/>\n<meta property=\"og:description\" content=\"\u00c9coutez les avis des vapoteurs eux-m\u00eames - Votre source de r\u00e9f\u00e9rence pour des critiques de produits de vape honn\u00eates et anim\u00e9es. D\u00e9couvrez les derniers e-liquides, pods, et bien plus encore. Laissez nos chroniqueurs originaux vous aider \u00e0 trouver votre vape parfaite.\" \/>\n<meta property=\"og:url\" content=\"https:\/\/worldwide.vapes-bars.com\/fr\/hear-it-from-the-vapers-themselves\/\" \/>\n<meta property=\"og:site_name\" content=\"Vapes Bars | Fren\u00e7h\" \/>\n<meta property=\"article:publisher\" content=\"https:\/\/www.facebook.com\/VapesBars\" \/>\n<meta property=\"article:modified_time\" content=\"2023-10-25T12:03:14+00:00\" \/>\n<meta property=\"og:image\" content=\"https:\/\/worldwide.vapes-bars.com\/fr\/wp-content\/uploads\/2023\/10\/review.png\" \/>\n\t<meta property=\"og:image:width\" content=\"1920\" \/>\n\t<meta property=\"og:image:height\" content=\"962\" \/>\n\t<meta property=\"og:image:type\" content=\"image\/png\" \/>\n<meta name=\"twitter:card\" content=\"summary_large_image\" \/>\n<meta name=\"twitter:label1\" content=\"Est. reading time\" \/>\n\t<meta name=\"twitter:data1\" content=\"2 minutes\" \/>\n<script type=\"application\/ld+json\" class=\"yoast-schema-graph\">{\"@context\":\"https:\\\/\\\/schema.org\",\"@graph\":[{\"@type\":\"WebPage\",\"@id\":\"https:\\\/\\\/worldwide.vapes-bars.com\\\/fr\\\/hear-it-from-the-vapers-themselves\\\/\",\"url\":\"https:\\\/\\\/worldwide.vapes-bars.com\\\/fr\\\/hear-it-from-the-vapers-themselves\\\/\",\"name\":\"\u00c9coutez les Vapoteurs eux-m\u00eames - Vapes Bars | Fren\u00e7h\",\"isPartOf\":{\"@id\":\"https:\\\/\\\/worldwide.vapes-bars.com\\\/fr\\\/#website\"},\"primaryImageOfPage\":{\"@id\":\"https:\\\/\\\/worldwide.vapes-bars.com\\\/fr\\\/hear-it-from-the-vapers-themselves\\\/#primaryimage\"},\"image\":{\"@id\":\"https:\\\/\\\/worldwide.vapes-bars.com\\\/fr\\\/hear-it-from-the-vapers-themselves\\\/#primaryimage\"},\"thumbnailUrl\":\"https:\\\/\\\/worldwide.vapes-bars.com\\\/fr\\\/wp-content\\\/uploads\\\/2023\\\/10\\\/review.png\",\"datePublished\":\"2023-04-27T11:55:29+00:00\",\"dateModified\":\"2023-10-25T12:03:14+00:00\",\"description\":\"\u00c9coutez les avis des vapoteurs eux-m\u00eames - Votre source de r\u00e9f\u00e9rence pour des critiques de produits de vape honn\u00eates et anim\u00e9es. D\u00e9couvrez les derniers e-liquides, pods, et bien plus encore. Laissez nos chroniqueurs originaux vous aider \u00e0 trouver votre vape parfaite.\",\"breadcrumb\":{\"@id\":\"https:\\\/\\\/worldwide.vapes-bars.com\\\/fr\\\/hear-it-from-the-vapers-themselves\\\/#breadcrumb\"},\"inLanguage\":\"en-US\",\"potentialAction\":[{\"@type\":\"ReadAction\",\"target\":[\"https:\\\/\\\/worldwide.vapes-bars.com\\\/fr\\\/hear-it-from-the-vapers-themselves\\\/\"]}]},{\"@type\":\"ImageObject\",\"inLanguage\":\"en-US\",\"@id\":\"https:\\\/\\\/worldwide.vapes-bars.com\\\/fr\\\/hear-it-from-the-vapers-themselves\\\/#primaryimage\",\"url\":\"https:\\\/\\\/worldwide.vapes-bars.com\\\/fr\\\/wp-content\\\/uploads\\\/2023\\\/10\\\/review.png\",\"contentUrl\":\"https:\\\/\\\/worldwide.vapes-bars.com\\\/fr\\\/wp-content\\\/uploads\\\/2023\\\/10\\\/review.png\",\"width\":1920,\"height\":962,\"caption\":\"Le voici des vapoteurs eux-m\u00eames Page Feature Image\"},{\"@type\":\"BreadcrumbList\",\"@id\":\"https:\\\/\\\/worldwide.vapes-bars.com\\\/fr\\\/hear-it-from-the-vapers-themselves\\\/#breadcrumb\",\"itemListElement\":[{\"@type\":\"ListItem\",\"position\":1,\"name\":\"Home\",\"item\":\"https:\\\/\\\/worldwide.vapes-bars.com\\\/fr\\\/\"},{\"@type\":\"ListItem\",\"position\":2,\"name\":\"\u00c9coutez les Vapoteurs eux-m\u00eames\"}]},{\"@type\":\"WebSite\",\"@id\":\"https:\\\/\\\/worldwide.vapes-bars.com\\\/fr\\\/#website\",\"url\":\"https:\\\/\\\/worldwide.vapes-bars.com\\\/fr\\\/\",\"name\":\"Vapes Bars | Fren\u00e7h\",\"description\":\"Vapes Bars Worldwide\",\"publisher\":{\"@id\":\"https:\\\/\\\/worldwide.vapes-bars.com\\\/fr\\\/#organization\"},\"potentialAction\":[{\"@type\":\"SearchAction\",\"target\":{\"@type\":\"EntryPoint\",\"urlTemplate\":\"https:\\\/\\\/worldwide.vapes-bars.com\\\/fr\\\/?s={search_term_string}\"},\"query-input\":{\"@type\":\"PropertyValueSpecification\",\"valueRequired\":true,\"valueName\":\"search_term_string\"}}],\"inLanguage\":\"en-US\"},{\"@type\":\"Organization\",\"@id\":\"https:\\\/\\\/worldwide.vapes-bars.com\\\/fr\\\/#organization\",\"name\":\"Vapes Bars | Fren\u00e7h\",\"url\":\"https:\\\/\\\/worldwide.vapes-bars.com\\\/fr\\\/\",\"logo\":{\"@type\":\"ImageObject\",\"inLanguage\":\"en-US\",\"@id\":\"https:\\\/\\\/worldwide.vapes-bars.com\\\/fr\\\/#\\\/schema\\\/logo\\\/image\\\/\",\"url\":\"https:\\\/\\\/i0.wp.com\\\/aza.kpn.mybluehost.me\\\/wp-content\\\/uploads\\\/2023\\\/01\\\/VAPES_BARS_LOGO-02.png?fit=12501%2C12501&ssl=1\",\"contentUrl\":\"https:\\\/\\\/i0.wp.com\\\/aza.kpn.mybluehost.me\\\/wp-content\\\/uploads\\\/2023\\\/01\\\/VAPES_BARS_LOGO-02.png?fit=12501%2C12501&ssl=1\",\"width\":12501,\"height\":12501,\"caption\":\"Vapes Bars | Fren\u00e7h\"},\"image\":{\"@id\":\"https:\\\/\\\/worldwide.vapes-bars.com\\\/fr\\\/#\\\/schema\\\/logo\\\/image\\\/\"},\"sameAs\":[\"https:\\\/\\\/www.facebook.com\\\/VapesBars\",\"https:\\\/\\\/www.instagram.com\\\/vapesbars\\\/\",\"https:\\\/\\\/www.youtube.com\\\/channel\\\/UCl3mP7oVZyDi5BEbmLu_C3Q\"]}]}<\/script>\n<!-- \/ Yoast SEO plugin. -->","yoast_head_json":{"title":"\u00c9coutez les Vapoteurs eux-m\u00eames - Vapes Bars | Fren\u00e7h","description":"\u00c9coutez les avis des vapoteurs eux-m\u00eames - Votre source de r\u00e9f\u00e9rence pour des critiques de produits de vape honn\u00eates et anim\u00e9es. D\u00e9couvrez les derniers e-liquides, pods, et bien plus encore. Laissez nos chroniqueurs originaux vous aider \u00e0 trouver votre vape parfaite.","robots":{"index":"index","follow":"follow","max-snippet":"max-snippet:-1","max-image-preview":"max-image-preview:large","max-video-preview":"max-video-preview:-1"},"canonical":"https:\/\/worldwide.vapes-bars.com\/fr\/hear-it-from-the-vapers-themselves\/","og_locale":"en_US","og_type":"article","og_title":"\u00c9coutez les Vapoteurs eux-m\u00eames - Vapes Bars | Fren\u00e7h","og_description":"\u00c9coutez les avis des vapoteurs eux-m\u00eames - Votre source de r\u00e9f\u00e9rence pour des critiques de produits de vape honn\u00eates et anim\u00e9es. D\u00e9couvrez les derniers e-liquides, pods, et bien plus encore. Laissez nos chroniqueurs originaux vous aider \u00e0 trouver votre vape parfaite.","og_url":"https:\/\/worldwide.vapes-bars.com\/fr\/hear-it-from-the-vapers-themselves\/","og_site_name":"Vapes Bars | Fren\u00e7h","article_publisher":"https:\/\/www.facebook.com\/VapesBars","article_modified_time":"2023-10-25T12:03:14+00:00","og_image":[{"width":1920,"height":962,"url":"https:\/\/worldwide.vapes-bars.com\/fr\/wp-content\/uploads\/2023\/10\/review.png","type":"image\/png"}],"twitter_card":"summary_large_image","twitter_misc":{"Est. reading time":"2 minutes"},"schema":{"@context":"https:\/\/schema.org","@graph":[{"@type":"WebPage","@id":"https:\/\/worldwide.vapes-bars.com\/fr\/hear-it-from-the-vapers-themselves\/","url":"https:\/\/worldwide.vapes-bars.com\/fr\/hear-it-from-the-vapers-themselves\/","name":"\u00c9coutez les Vapoteurs eux-m\u00eames - Vapes Bars | Fren\u00e7h","isPartOf":{"@id":"https:\/\/worldwide.vapes-bars.com\/fr\/#website"},"primaryImageOfPage":{"@id":"https:\/\/worldwide.vapes-bars.com\/fr\/hear-it-from-the-vapers-themselves\/#primaryimage"},"image":{"@id":"https:\/\/worldwide.vapes-bars.com\/fr\/hear-it-from-the-vapers-themselves\/#primaryimage"},"thumbnailUrl":"https:\/\/worldwide.vapes-bars.com\/fr\/wp-content\/uploads\/2023\/10\/review.png","datePublished":"2023-04-27T11:55:29+00:00","dateModified":"2023-10-25T12:03:14+00:00","description":"\u00c9coutez les avis des vapoteurs eux-m\u00eames - Votre source de r\u00e9f\u00e9rence pour des critiques de produits de vape honn\u00eates et anim\u00e9es. D\u00e9couvrez les derniers e-liquides, pods, et bien plus encore. Laissez nos chroniqueurs originaux vous aider \u00e0 trouver votre vape parfaite.","breadcrumb":{"@id":"https:\/\/worldwide.vapes-bars.com\/fr\/hear-it-from-the-vapers-themselves\/#breadcrumb"},"inLanguage":"en-US","potentialAction":[{"@type":"ReadAction","target":["https:\/\/worldwide.vapes-bars.com\/fr\/hear-it-from-the-vapers-themselves\/"]}]},{"@type":"ImageObject","inLanguage":"en-US","@id":"https:\/\/worldwide.vapes-bars.com\/fr\/hear-it-from-the-vapers-themselves\/#primaryimage","url":"https:\/\/worldwide.vapes-bars.com\/fr\/wp-content\/uploads\/2023\/10\/review.png","contentUrl":"https:\/\/worldwide.vapes-bars.com\/fr\/wp-content\/uploads\/2023\/10\/review.png","width":1920,"height":962,"caption":"Le voici des vapoteurs eux-m\u00eames Page Feature Image"},{"@type":"BreadcrumbList","@id":"https:\/\/worldwide.vapes-bars.com\/fr\/hear-it-from-the-vapers-themselves\/#breadcrumb","itemListElement":[{"@type":"ListItem","position":1,"name":"Home","item":"https:\/\/worldwide.vapes-bars.com\/fr\/"},{"@type":"ListItem","position":2,"name":"\u00c9coutez les Vapoteurs eux-m\u00eames"}]},{"@type":"WebSite","@id":"https:\/\/worldwide.vapes-bars.com\/fr\/#website","url":"https:\/\/worldwide.vapes-bars.com\/fr\/","name":"Vapes Bars | Fren\u00e7h","description":"Vapes Bars Worldwide","publisher":{"@id":"https:\/\/worldwide.vapes-bars.com\/fr\/#organization"},"potentialAction":[{"@type":"SearchAction","target":{"@type":"EntryPoint","urlTemplate":"https:\/\/worldwide.vapes-bars.com\/fr\/?s={search_term_string}"},"query-input":{"@type":"PropertyValueSpecification","valueRequired":true,"valueName":"search_term_string"}}],"inLanguage":"en-US"},{"@type":"Organization","@id":"https:\/\/worldwide.vapes-bars.com\/fr\/#organization","name":"Vapes Bars | Fren\u00e7h","url":"https:\/\/worldwide.vapes-bars.com\/fr\/","logo":{"@type":"ImageObject","inLanguage":"en-US","@id":"https:\/\/worldwide.vapes-bars.com\/fr\/#\/schema\/logo\/image\/","url":"https:\/\/i0.wp.com\/aza.kpn.mybluehost.me\/wp-content\/uploads\/2023\/01\/VAPES_BARS_LOGO-02.png?fit=12501%2C12501&ssl=1","contentUrl":"https:\/\/i0.wp.com\/aza.kpn.mybluehost.me\/wp-content\/uploads\/2023\/01\/VAPES_BARS_LOGO-02.png?fit=12501%2C12501&ssl=1","width":12501,"height":12501,"caption":"Vapes Bars | Fren\u00e7h"},"image":{"@id":"https:\/\/worldwide.vapes-bars.com\/fr\/#\/schema\/logo\/image\/"},"sameAs":["https:\/\/www.facebook.com\/VapesBars","https:\/\/www.instagram.com\/vapesbars\/","https:\/\/www.youtube.com\/channel\/UCl3mP7oVZyDi5BEbmLu_C3Q"]}]}},"_links":{"self":[{"href":"https:\/\/worldwide.vapes-bars.com\/fr\/wp-json\/wp\/v2\/pages\/10748","targetHints":{"allow":["GET"]}}],"collection":[{"href":"https:\/\/worldwide.vapes-bars.com\/fr\/wp-json\/wp\/v2\/pages"}],"about":[{"href":"https:\/\/worldwide.vapes-bars.com\/fr\/wp-json\/wp\/v2\/types\/page"}],"author":[{"embeddable":true,"href":"https:\/\/worldwide.vapes-bars.com\/fr\/wp-json\/wp\/v2\/users\/2"}],"replies":[{"embeddable":true,"href":"https:\/\/worldwide.vapes-bars.com\/fr\/wp-json\/wp\/v2\/comments?post=10748"}],"version-history":[{"count":5,"href":"https:\/\/worldwide.vapes-bars.com\/fr\/wp-json\/wp\/v2\/pages\/10748\/revisions"}],"predecessor-version":[{"id":12308,"href":"https:\/\/worldwide.vapes-bars.com\/fr\/wp-json\/wp\/v2\/pages\/10748\/revisions\/12308"}],"wp:featuredmedia":[{"embeddable":true,"href":"https:\/\/worldwide.vapes-bars.com\/fr\/wp-json\/wp\/v2\/media\/12196"}],"wp:attachment":[{"href":"https:\/\/worldwide.vapes-bars.com\/fr\/wp-json\/wp\/v2\/media?parent=10748"}],"curies":[{"name":"wp","href":"https:\/\/api.w.org\/{rel}","templated":true}]}}