{"id":10705,"date":"2023-04-27T10:06:40","date_gmt":"2023-04-27T10:06:40","guid":{"rendered":"https:\/\/aza.kpn.mybluehost.me\/?page_id=10705"},"modified":"2023-10-25T11:22:24","modified_gmt":"2023-10-25T11:22:24","slug":"the-story-of-us-with-a-twist","status":"publish","type":"page","link":"https:\/\/worldwide.vapes-bars.com\/fr\/the-story-of-us-with-a-twist\/","title":{"rendered":"Notre histoire, avec une touche"},"content":{"rendered":"\t\t<div data-elementor-type=\"wp-page\" data-elementor-id=\"10705\" class=\"elementor elementor-10705\">\n\t\t\t\t\t\t<section class=\"elementor-section elementor-top-section elementor-element elementor-element-362ee35 elementor-section-full_width elementor-section-stretched elementor-section-height-default elementor-section-height-default\" data-id=\"362ee35\" data-element_type=\"section\" data-e-type=\"section\" data-settings=\"{&quot;stretch_section&quot;:&quot;section-stretched&quot;,&quot;background_background&quot;:&quot;classic&quot;}\">\n\t\t\t\t\t\t<div class=\"elementor-container elementor-column-gap-no\">\n\t\t\t\t\t<div class=\"elementor-column elementor-col-100 elementor-top-column elementor-element elementor-element-ffef3ae\" data-id=\"ffef3ae\" data-element_type=\"column\" data-e-type=\"column\">\n\t\t\t<div class=\"elementor-widget-wrap elementor-element-populated\">\n\t\t\t\t\t\t<section class=\"elementor-section elementor-inner-section elementor-element elementor-element-7005c83 elementor-section-boxed elementor-section-height-default elementor-section-height-default\" data-id=\"7005c83\" data-element_type=\"section\" data-e-type=\"section\">\n\t\t\t\t\t\t<div class=\"elementor-container elementor-column-gap-default\">\n\t\t\t\t\t<div class=\"elementor-column elementor-col-100 elementor-inner-column elementor-element elementor-element-f97fb8a\" data-id=\"f97fb8a\" data-element_type=\"column\" data-e-type=\"column\">\n\t\t\t<div class=\"elementor-widget-wrap elementor-element-populated\">\n\t\t\t\t\t\t<div class=\"elementor-element elementor-element-f17bc4d elementor-widget elementor-widget-heading\" data-id=\"f17bc4d\" data-element_type=\"widget\" data-e-type=\"widget\" data-widget_type=\"heading.default\">\n\t\t\t\t<div class=\"elementor-widget-container\">\n\t\t\t\t\t<h1 class=\"elementor-heading-title elementor-size-default\">Notre histoire, <\/br>avec une touche<\/h1>\t\t\t\t<\/div>\n\t\t\t\t<\/div>\n\t\t\t\t\t<\/div>\n\t\t<\/div>\n\t\t\t\t\t<\/div>\n\t\t<\/section>\n\t\t\t\t\t<\/div>\n\t\t<\/div>\n\t\t\t\t\t<\/div>\n\t\t<\/section>\n\t\t\t\t<section class=\"elementor-section elementor-top-section elementor-element elementor-element-1736ddb elementor-section-full_width elementor-section-content-middle elementor-section-stretched elementor-section-height-default elementor-section-height-default\" data-id=\"1736ddb\" data-element_type=\"section\" data-e-type=\"section\" data-settings=\"{&quot;stretch_section&quot;:&quot;section-stretched&quot;,&quot;background_background&quot;:&quot;classic&quot;}\">\n\t\t\t\t\t\t<div class=\"elementor-container elementor-column-gap-no\">\n\t\t\t\t\t<div class=\"elementor-column elementor-col-50 elementor-top-column elementor-element elementor-element-2977d92\" data-id=\"2977d92\" data-element_type=\"column\" data-e-type=\"column\">\n\t\t\t<div class=\"elementor-widget-wrap\">\n\t\t\t\t\t\t\t<\/div>\n\t\t<\/div>\n\t\t\t\t<div class=\"elementor-column elementor-col-50 elementor-top-column elementor-element elementor-element-a8f9efa\" data-id=\"a8f9efa\" data-element_type=\"column\" data-e-type=\"column\">\n\t\t\t<div class=\"elementor-widget-wrap elementor-element-populated\">\n\t\t\t\t\t\t<div class=\"elementor-element elementor-element-f054b6b elementor-widget elementor-widget-heading\" data-id=\"f054b6b\" data-element_type=\"widget\" data-e-type=\"widget\" data-widget_type=\"heading.default\">\n\t\t\t\t<div class=\"elementor-widget-container\">\n\t\t\t\t\t<h2 class=\"elementor-heading-title elementor-size-default\">AUDACIEUX. CR\u00c9ATIF. ILLIMIT\u00c9<\/h2>\t\t\t\t<\/div>\n\t\t\t\t<\/div>\n\t\t\t\t<div class=\"elementor-element elementor-element-f0b9653 elementor-widget elementor-widget-text-editor\" data-id=\"f0b9653\" data-element_type=\"widget\" data-e-type=\"widget\" data-widget_type=\"text-editor.default\">\n\t\t\t\t<div class=\"elementor-widget-container\">\n\t\t\t\t\t\t\t\t\t<p>Notre histoire est vraiment celle d&#8217;un groupe de passionn\u00e9s qui se sont r\u00e9unis autour d&#8217;un amour commun pour la vape et d&#8217;une vision de cr\u00e9er quelque chose de vraiment sp\u00e9cial. Nous avons mis tout notre c\u0153ur et notre \u00e2me dans le d\u00e9veloppement Des Nouvelles et excitantes saveurs, en repoussant constamment les limites de ce qui \u00e9tait possible dans le monde de la vape.<\/p><p>En grandissant, nous sommes rest\u00e9s fid\u00e8les \u00e0 nos valeurs fondamentales de qualit\u00e9, d&#8217;innovation et de satisfaction client. Nous voulions cr\u00e9er non seulement des produits, mais aussi une communaut\u00e9 de vapoteurs partageant nos valeurs d&#8217;exploration et d&#8217;exp\u00e9rimentation. Et c&#8217;est exactement ce que nous avons fait.<\/p><p>Aujourd&#8217;hui, nous sommes un acteur majeur de l&#8217;industrie mondiale de la vape, avec une forte pr\u00e9sence dans 50 pays et plus. Mais nous n&#8217;oublions jamais nos racines &#8211; notre histoire est vraiment celle d&#8217;un groupe d&#8217;amis qui ont transform\u00e9 leur amour de la vape en quelque chose de vraiment remarquable.<\/p><p>Aujourd&#8217;hui, Vapes Bars\u00ae est devenue une sensation mondiale. Mais notre histoire est loin d&#8217;\u00eatre termin\u00e9e &#8211; nous nous poussons toujours \u00e0 cr\u00e9er de nouveaux produits passionnants qui continueront d&#8217;inspirer les vapoteurs du monde entier.<\/p>\t\t\t\t\t\t\t\t<\/div>\n\t\t\t\t<\/div>\n\t\t\t\t<div class=\"elementor-element elementor-element-217c9f6 elementor-widget elementor-widget-heading\" data-id=\"217c9f6\" data-element_type=\"widget\" data-e-type=\"widget\" data-widget_type=\"heading.default\">\n\t\t\t\t<div class=\"elementor-widget-container\">\n\t\t\t\t\t<h3 class=\"elementor-heading-title elementor-size-default\">Vapotez avec nous vers un avenir plus excitant et savoureux !<\/h3>\t\t\t\t<\/div>\n\t\t\t\t<\/div>\n\t\t\t\t\t<\/div>\n\t\t<\/div>\n\t\t\t\t\t<\/div>\n\t\t<\/section>\n\t\t\t\t<\/div>\n\t\t","protected":false},"excerpt":{"rendered":"<p>Notre histoire, avec une touche AUDACIEUX. CR\u00c9ATIF. ILLIMIT\u00c9 Notre histoire est vraiment celle d&#8217;un groupe de passionn\u00e9s qui se sont r\u00e9unis autour d&#8217;un amour commun pour la vape et d&#8217;une vision de cr\u00e9er quelque chose de vraiment sp\u00e9cial. Nous avons mis tout notre c\u0153ur et notre \u00e2me dans le d\u00e9veloppement Des Nouvelles et excitantes saveurs, [&hellip;]<\/p>\n","protected":false},"author":2,"featured_media":10820,"parent":0,"menu_order":0,"comment_status":"closed","ping_status":"closed","template":"template-homepage.php","meta":{"_acf_changed":false,"nf_dc_page":"","inline_featured_image":false,"footnotes":""},"class_list":["post-10705","page","type-page","status-publish","has-post-thumbnail","hentry"],"acf":[],"yoast_head":"<!-- This site is optimized with the Yoast SEO plugin v27.4 - https:\/\/yoast.com\/product\/yoast-seo-wordpress\/ -->\n<title>Notre histoire, avec une touche - Vapes Bars | Fren\u00e7h<\/title>\n<meta name=\"description\" content=\"D\u00e9couvrez l&#039;histoire audacieuse et cr\u00e9ative de Vapes Bars - Une sensation mondiale dans l&#039;industrie de la vape. Rejoignez notre communaut\u00e9 et explorez une innovation infinie dans le monde de la vape !\" \/>\n<meta name=\"robots\" content=\"index, follow, max-snippet:-1, max-image-preview:large, max-video-preview:-1\" \/>\n<link rel=\"canonical\" href=\"https:\/\/worldwide.vapes-bars.com\/fr\/the-story-of-us-with-a-twist\/\" \/>\n<meta property=\"og:locale\" content=\"en_US\" \/>\n<meta property=\"og:type\" content=\"article\" \/>\n<meta property=\"og:title\" content=\"Notre histoire, avec une touche - Vapes Bars | Fren\u00e7h\" \/>\n<meta property=\"og:description\" content=\"D\u00e9couvrez l&#039;histoire audacieuse et cr\u00e9ative de Vapes Bars - Une sensation mondiale dans l&#039;industrie de la vape. Rejoignez notre communaut\u00e9 et explorez une innovation infinie dans le monde de la vape !\" \/>\n<meta property=\"og:url\" content=\"https:\/\/worldwide.vapes-bars.com\/fr\/the-story-of-us-with-a-twist\/\" \/>\n<meta property=\"og:site_name\" content=\"Vapes Bars | Fren\u00e7h\" \/>\n<meta property=\"article:publisher\" content=\"https:\/\/www.facebook.com\/VapesBars\" \/>\n<meta property=\"article:modified_time\" content=\"2023-10-25T11:22:24+00:00\" \/>\n<meta property=\"og:image\" content=\"https:\/\/worldwide.vapes-bars.com\/fr\/wp-content\/uploads\/2023\/04\/9-EDITED-scaled.jpg\" \/>\n\t<meta property=\"og:image:width\" content=\"2560\" \/>\n\t<meta property=\"og:image:height\" content=\"2560\" \/>\n\t<meta property=\"og:image:type\" content=\"image\/jpeg\" \/>\n<meta name=\"twitter:card\" content=\"summary_large_image\" \/>\n<meta name=\"twitter:label1\" content=\"Est. reading time\" \/>\n\t<meta name=\"twitter:data1\" content=\"2 minutes\" \/>\n<script type=\"application\/ld+json\" class=\"yoast-schema-graph\">{\"@context\":\"https:\\\/\\\/schema.org\",\"@graph\":[{\"@type\":\"WebPage\",\"@id\":\"https:\\\/\\\/worldwide.vapes-bars.com\\\/fr\\\/the-story-of-us-with-a-twist\\\/\",\"url\":\"https:\\\/\\\/worldwide.vapes-bars.com\\\/fr\\\/the-story-of-us-with-a-twist\\\/\",\"name\":\"Notre histoire, avec une touche - Vapes Bars | Fren\u00e7h\",\"isPartOf\":{\"@id\":\"https:\\\/\\\/worldwide.vapes-bars.com\\\/fr\\\/#website\"},\"primaryImageOfPage\":{\"@id\":\"https:\\\/\\\/worldwide.vapes-bars.com\\\/fr\\\/the-story-of-us-with-a-twist\\\/#primaryimage\"},\"image\":{\"@id\":\"https:\\\/\\\/worldwide.vapes-bars.com\\\/fr\\\/the-story-of-us-with-a-twist\\\/#primaryimage\"},\"thumbnailUrl\":\"https:\\\/\\\/worldwide.vapes-bars.com\\\/fr\\\/wp-content\\\/uploads\\\/2023\\\/04\\\/9-EDITED-scaled.jpg\",\"datePublished\":\"2023-04-27T10:06:40+00:00\",\"dateModified\":\"2023-10-25T11:22:24+00:00\",\"description\":\"D\u00e9couvrez l'histoire audacieuse et cr\u00e9ative de Vapes Bars - Une sensation mondiale dans l'industrie de la vape. Rejoignez notre communaut\u00e9 et explorez une innovation infinie dans le monde de la vape !\",\"breadcrumb\":{\"@id\":\"https:\\\/\\\/worldwide.vapes-bars.com\\\/fr\\\/the-story-of-us-with-a-twist\\\/#breadcrumb\"},\"inLanguage\":\"en-US\",\"potentialAction\":[{\"@type\":\"ReadAction\",\"target\":[\"https:\\\/\\\/worldwide.vapes-bars.com\\\/fr\\\/the-story-of-us-with-a-twist\\\/\"]}]},{\"@type\":\"ImageObject\",\"inLanguage\":\"en-US\",\"@id\":\"https:\\\/\\\/worldwide.vapes-bars.com\\\/fr\\\/the-story-of-us-with-a-twist\\\/#primaryimage\",\"url\":\"https:\\\/\\\/worldwide.vapes-bars.com\\\/fr\\\/wp-content\\\/uploads\\\/2023\\\/04\\\/9-EDITED-scaled.jpg\",\"contentUrl\":\"https:\\\/\\\/worldwide.vapes-bars.com\\\/fr\\\/wp-content\\\/uploads\\\/2023\\\/04\\\/9-EDITED-scaled.jpg\",\"width\":2560,\"height\":2560,\"caption\":\"Mod\u00e8le f\u00e9minin tenant des barres de vapes Diamond 600 Vape\"},{\"@type\":\"BreadcrumbList\",\"@id\":\"https:\\\/\\\/worldwide.vapes-bars.com\\\/fr\\\/the-story-of-us-with-a-twist\\\/#breadcrumb\",\"itemListElement\":[{\"@type\":\"ListItem\",\"position\":1,\"name\":\"Home\",\"item\":\"https:\\\/\\\/worldwide.vapes-bars.com\\\/fr\\\/\"},{\"@type\":\"ListItem\",\"position\":2,\"name\":\"Notre histoire, avec une touche\"}]},{\"@type\":\"WebSite\",\"@id\":\"https:\\\/\\\/worldwide.vapes-bars.com\\\/fr\\\/#website\",\"url\":\"https:\\\/\\\/worldwide.vapes-bars.com\\\/fr\\\/\",\"name\":\"Vapes Bars | Fren\u00e7h\",\"description\":\"Vapes Bars Worldwide\",\"publisher\":{\"@id\":\"https:\\\/\\\/worldwide.vapes-bars.com\\\/fr\\\/#organization\"},\"potentialAction\":[{\"@type\":\"SearchAction\",\"target\":{\"@type\":\"EntryPoint\",\"urlTemplate\":\"https:\\\/\\\/worldwide.vapes-bars.com\\\/fr\\\/?s={search_term_string}\"},\"query-input\":{\"@type\":\"PropertyValueSpecification\",\"valueRequired\":true,\"valueName\":\"search_term_string\"}}],\"inLanguage\":\"en-US\"},{\"@type\":\"Organization\",\"@id\":\"https:\\\/\\\/worldwide.vapes-bars.com\\\/fr\\\/#organization\",\"name\":\"Vapes Bars | Fren\u00e7h\",\"url\":\"https:\\\/\\\/worldwide.vapes-bars.com\\\/fr\\\/\",\"logo\":{\"@type\":\"ImageObject\",\"inLanguage\":\"en-US\",\"@id\":\"https:\\\/\\\/worldwide.vapes-bars.com\\\/fr\\\/#\\\/schema\\\/logo\\\/image\\\/\",\"url\":\"https:\\\/\\\/i0.wp.com\\\/aza.kpn.mybluehost.me\\\/wp-content\\\/uploads\\\/2023\\\/01\\\/VAPES_BARS_LOGO-02.png?fit=12501%2C12501&ssl=1\",\"contentUrl\":\"https:\\\/\\\/i0.wp.com\\\/aza.kpn.mybluehost.me\\\/wp-content\\\/uploads\\\/2023\\\/01\\\/VAPES_BARS_LOGO-02.png?fit=12501%2C12501&ssl=1\",\"width\":12501,\"height\":12501,\"caption\":\"Vapes Bars | Fren\u00e7h\"},\"image\":{\"@id\":\"https:\\\/\\\/worldwide.vapes-bars.com\\\/fr\\\/#\\\/schema\\\/logo\\\/image\\\/\"},\"sameAs\":[\"https:\\\/\\\/www.facebook.com\\\/VapesBars\",\"https:\\\/\\\/www.instagram.com\\\/vapesbars\\\/\",\"https:\\\/\\\/www.youtube.com\\\/channel\\\/UCl3mP7oVZyDi5BEbmLu_C3Q\"]}]}<\/script>\n<!-- \/ Yoast SEO plugin. -->","yoast_head_json":{"title":"Notre histoire, avec une touche - Vapes Bars | Fren\u00e7h","description":"D\u00e9couvrez l'histoire audacieuse et cr\u00e9ative de Vapes Bars - Une sensation mondiale dans l'industrie de la vape. Rejoignez notre communaut\u00e9 et explorez une innovation infinie dans le monde de la vape !","robots":{"index":"index","follow":"follow","max-snippet":"max-snippet:-1","max-image-preview":"max-image-preview:large","max-video-preview":"max-video-preview:-1"},"canonical":"https:\/\/worldwide.vapes-bars.com\/fr\/the-story-of-us-with-a-twist\/","og_locale":"en_US","og_type":"article","og_title":"Notre histoire, avec une touche - Vapes Bars | Fren\u00e7h","og_description":"D\u00e9couvrez l'histoire audacieuse et cr\u00e9ative de Vapes Bars - Une sensation mondiale dans l'industrie de la vape. Rejoignez notre communaut\u00e9 et explorez une innovation infinie dans le monde de la vape !","og_url":"https:\/\/worldwide.vapes-bars.com\/fr\/the-story-of-us-with-a-twist\/","og_site_name":"Vapes Bars | Fren\u00e7h","article_publisher":"https:\/\/www.facebook.com\/VapesBars","article_modified_time":"2023-10-25T11:22:24+00:00","og_image":[{"width":2560,"height":2560,"url":"https:\/\/worldwide.vapes-bars.com\/fr\/wp-content\/uploads\/2023\/04\/9-EDITED-scaled.jpg","type":"image\/jpeg"}],"twitter_card":"summary_large_image","twitter_misc":{"Est. reading time":"2 minutes"},"schema":{"@context":"https:\/\/schema.org","@graph":[{"@type":"WebPage","@id":"https:\/\/worldwide.vapes-bars.com\/fr\/the-story-of-us-with-a-twist\/","url":"https:\/\/worldwide.vapes-bars.com\/fr\/the-story-of-us-with-a-twist\/","name":"Notre histoire, avec une touche - Vapes Bars | Fren\u00e7h","isPartOf":{"@id":"https:\/\/worldwide.vapes-bars.com\/fr\/#website"},"primaryImageOfPage":{"@id":"https:\/\/worldwide.vapes-bars.com\/fr\/the-story-of-us-with-a-twist\/#primaryimage"},"image":{"@id":"https:\/\/worldwide.vapes-bars.com\/fr\/the-story-of-us-with-a-twist\/#primaryimage"},"thumbnailUrl":"https:\/\/worldwide.vapes-bars.com\/fr\/wp-content\/uploads\/2023\/04\/9-EDITED-scaled.jpg","datePublished":"2023-04-27T10:06:40+00:00","dateModified":"2023-10-25T11:22:24+00:00","description":"D\u00e9couvrez l'histoire audacieuse et cr\u00e9ative de Vapes Bars - Une sensation mondiale dans l'industrie de la vape. Rejoignez notre communaut\u00e9 et explorez une innovation infinie dans le monde de la vape !","breadcrumb":{"@id":"https:\/\/worldwide.vapes-bars.com\/fr\/the-story-of-us-with-a-twist\/#breadcrumb"},"inLanguage":"en-US","potentialAction":[{"@type":"ReadAction","target":["https:\/\/worldwide.vapes-bars.com\/fr\/the-story-of-us-with-a-twist\/"]}]},{"@type":"ImageObject","inLanguage":"en-US","@id":"https:\/\/worldwide.vapes-bars.com\/fr\/the-story-of-us-with-a-twist\/#primaryimage","url":"https:\/\/worldwide.vapes-bars.com\/fr\/wp-content\/uploads\/2023\/04\/9-EDITED-scaled.jpg","contentUrl":"https:\/\/worldwide.vapes-bars.com\/fr\/wp-content\/uploads\/2023\/04\/9-EDITED-scaled.jpg","width":2560,"height":2560,"caption":"Mod\u00e8le f\u00e9minin tenant des barres de vapes Diamond 600 Vape"},{"@type":"BreadcrumbList","@id":"https:\/\/worldwide.vapes-bars.com\/fr\/the-story-of-us-with-a-twist\/#breadcrumb","itemListElement":[{"@type":"ListItem","position":1,"name":"Home","item":"https:\/\/worldwide.vapes-bars.com\/fr\/"},{"@type":"ListItem","position":2,"name":"Notre histoire, avec une touche"}]},{"@type":"WebSite","@id":"https:\/\/worldwide.vapes-bars.com\/fr\/#website","url":"https:\/\/worldwide.vapes-bars.com\/fr\/","name":"Vapes Bars | Fren\u00e7h","description":"Vapes Bars Worldwide","publisher":{"@id":"https:\/\/worldwide.vapes-bars.com\/fr\/#organization"},"potentialAction":[{"@type":"SearchAction","target":{"@type":"EntryPoint","urlTemplate":"https:\/\/worldwide.vapes-bars.com\/fr\/?s={search_term_string}"},"query-input":{"@type":"PropertyValueSpecification","valueRequired":true,"valueName":"search_term_string"}}],"inLanguage":"en-US"},{"@type":"Organization","@id":"https:\/\/worldwide.vapes-bars.com\/fr\/#organization","name":"Vapes Bars | Fren\u00e7h","url":"https:\/\/worldwide.vapes-bars.com\/fr\/","logo":{"@type":"ImageObject","inLanguage":"en-US","@id":"https:\/\/worldwide.vapes-bars.com\/fr\/#\/schema\/logo\/image\/","url":"https:\/\/i0.wp.com\/aza.kpn.mybluehost.me\/wp-content\/uploads\/2023\/01\/VAPES_BARS_LOGO-02.png?fit=12501%2C12501&ssl=1","contentUrl":"https:\/\/i0.wp.com\/aza.kpn.mybluehost.me\/wp-content\/uploads\/2023\/01\/VAPES_BARS_LOGO-02.png?fit=12501%2C12501&ssl=1","width":12501,"height":12501,"caption":"Vapes Bars | Fren\u00e7h"},"image":{"@id":"https:\/\/worldwide.vapes-bars.com\/fr\/#\/schema\/logo\/image\/"},"sameAs":["https:\/\/www.facebook.com\/VapesBars","https:\/\/www.instagram.com\/vapesbars\/","https:\/\/www.youtube.com\/channel\/UCl3mP7oVZyDi5BEbmLu_C3Q"]}]}},"_links":{"self":[{"href":"https:\/\/worldwide.vapes-bars.com\/fr\/wp-json\/wp\/v2\/pages\/10705","targetHints":{"allow":["GET"]}}],"collection":[{"href":"https:\/\/worldwide.vapes-bars.com\/fr\/wp-json\/wp\/v2\/pages"}],"about":[{"href":"https:\/\/worldwide.vapes-bars.com\/fr\/wp-json\/wp\/v2\/types\/page"}],"author":[{"embeddable":true,"href":"https:\/\/worldwide.vapes-bars.com\/fr\/wp-json\/wp\/v2\/users\/2"}],"replies":[{"embeddable":true,"href":"https:\/\/worldwide.vapes-bars.com\/fr\/wp-json\/wp\/v2\/comments?post=10705"}],"version-history":[{"count":5,"href":"https:\/\/worldwide.vapes-bars.com\/fr\/wp-json\/wp\/v2\/pages\/10705\/revisions"}],"predecessor-version":[{"id":12251,"href":"https:\/\/worldwide.vapes-bars.com\/fr\/wp-json\/wp\/v2\/pages\/10705\/revisions\/12251"}],"wp:featuredmedia":[{"embeddable":true,"href":"https:\/\/worldwide.vapes-bars.com\/fr\/wp-json\/wp\/v2\/media\/10820"}],"wp:attachment":[{"href":"https:\/\/worldwide.vapes-bars.com\/fr\/wp-json\/wp\/v2\/media?parent=10705"}],"curies":[{"name":"wp","href":"https:\/\/api.w.org\/{rel}","templated":true}]}}