{"id":10705,"date":"2023-04-27T10:06:40","date_gmt":"2023-04-27T10:06:40","guid":{"rendered":"https:\/\/aza.kpn.mybluehost.me\/?page_id=10705"},"modified":"2023-05-19T12:38:24","modified_gmt":"2023-05-19T12:38:24","slug":"the-story-of-us-with-a-twist","status":"publish","type":"page","link":"https:\/\/worldwide.vapes-bars.com\/es\/the-story-of-us-with-a-twist\/","title":{"rendered":"Nuestra Historia, Con un Giro"},"content":{"rendered":"\t\t<div data-elementor-type=\"wp-page\" data-elementor-id=\"10705\" class=\"elementor elementor-10705\">\n\t\t\t\t\t\t<section class=\"elementor-section elementor-top-section elementor-element elementor-element-362ee35 elementor-section-full_width elementor-section-stretched elementor-section-height-default elementor-section-height-default\" data-id=\"362ee35\" data-element_type=\"section\" data-e-type=\"section\" data-settings=\"{&quot;stretch_section&quot;:&quot;section-stretched&quot;,&quot;background_background&quot;:&quot;classic&quot;}\">\n\t\t\t\t\t\t<div class=\"elementor-container elementor-column-gap-no\">\n\t\t\t\t\t<div class=\"elementor-column elementor-col-100 elementor-top-column elementor-element elementor-element-ffef3ae\" data-id=\"ffef3ae\" data-element_type=\"column\" data-e-type=\"column\">\n\t\t\t<div class=\"elementor-widget-wrap elementor-element-populated\">\n\t\t\t\t\t\t<section class=\"elementor-section elementor-inner-section elementor-element elementor-element-7005c83 elementor-section-boxed elementor-section-height-default elementor-section-height-default\" data-id=\"7005c83\" data-element_type=\"section\" data-e-type=\"section\">\n\t\t\t\t\t\t<div class=\"elementor-container elementor-column-gap-default\">\n\t\t\t\t\t<div class=\"elementor-column elementor-col-100 elementor-inner-column elementor-element elementor-element-f97fb8a\" data-id=\"f97fb8a\" data-element_type=\"column\" data-e-type=\"column\">\n\t\t\t<div class=\"elementor-widget-wrap elementor-element-populated\">\n\t\t\t\t\t\t<div class=\"elementor-element elementor-element-f17bc4d elementor-widget elementor-widget-heading\" data-id=\"f17bc4d\" data-element_type=\"widget\" data-e-type=\"widget\" data-widget_type=\"heading.default\">\n\t\t\t\t<div class=\"elementor-widget-container\">\n\t\t\t\t\t<h2 class=\"elementor-heading-title elementor-size-default\">Nuestra Historia, <\/br>Con un Giro<\/h2>\t\t\t\t<\/div>\n\t\t\t\t<\/div>\n\t\t\t\t\t<\/div>\n\t\t<\/div>\n\t\t\t\t\t<\/div>\n\t\t<\/section>\n\t\t\t\t\t<\/div>\n\t\t<\/div>\n\t\t\t\t\t<\/div>\n\t\t<\/section>\n\t\t\t\t<section class=\"elementor-section elementor-top-section elementor-element elementor-element-1736ddb elementor-section-full_width elementor-section-content-middle elementor-section-stretched elementor-section-height-default elementor-section-height-default\" data-id=\"1736ddb\" data-element_type=\"section\" data-e-type=\"section\" data-settings=\"{&quot;stretch_section&quot;:&quot;section-stretched&quot;,&quot;background_background&quot;:&quot;classic&quot;}\">\n\t\t\t\t\t\t<div class=\"elementor-container elementor-column-gap-no\">\n\t\t\t\t\t<div class=\"elementor-column elementor-col-50 elementor-top-column elementor-element elementor-element-2977d92\" data-id=\"2977d92\" data-element_type=\"column\" data-e-type=\"column\">\n\t\t\t<div class=\"elementor-widget-wrap\">\n\t\t\t\t\t\t\t<\/div>\n\t\t<\/div>\n\t\t\t\t<div class=\"elementor-column elementor-col-50 elementor-top-column elementor-element elementor-element-a8f9efa\" data-id=\"a8f9efa\" data-element_type=\"column\" data-e-type=\"column\">\n\t\t\t<div class=\"elementor-widget-wrap elementor-element-populated\">\n\t\t\t\t\t\t<div class=\"elementor-element elementor-element-f054b6b elementor-widget elementor-widget-heading\" data-id=\"f054b6b\" data-element_type=\"widget\" data-e-type=\"widget\" data-widget_type=\"heading.default\">\n\t\t\t\t<div class=\"elementor-widget-container\">\n\t\t\t\t\t<h2 class=\"elementor-heading-title elementor-size-default\">Audaces. Creativos. Sin L\u00edmites<\/h2>\t\t\t\t<\/div>\n\t\t\t\t<\/div>\n\t\t\t\t<div class=\"elementor-element elementor-element-f0b9653 elementor-widget elementor-widget-text-editor\" data-id=\"f0b9653\" data-element_type=\"widget\" data-e-type=\"widget\" data-widget_type=\"text-editor.default\">\n\t\t\t\t<div class=\"elementor-widget-container\">\n\t\t\t\t\t\t\t\t\t<p>Nuestra historia es realmente la historia de un grupo de apasionados que se unieron con un amor compartido por el vapeo y una visi\u00f3n para crear algo realmente especial. Pusimos todo nuestro coraz\u00f3n y alma en desarrollar sabores nuevos y emocionantes, constantemente desafiando los l\u00edmites de lo que era posible en el mundo del vapeo.<\/p><p>A medida que crecimos, mantuvimos nuestro compromiso con nuestros valores fundamentales de calidad, innovaci\u00f3n y satisfacci\u00f3n del cliente. Quer\u00edamos crear no solo productos, sino una comunidad de vapers con ideas afines que compartieran nuestra pasi\u00f3n por la exploraci\u00f3n y experimentaci\u00f3n. Y eso es exactamente lo que hicimos.<\/p><p>Hoy d\u00eda, somos un actores principales en la industria global del vapeo, con una fuerte presencia en 50 pa\u00edses y contando. Pero nunca olvidamos nuestras ra\u00edces: nuestra historia es realmente la historia de un grupo de amigos que convirtieron su amor por el vapeo en algo verdaderamente notable.<\/p><p>Hoy, Vapes Bars\u00ae se ha convertido en una sensaci\u00f3n global. Pero nuestra historia est\u00e1 lejos de terminar: siempre nos estamos desafiando a nosotros mismos para crear productos nuevos y emocionantes que contin\u00faen inspirando a vapers de todo el mundo.<\/p>\t\t\t\t\t\t\t\t<\/div>\n\t\t\t\t<\/div>\n\t\t\t\t<div class=\"elementor-element elementor-element-217c9f6 elementor-widget elementor-widget-heading\" data-id=\"217c9f6\" data-element_type=\"widget\" data-e-type=\"widget\" data-widget_type=\"heading.default\">\n\t\t\t\t<div class=\"elementor-widget-container\">\n\t\t\t\t\t<h3 class=\"elementor-heading-title elementor-size-default\">\u00a1Vapeemos juntos hacia un futuro m\u00e1s emocionante y repleto de sabor!<\/h3>\t\t\t\t<\/div>\n\t\t\t\t<\/div>\n\t\t\t\t\t<\/div>\n\t\t<\/div>\n\t\t\t\t\t<\/div>\n\t\t<\/section>\n\t\t\t\t<\/div>\n\t\t","protected":false},"excerpt":{"rendered":"<p>Nuestra Historia, Con un Giro Audaces. Creativos. Sin L\u00edmites Nuestra historia es realmente la historia de un grupo de apasionados que se unieron con un amor compartido por el vapeo y una visi\u00f3n para crear algo realmente especial. Pusimos todo nuestro coraz\u00f3n y alma en desarrollar sabores nuevos y emocionantes, constantemente desafiando los l\u00edmites de [&hellip;]<\/p>\n","protected":false},"author":2,"featured_media":0,"parent":0,"menu_order":0,"comment_status":"closed","ping_status":"closed","template":"template-homepage.php","meta":{"_acf_changed":false,"nf_dc_page":"","inline_featured_image":false,"footnotes":""},"class_list":["post-10705","page","type-page","status-publish","hentry"],"acf":[],"yoast_head":"<!-- This site is optimized with the Yoast SEO plugin v27.3 - https:\/\/yoast.com\/product\/yoast-seo-wordpress\/ -->\n<title>Nuestra Historia, Con un Giro - Vapes Bars | Espa\u00f1ol<\/title>\n<meta name=\"robots\" content=\"index, follow, max-snippet:-1, max-image-preview:large, max-video-preview:-1\" \/>\n<link rel=\"canonical\" href=\"https:\/\/worldwide.vapes-bars.com\/es\/the-story-of-us-with-a-twist\/\" \/>\n<meta property=\"og:locale\" content=\"en_US\" \/>\n<meta property=\"og:type\" content=\"article\" \/>\n<meta property=\"og:title\" content=\"Nuestra Historia, Con un Giro - Vapes Bars | Espa\u00f1ol\" \/>\n<meta property=\"og:description\" content=\"Nuestra Historia, Con un Giro Audaces. Creativos. Sin L\u00edmites Nuestra historia es realmente la historia de un grupo de apasionados que se unieron con un amor compartido por el vapeo y una visi\u00f3n para crear algo realmente especial. Pusimos todo nuestro coraz\u00f3n y alma en desarrollar sabores nuevos y emocionantes, constantemente desafiando los l\u00edmites de [&hellip;]\" \/>\n<meta property=\"og:url\" content=\"https:\/\/worldwide.vapes-bars.com\/es\/the-story-of-us-with-a-twist\/\" \/>\n<meta property=\"og:site_name\" content=\"Vapes Bars | Espa\u00f1ol\" \/>\n<meta property=\"article:publisher\" content=\"https:\/\/www.facebook.com\/VapesBars\" \/>\n<meta property=\"article:modified_time\" content=\"2023-05-19T12:38:24+00:00\" \/>\n<meta property=\"og:image\" content=\"https:\/\/worldwide.vapes-bars.com\/es\/wp-content\/uploads\/2023\/04\/9-EDITED-scaled.jpg\" \/>\n<meta name=\"twitter:card\" content=\"summary_large_image\" \/>\n<meta name=\"twitter:label1\" content=\"Est. reading time\" \/>\n\t<meta name=\"twitter:data1\" content=\"2 minutes\" \/>\n<script type=\"application\/ld+json\" class=\"yoast-schema-graph\">{\"@context\":\"https:\\\/\\\/schema.org\",\"@graph\":[{\"@type\":\"WebPage\",\"@id\":\"https:\\\/\\\/worldwide.vapes-bars.com\\\/es\\\/the-story-of-us-with-a-twist\\\/\",\"url\":\"https:\\\/\\\/worldwide.vapes-bars.com\\\/es\\\/the-story-of-us-with-a-twist\\\/\",\"name\":\"Nuestra Historia, Con un Giro - Vapes Bars | Espa\u00f1ol\",\"isPartOf\":{\"@id\":\"https:\\\/\\\/worldwide.vapes-bars.com\\\/es\\\/#website\"},\"primaryImageOfPage\":{\"@id\":\"https:\\\/\\\/worldwide.vapes-bars.com\\\/es\\\/the-story-of-us-with-a-twist\\\/#primaryimage\"},\"image\":{\"@id\":\"https:\\\/\\\/worldwide.vapes-bars.com\\\/es\\\/the-story-of-us-with-a-twist\\\/#primaryimage\"},\"thumbnailUrl\":\"https:\\\/\\\/worldwide.vapes-bars.com\\\/es\\\/wp-content\\\/uploads\\\/2023\\\/04\\\/9-EDITED-scaled.jpg\",\"datePublished\":\"2023-04-27T10:06:40+00:00\",\"dateModified\":\"2023-05-19T12:38:24+00:00\",\"breadcrumb\":{\"@id\":\"https:\\\/\\\/worldwide.vapes-bars.com\\\/es\\\/the-story-of-us-with-a-twist\\\/#breadcrumb\"},\"inLanguage\":\"en-US\",\"potentialAction\":[{\"@type\":\"ReadAction\",\"target\":[\"https:\\\/\\\/worldwide.vapes-bars.com\\\/es\\\/the-story-of-us-with-a-twist\\\/\"]}]},{\"@type\":\"ImageObject\",\"inLanguage\":\"en-US\",\"@id\":\"https:\\\/\\\/worldwide.vapes-bars.com\\\/es\\\/the-story-of-us-with-a-twist\\\/#primaryimage\",\"url\":\"https:\\\/\\\/worldwide.vapes-bars.com\\\/es\\\/wp-content\\\/uploads\\\/2023\\\/04\\\/9-EDITED-scaled.jpg\",\"contentUrl\":\"https:\\\/\\\/worldwide.vapes-bars.com\\\/es\\\/wp-content\\\/uploads\\\/2023\\\/04\\\/9-EDITED-scaled.jpg\"},{\"@type\":\"BreadcrumbList\",\"@id\":\"https:\\\/\\\/worldwide.vapes-bars.com\\\/es\\\/the-story-of-us-with-a-twist\\\/#breadcrumb\",\"itemListElement\":[{\"@type\":\"ListItem\",\"position\":1,\"name\":\"Home\",\"item\":\"https:\\\/\\\/worldwide.vapes-bars.com\\\/es\\\/\"},{\"@type\":\"ListItem\",\"position\":2,\"name\":\"Nuestra Historia, Con un Giro\"}]},{\"@type\":\"WebSite\",\"@id\":\"https:\\\/\\\/worldwide.vapes-bars.com\\\/es\\\/#website\",\"url\":\"https:\\\/\\\/worldwide.vapes-bars.com\\\/es\\\/\",\"name\":\"Vapes Bars | Espa\u00f1ol\",\"description\":\"Vapes Bars \",\"publisher\":{\"@id\":\"https:\\\/\\\/worldwide.vapes-bars.com\\\/es\\\/#organization\"},\"potentialAction\":[{\"@type\":\"SearchAction\",\"target\":{\"@type\":\"EntryPoint\",\"urlTemplate\":\"https:\\\/\\\/worldwide.vapes-bars.com\\\/es\\\/?s={search_term_string}\"},\"query-input\":{\"@type\":\"PropertyValueSpecification\",\"valueRequired\":true,\"valueName\":\"search_term_string\"}}],\"inLanguage\":\"en-US\"},{\"@type\":\"Organization\",\"@id\":\"https:\\\/\\\/worldwide.vapes-bars.com\\\/es\\\/#organization\",\"name\":\"Vapes Bars | Espa\u00f1ol\",\"url\":\"https:\\\/\\\/worldwide.vapes-bars.com\\\/es\\\/\",\"logo\":{\"@type\":\"ImageObject\",\"inLanguage\":\"en-US\",\"@id\":\"https:\\\/\\\/worldwide.vapes-bars.com\\\/es\\\/#\\\/schema\\\/logo\\\/image\\\/\",\"url\":\"https:\\\/\\\/i0.wp.com\\\/aza.kpn.mybluehost.me\\\/wp-content\\\/uploads\\\/2023\\\/01\\\/VAPES_BARS_LOGO-02.png?fit=12501%2C12501&ssl=1\",\"contentUrl\":\"https:\\\/\\\/i0.wp.com\\\/aza.kpn.mybluehost.me\\\/wp-content\\\/uploads\\\/2023\\\/01\\\/VAPES_BARS_LOGO-02.png?fit=12501%2C12501&ssl=1\",\"width\":12501,\"height\":12501,\"caption\":\"Vapes Bars | Espa\u00f1ol\"},\"image\":{\"@id\":\"https:\\\/\\\/worldwide.vapes-bars.com\\\/es\\\/#\\\/schema\\\/logo\\\/image\\\/\"},\"sameAs\":[\"https:\\\/\\\/www.facebook.com\\\/VapesBars\",\"https:\\\/\\\/www.instagram.com\\\/vapesbars\\\/\",\"https:\\\/\\\/www.youtube.com\\\/channel\\\/UCl3mP7oVZyDi5BEbmLu_C3Q\"]}]}<\/script>\n<!-- \/ Yoast SEO plugin. -->","yoast_head_json":{"title":"Nuestra Historia, Con un Giro - Vapes Bars | Espa\u00f1ol","robots":{"index":"index","follow":"follow","max-snippet":"max-snippet:-1","max-image-preview":"max-image-preview:large","max-video-preview":"max-video-preview:-1"},"canonical":"https:\/\/worldwide.vapes-bars.com\/es\/the-story-of-us-with-a-twist\/","og_locale":"en_US","og_type":"article","og_title":"Nuestra Historia, Con un Giro - Vapes Bars | Espa\u00f1ol","og_description":"Nuestra Historia, Con un Giro Audaces. Creativos. Sin L\u00edmites Nuestra historia es realmente la historia de un grupo de apasionados que se unieron con un amor compartido por el vapeo y una visi\u00f3n para crear algo realmente especial. Pusimos todo nuestro coraz\u00f3n y alma en desarrollar sabores nuevos y emocionantes, constantemente desafiando los l\u00edmites de [&hellip;]","og_url":"https:\/\/worldwide.vapes-bars.com\/es\/the-story-of-us-with-a-twist\/","og_site_name":"Vapes Bars | Espa\u00f1ol","article_publisher":"https:\/\/www.facebook.com\/VapesBars","article_modified_time":"2023-05-19T12:38:24+00:00","og_image":[{"url":"https:\/\/worldwide.vapes-bars.com\/es\/wp-content\/uploads\/2023\/04\/9-EDITED-scaled.jpg","type":"","width":"","height":""}],"twitter_card":"summary_large_image","twitter_misc":{"Est. reading time":"2 minutes"},"schema":{"@context":"https:\/\/schema.org","@graph":[{"@type":"WebPage","@id":"https:\/\/worldwide.vapes-bars.com\/es\/the-story-of-us-with-a-twist\/","url":"https:\/\/worldwide.vapes-bars.com\/es\/the-story-of-us-with-a-twist\/","name":"Nuestra Historia, Con un Giro - Vapes Bars | Espa\u00f1ol","isPartOf":{"@id":"https:\/\/worldwide.vapes-bars.com\/es\/#website"},"primaryImageOfPage":{"@id":"https:\/\/worldwide.vapes-bars.com\/es\/the-story-of-us-with-a-twist\/#primaryimage"},"image":{"@id":"https:\/\/worldwide.vapes-bars.com\/es\/the-story-of-us-with-a-twist\/#primaryimage"},"thumbnailUrl":"https:\/\/worldwide.vapes-bars.com\/es\/wp-content\/uploads\/2023\/04\/9-EDITED-scaled.jpg","datePublished":"2023-04-27T10:06:40+00:00","dateModified":"2023-05-19T12:38:24+00:00","breadcrumb":{"@id":"https:\/\/worldwide.vapes-bars.com\/es\/the-story-of-us-with-a-twist\/#breadcrumb"},"inLanguage":"en-US","potentialAction":[{"@type":"ReadAction","target":["https:\/\/worldwide.vapes-bars.com\/es\/the-story-of-us-with-a-twist\/"]}]},{"@type":"ImageObject","inLanguage":"en-US","@id":"https:\/\/worldwide.vapes-bars.com\/es\/the-story-of-us-with-a-twist\/#primaryimage","url":"https:\/\/worldwide.vapes-bars.com\/es\/wp-content\/uploads\/2023\/04\/9-EDITED-scaled.jpg","contentUrl":"https:\/\/worldwide.vapes-bars.com\/es\/wp-content\/uploads\/2023\/04\/9-EDITED-scaled.jpg"},{"@type":"BreadcrumbList","@id":"https:\/\/worldwide.vapes-bars.com\/es\/the-story-of-us-with-a-twist\/#breadcrumb","itemListElement":[{"@type":"ListItem","position":1,"name":"Home","item":"https:\/\/worldwide.vapes-bars.com\/es\/"},{"@type":"ListItem","position":2,"name":"Nuestra Historia, Con un Giro"}]},{"@type":"WebSite","@id":"https:\/\/worldwide.vapes-bars.com\/es\/#website","url":"https:\/\/worldwide.vapes-bars.com\/es\/","name":"Vapes Bars | Espa\u00f1ol","description":"Vapes Bars ","publisher":{"@id":"https:\/\/worldwide.vapes-bars.com\/es\/#organization"},"potentialAction":[{"@type":"SearchAction","target":{"@type":"EntryPoint","urlTemplate":"https:\/\/worldwide.vapes-bars.com\/es\/?s={search_term_string}"},"query-input":{"@type":"PropertyValueSpecification","valueRequired":true,"valueName":"search_term_string"}}],"inLanguage":"en-US"},{"@type":"Organization","@id":"https:\/\/worldwide.vapes-bars.com\/es\/#organization","name":"Vapes Bars | Espa\u00f1ol","url":"https:\/\/worldwide.vapes-bars.com\/es\/","logo":{"@type":"ImageObject","inLanguage":"en-US","@id":"https:\/\/worldwide.vapes-bars.com\/es\/#\/schema\/logo\/image\/","url":"https:\/\/i0.wp.com\/aza.kpn.mybluehost.me\/wp-content\/uploads\/2023\/01\/VAPES_BARS_LOGO-02.png?fit=12501%2C12501&ssl=1","contentUrl":"https:\/\/i0.wp.com\/aza.kpn.mybluehost.me\/wp-content\/uploads\/2023\/01\/VAPES_BARS_LOGO-02.png?fit=12501%2C12501&ssl=1","width":12501,"height":12501,"caption":"Vapes Bars | Espa\u00f1ol"},"image":{"@id":"https:\/\/worldwide.vapes-bars.com\/es\/#\/schema\/logo\/image\/"},"sameAs":["https:\/\/www.facebook.com\/VapesBars","https:\/\/www.instagram.com\/vapesbars\/","https:\/\/www.youtube.com\/channel\/UCl3mP7oVZyDi5BEbmLu_C3Q"]}]}},"_links":{"self":[{"href":"https:\/\/worldwide.vapes-bars.com\/es\/wp-json\/wp\/v2\/pages\/10705","targetHints":{"allow":["GET"]}}],"collection":[{"href":"https:\/\/worldwide.vapes-bars.com\/es\/wp-json\/wp\/v2\/pages"}],"about":[{"href":"https:\/\/worldwide.vapes-bars.com\/es\/wp-json\/wp\/v2\/types\/page"}],"author":[{"embeddable":true,"href":"https:\/\/worldwide.vapes-bars.com\/es\/wp-json\/wp\/v2\/users\/2"}],"replies":[{"embeddable":true,"href":"https:\/\/worldwide.vapes-bars.com\/es\/wp-json\/wp\/v2\/comments?post=10705"}],"version-history":[{"count":40,"href":"https:\/\/worldwide.vapes-bars.com\/es\/wp-json\/wp\/v2\/pages\/10705\/revisions"}],"predecessor-version":[{"id":11990,"href":"https:\/\/worldwide.vapes-bars.com\/es\/wp-json\/wp\/v2\/pages\/10705\/revisions\/11990"}],"wp:attachment":[{"href":"https:\/\/worldwide.vapes-bars.com\/es\/wp-json\/wp\/v2\/media?parent=10705"}],"curies":[{"name":"wp","href":"https:\/\/api.w.org\/{rel}","templated":true}]}}